{"id":78470,"date":"2022-11-21T12:06:24","date_gmt":"2022-11-21T11:06:24","guid":{"rendered":"https:\/\/secureus.se\/produkt\/stromfors-agg-24v-25a\/"},"modified":"2026-04-16T13:08:50","modified_gmt":"2026-04-16T11:08:50","slug":"stromfors-agg-24v-25a","status":"publish","type":"product","link":"https:\/\/secureus.se\/fr\/stromfors-agg-24v-25a\/","title":{"rendered":"Alimentation Batterie de secours 24V 3A"},"content":{"rendered":"<p>SM40 est un dispositif de secours \u00e0 batterie commut\u00e9e primaire 24V 3A \u00e0 haut rendement, parfait pour faire fonctionner tous types d&#039;installations \u00e0 faible courant, alarmes, syst\u00e8mes d&#039;incendie et d&#039;acc\u00e8s. Unit\u00e9 lisse et bien ventil\u00e9e caract\u00e9ris\u00e9e par de petites dimensions et une installation facile et rapide qui dispose d&#039;un support de batterie dans la partie inf\u00e9rieure et d&#039;un support de suspension en trou de serrure.<\/p>\n<p>Laisse une tension de sortie bien filtr\u00e9e et stable qui est prot\u00e9g\u00e9e contre les surcharges et les courts-circuits.<\/p>\n<p>\u00c9quip\u00e9 d&#039;un syst\u00e8me de charge efficace en 2 \u00e9tapes qui charge les batteries rapidement et en toute s\u00e9curit\u00e9.<\/p>\n<p>Peut \u00eatre connect\u00e9 en parall\u00e8le pour obtenir une plus grande puissance de sortie ou compenser les chutes de tension dans les c\u00e2bles.<\/p>\n<p>La tension secteur est indiqu\u00e9e par une LED verte en fa\u00e7ade et les erreurs par une LED rouge.<\/p>\n<p>Sont \u00e9quip\u00e9s d&#039;un relais d&#039;alarme pour les alarmes de panne de courant. Le secteur, la charge et la batterie sont prot\u00e9g\u00e9s par des fusibles.<\/p>\n<p>Peut \u00eatre facilement \u00e9tendu avec des cartes d&#039;alarme SM102 ou des cartes de la s\u00e9rie SPM900. Protection int\u00e9gr\u00e9e contre la d\u00e9charge profonde des batteries.<\/p>\n<p>Les piles ne sont pas incluses.<\/p>","protected":false},"excerpt":{"rendered":"<p>Le SM40 est une batterie de secours primaire commut\u00e9e 24V 3A \u00e0 haut rendement, parfaite pour faire fonctionner tous les types d&#039;installations \u00e0 faible courant, d&#039;alarmes, de syst\u00e8mes d&#039;incendie et de passage. Unit\u00e9 flexible et bien ventil\u00e9e caract\u00e9ris\u00e9e par de petites dimensions et.<\/p>","protected":false},"featured_media":142459,"template":"","meta":{"_acf_changed":false},"product_brand":[],"product_cat":[2721],"product_tag":[2183,3197],"class_list":{"0":"post-78470","1":"product","2":"type-product","3":"status-publish","4":"has-post-thumbnail","6":"product_cat-batteribackuper","7":"product_tag-backup-0-6-a","8":"product_tag-backup-24v","9":"product_shipping_class-tunga-paket","10":"pa_brands-swansons","11":"tm-no-options","13":"first","14":"instock","15":"sale","16":"featured","17":"taxable","18":"shipping-taxable","19":"purchasable","20":"product-type-simple"},"acf":[],"_links":{"self":[{"href":"https:\/\/secureus.se\/fr\/wp-json\/wp\/v2\/product\/78470","targetHints":{"allow":["GET"]}}],"collection":[{"href":"https:\/\/secureus.se\/fr\/wp-json\/wp\/v2\/product"}],"about":[{"href":"https:\/\/secureus.se\/fr\/wp-json\/wp\/v2\/types\/product"}],"wp:featuredmedia":[{"embeddable":true,"href":"https:\/\/secureus.se\/fr\/wp-json\/wp\/v2\/media\/142459"}],"wp:attachment":[{"href":"https:\/\/secureus.se\/fr\/wp-json\/wp\/v2\/media?parent=78470"}],"wp:term":[{"taxonomy":"product_brand","embeddable":true,"href":"https:\/\/secureus.se\/fr\/wp-json\/wp\/v2\/product_brand?post=78470"},{"taxonomy":"product_cat","embeddable":true,"href":"https:\/\/secureus.se\/fr\/wp-json\/wp\/v2\/product_cat?post=78470"},{"taxonomy":"product_tag","embeddable":true,"href":"https:\/\/secureus.se\/fr\/wp-json\/wp\/v2\/product_tag?post=78470"}],"curies":[{"name":"wp","href":"https:\/\/api.w.org\/{rel}","templated":true}]}}