{"id":79571,"date":"2022-03-10T15:40:00","date_gmt":"2022-03-10T14:40:00","guid":{"rendered":"https:\/\/secureus.se\/produkt\/abloy-karmoverforing-ea281-512-mm\/"},"modified":"2026-04-15T17:13:54","modified_gmt":"2026-04-15T15:13:54","slug":"abloy-karmoverforing-ea281-512-mm","status":"publish","type":"product","link":"https:\/\/secureus.se\/fr\/abloy-karmoverforing-ea281-512-mm\/","title":{"rendered":"Transfert de cadre EA281 512 mm \u2013 Assa Abloy"},"content":{"rendered":"<p>Abloy EA281 est un passe-c\u00e2bles encastr\u00e9 con\u00e7u pour prot\u00e9ger le transfert de c\u00e2bles entre la porte et le dormant.<\/p>\n<p>Le plus grand diam\u00e8tre de c\u00e2ble est de \u00d8 7,5 mm.<\/p>\n<p>Pour une s\u00e9curit\u00e9 fonctionnelle accrue, un c\u00e2ble souple multiconducteur doit \u00eatre utilis\u00e9.<\/p>\n<p>Coins arrondis pour un fraisage m\u00e9canique simplifi\u00e9.<\/p>\n<p>EA 281 \u2013 La variante standard, peut \u00eatre utilis\u00e9e dans toutes les portes jusqu&#039;\u00e0 un angle d&#039;ouverture de 180\u00b0.<\/p>","protected":false},"excerpt":{"rendered":"<p>Abloy EA281 est un transfert de c\u00e2bles encastr\u00e9 con\u00e7u pour prot\u00e9ger le transfert de c\u00e2bles entre la porte et le cadre. Le diam\u00e8tre de c\u00e2ble le plus grand est de \u00d8 7,5 mm. Pour une fiabilit\u00e9 fonctionnelle accrue, un c\u00e2ble souple multiconducteur doit \u00eatre utilis\u00e9. Coins arrondis pour<\/p>","protected":false},"featured_media":159172,"template":"","meta":{"_acf_changed":false},"product_brand":[],"product_cat":[2429,2834],"product_tag":[2299,2417,2421],"class_list":{"0":"post-79571","1":"product","2":"type-product","3":"status-publish","4":"has-post-thumbnail","6":"product_cat-ellas","7":"product_cat-ellas-motorlastillbehor","8":"product_tag-ellas-tillbehor-anslutningskabel","9":"product_tag-rel-abloy-ellas","10":"product_tag-rel-installationstillbehor","11":"pa_brands-abloy","12":"tm-no-options","14":"first","15":"instock","16":"sale","17":"featured","18":"taxable","19":"shipping-taxable","20":"purchasable","21":"product-type-simple"},"acf":[],"_links":{"self":[{"href":"https:\/\/secureus.se\/fr\/wp-json\/wp\/v2\/product\/79571","targetHints":{"allow":["GET"]}}],"collection":[{"href":"https:\/\/secureus.se\/fr\/wp-json\/wp\/v2\/product"}],"about":[{"href":"https:\/\/secureus.se\/fr\/wp-json\/wp\/v2\/types\/product"}],"wp:featuredmedia":[{"embeddable":true,"href":"https:\/\/secureus.se\/fr\/wp-json\/wp\/v2\/media\/159172"}],"wp:attachment":[{"href":"https:\/\/secureus.se\/fr\/wp-json\/wp\/v2\/media?parent=79571"}],"wp:term":[{"taxonomy":"product_brand","embeddable":true,"href":"https:\/\/secureus.se\/fr\/wp-json\/wp\/v2\/product_brand?post=79571"},{"taxonomy":"product_cat","embeddable":true,"href":"https:\/\/secureus.se\/fr\/wp-json\/wp\/v2\/product_cat?post=79571"},{"taxonomy":"product_tag","embeddable":true,"href":"https:\/\/secureus.se\/fr\/wp-json\/wp\/v2\/product_tag?post=79571"}],"curies":[{"name":"wp","href":"https:\/\/api.w.org\/{rel}","templated":true}]}}