{"id":79572,"date":"2022-03-10T15:40:00","date_gmt":"2022-03-10T14:40:00","guid":{"rendered":"https:\/\/secureus.se\/produkt\/kabel-ea220-10m-for-el-402502-480-482-580582\/"},"modified":"2026-04-01T13:00:25","modified_gmt":"2026-04-01T11:00:25","slug":"kabel-ea220-10m-for-el-402502-480-482-580582","status":"publish","type":"product","link":"https:\/\/secureus.se\/fr\/kabel-ea220-10m-for-el-402502-480-482-580582\/","title":{"rendered":"C\u00e2ble EA220 10m pour EL 402, 502, 480, 482, 580, 582"},"content":{"rendered":"<p>C\u00e2bles de connexion de 10 m\u00e8tres pour serrures \u00e9lectriques Abloy.<\/p>\n<p>C\u00e2ble multifilaire pour connecter la serrure \u00e0 la bo\u00eete de jonction.<\/p>\n<p>Les c\u00e2bles mesurent 10 m\u00e8tres et sont \u00e9quip\u00e9s d&#039;un connecteur \u00e0 connexion rapide.<\/p>\n<p>Convient aux EL402, EL502, EL480, EL482, EL580, EL582.<\/p>","protected":false},"excerpt":{"rendered":"<p>C\u00e2bles de connexion de 10 m\u00e8tres pour serrures \u00e9lectriques Abloy. C\u00e2ble multibrins pour relier la serrure \u00e0 la bo\u00eete de jonction. Les c\u00e2bles mesurent 10 m\u00e8tres de long et sont \u00e9quip\u00e9s d&#039;un connecteur \u00e0 connexion rapide. Compatible avec EL402, EL502, EL480, EL482, EL580, EL582.<\/p>","protected":false},"featured_media":145102,"template":"","meta":{"_acf_changed":false},"product_brand":[],"product_cat":[2429,2834],"product_tag":[2931,2929,2930,2928,2927,2299,2417],"class_list":{"0":"post-79572","1":"product","2":"type-product","3":"status-publish","4":"has-post-thumbnail","6":"product_cat-ellas","7":"product_cat-ellas-motorlastillbehor","8":"product_tag-abloy-el480","9":"product_tag-abloy-el482","10":"product_tag-abloy-el502","11":"product_tag-abloy-el580","12":"product_tag-abloy-el582","13":"product_tag-ellas-tillbehor-anslutningskabel","14":"product_tag-rel-abloy-ellas","15":"product_shipping_class-postnord-varubrev","16":"pa_brands-abloy","17":"tm-no-options","19":"first","20":"instock","21":"sale","22":"featured","23":"taxable","24":"shipping-taxable","25":"purchasable","26":"product-type-simple"},"acf":[],"_links":{"self":[{"href":"https:\/\/secureus.se\/fr\/wp-json\/wp\/v2\/product\/79572","targetHints":{"allow":["GET"]}}],"collection":[{"href":"https:\/\/secureus.se\/fr\/wp-json\/wp\/v2\/product"}],"about":[{"href":"https:\/\/secureus.se\/fr\/wp-json\/wp\/v2\/types\/product"}],"wp:featuredmedia":[{"embeddable":true,"href":"https:\/\/secureus.se\/fr\/wp-json\/wp\/v2\/media\/145102"}],"wp:attachment":[{"href":"https:\/\/secureus.se\/fr\/wp-json\/wp\/v2\/media?parent=79572"}],"wp:term":[{"taxonomy":"product_brand","embeddable":true,"href":"https:\/\/secureus.se\/fr\/wp-json\/wp\/v2\/product_brand?post=79572"},{"taxonomy":"product_cat","embeddable":true,"href":"https:\/\/secureus.se\/fr\/wp-json\/wp\/v2\/product_cat?post=79572"},{"taxonomy":"product_tag","embeddable":true,"href":"https:\/\/secureus.se\/fr\/wp-json\/wp\/v2\/product_tag?post=79572"}],"curies":[{"name":"wp","href":"https:\/\/api.w.org\/{rel}","templated":true}]}}