{"id":79599,"date":"2022-05-25T11:48:44","date_gmt":"2022-05-25T09:48:44","guid":{"rendered":"https:\/\/secureus.se\/produkt\/abloy-elektriskt-styrt-las-el402-rattvand\/"},"modified":"2026-04-01T13:03:11","modified_gmt":"2026-04-01T11:03:11","slug":"abloy-elektriskt-styrt-las-el402-rattvand","status":"publish","type":"product","link":"https:\/\/secureus.se\/fr\/abloy-elektriskt-styrt-las-el402-rattvand\/","title":{"rendered":"Serrure \u00e0 commande \u00e9lectrique Abloy EL402 \u2013 Face \u00e0 droite"},"content":{"rendered":"<h4>Assa Abloy Serrure \u00e9lectrique \u00e0 pouss\u00e9e EL402 \u00e0 face droite \u2013 Verrouillage s\u00fbr et efficace pour tous les environnements<\/h4>\n<p>L&#039;Assa Abloy EL402 est une serrure \u00e9lectrom\u00e9canique avanc\u00e9e con\u00e7ue pour r\u00e9pondre aux besoins des entr\u00e9es et des espaces publics commerciaux, de bureaux, industriels et multifamiliaux. Avec son verrouillage fiable et flexible, l&#039;EL402 offre une s\u00e9curit\u00e9 et une commodit\u00e9 optimales.<\/p>\n<h4>Domaines d&#039;utilisation<\/h4>\n<p>Assa Abloy EL402 est parfait pour le verrouillage de jour et le verrouillage interne dans\u00a0:<\/p>\n<ul>\n<li><strong>Commerce<\/strong><\/li>\n<li><strong>Bureau<\/strong><\/li>\n<li><strong>Industrie<\/strong><\/li>\n<li><strong>Entr\u00e9es et espaces publics dans les immeubles \u00e0 appartements<\/strong><\/li>\n<\/ul>\n<p>La serrure peut \u00eatre int\u00e9gr\u00e9e \u00e0 diverses fonctions de contr\u00f4le telles qu&#039;un syst\u00e8me d&#039;acc\u00e8s, une serrure \u00e0 code, un bouton-poussoir et une minuterie, ce qui la rend id\u00e9ale pour les solutions de s\u00e9curit\u00e9 modernes.<\/p>\n<h4>Caract\u00e9ristiques et avantages<\/h4>\n<ul>\n<li><strong>Profondeur de mandrin r\u00e9glable<\/strong>: Personnalisez la serrure avec une profondeur de mandrin de 25, 28, 30, 33 ou 35 mm.<\/li>\n<li><strong>Bo\u00eetier double fonction<\/strong>: \u00c9tui \u00e0 double fonction verrouillable qui offre s\u00e9curit\u00e9 et commodit\u00e9.<\/li>\n<li><strong>Direction \u00e9lectrique<\/strong>: Le verrouillage peut \u00eatre annul\u00e9 par commande \u00e9lectrique ou par cylindre\/bouton.<\/li>\n<li><strong>Installation \u00e0 gauche et \u00e0 droite<\/strong>: Facilement r\u00e9glable pour les portes battantes \u00e0 droite et \u00e0 gauche.<\/li>\n<li><strong>Fonction avant ou arri\u00e8re<\/strong>: Peut \u00eatre commut\u00e9 entre la fonction avant et arri\u00e8re.<\/li>\n<li><strong>Installation facile<\/strong>: Tous les c\u00e2bles sont fournis avec des connecteurs pour une installation facile avec le c\u00e2ble de connexion EA220.<\/li>\n<li><strong>Montage<\/strong>: Peut \u00eatre mont\u00e9 horizontalement pour une utilisation flexible.<\/li>\n<\/ul>\n<h4>Sp\u00e9cifications techniques<\/h4>\n<ul>\n<li><strong>Tension<\/strong>: 12 \u2013 24 VCC (-10%\/+15%)<\/li>\n<li><strong>Consommation d&#039;\u00e9nergie<\/strong>: Max 550 mA (12 VCC), Repos 240 mA (12 VCC), Max 270 mA (24 VCC), Repos 110 mA (24 VCC)<\/li>\n<li><strong>Plage de temp\u00e9rature<\/strong>: -20\u00b0C \u00e0 +60\u00b0C<\/li>\n<li><strong>Saillie de la r\u00e8gle du cas<\/strong>: 14 mm<\/li>\n<li><strong>Profondeur du mandrin<\/strong>: R\u00e9glable 25, 28, 30, 33 et 35 mm<\/li>\n<li><strong>Poste<\/strong>: 25 mm<\/li>\n<li><strong>Espace de porte<\/strong>: 3 \u2013 5mm<\/li>\n<\/ul>\n<h4>Accessoires<\/h4>\n<ul>\n<li><strong>Cylindres ovales scandinaves<\/strong><\/li>\n<li><strong>Plaque d&#039;extr\u00e9mit\u00e9<\/strong>: ABLOY 4613, 4614, EA308 ou 443608 pour portes battantes<\/li>\n<li><strong>C\u00e2ble de connexion EA220<\/strong>: 10 m<\/li>\n<li><strong>Transmission par c\u00e2ble<\/strong>: EA280\/EA281<\/li>\n<\/ul>\n<h4>Solution de s\u00e9curit\u00e9 fiable<\/h4>\n<p>L&#039;Assa Abloy EL402 est la solution id\u00e9ale pour garantir la s\u00e9curit\u00e9 et la commodit\u00e9 dans une vari\u00e9t\u00e9 d&#039;environnements. Avec sa construction robuste et ses fonctionnalit\u00e9s avanc\u00e9es, cette serrure \u00e9lectrom\u00e9canique est parfaite pour une int\u00e9gration de s\u00e9curit\u00e9 moderne. Choisissez Assa Abloy EL402 pour une solution de s\u00e9curit\u00e9 fiable et flexible.<\/p>\n<p><a href=\"https:\/\/static-mpc-spear-production.assaabloy.com\/asfe\/\/Fetchfile.aspx?id=45330\" rel=\"noopener\">Fiche produit<\/a><\/p>","protected":false},"excerpt":{"rendered":"<header class=\"product-header\" role=\"banner\">\n<div class=\"short description product-short-description\">L&#039;Assa Abloy EL402 est une serrure \u00e9lectrom\u00e9canique avec une profondeur de mandrin r\u00e9glable et un bo\u00eetier \u00e0 double fonction verrouillable. Id\u00e9ale pour un usage commercial, de bureau et industriel, cette serrure offre s\u00e9curit\u00e9 et commodit\u00e9 gr\u00e2ce \u00e0 une commande \u00e9lectrique et une installation facile. Adaptable pour les portes \u00e0 droite et \u00e0 gauche.<\/div>\n<\/header>","protected":false},"featured_media":144393,"template":"","meta":{"_acf_changed":false},"product_brand":[],"product_cat":[2429],"product_tag":[3131,2286],"class_list":{"0":"post-79599","1":"product","2":"type-product","3":"status-publish","4":"has-post-thumbnail","6":"product_cat-ellas","7":"product_tag-el402","8":"product_tag-ellas-eltryckeslas","9":"product_shipping_class-tunga-paket","10":"pa_brands-abloy","11":"tm-no-options","13":"first","14":"instock","15":"sale","16":"featured","17":"taxable","18":"shipping-taxable","19":"purchasable","20":"product-type-simple"},"acf":[],"_links":{"self":[{"href":"https:\/\/secureus.se\/fr\/wp-json\/wp\/v2\/product\/79599","targetHints":{"allow":["GET"]}}],"collection":[{"href":"https:\/\/secureus.se\/fr\/wp-json\/wp\/v2\/product"}],"about":[{"href":"https:\/\/secureus.se\/fr\/wp-json\/wp\/v2\/types\/product"}],"wp:featuredmedia":[{"embeddable":true,"href":"https:\/\/secureus.se\/fr\/wp-json\/wp\/v2\/media\/144393"}],"wp:attachment":[{"href":"https:\/\/secureus.se\/fr\/wp-json\/wp\/v2\/media?parent=79599"}],"wp:term":[{"taxonomy":"product_brand","embeddable":true,"href":"https:\/\/secureus.se\/fr\/wp-json\/wp\/v2\/product_brand?post=79599"},{"taxonomy":"product_cat","embeddable":true,"href":"https:\/\/secureus.se\/fr\/wp-json\/wp\/v2\/product_cat?post=79599"},{"taxonomy":"product_tag","embeddable":true,"href":"https:\/\/secureus.se\/fr\/wp-json\/wp\/v2\/product_tag?post=79599"}],"curies":[{"name":"wp","href":"https:\/\/api.w.org\/{rel}","templated":true}]}}