{"id":79602,"date":"2022-03-10T15:40:00","date_gmt":"2022-03-10T14:40:00","guid":{"rendered":"https:\/\/secureus.se\/produkt\/abloy-solenoidlas-el502-rattvand\/"},"modified":"2026-04-01T13:02:02","modified_gmt":"2026-04-01T11:02:02","slug":"abloy-solenoidlas-el502-rattvand","status":"publish","type":"product","link":"https:\/\/secureus.se\/fr\/abloy-solenoidlas-el502-rattvand\/","title":{"rendered":"Serrure sol\u00e9no\u00efde Abloy EL502 face \u00e0 droite"},"content":{"rendered":"<p>La serrure \u00e9lectromagn\u00e9tique EL502 est adapt\u00e9e aux portes \u00e0 haute fr\u00e9quence avec des niches modulaires. La serrure convient parfaitement comme fermeture de jour et fermeture int\u00e9rieure dans le commerce, les bureaux et l&#039;industrie ou dans les entr\u00e9es et les espaces publics des immeubles collectifs. Adapt\u00e9 pour le montage avec l&#039;automatisation de la porte. EL502 ne doit PAS \u00eatre utilis\u00e9 comme fonction de confinement d\u2019incendie dans les limites de la cellule coupe-feu et ne doit PAS \u00eatre expos\u00e9 \u00e0 une pression de bande. Fonction orient\u00e9e vers la droite. Le verrouillage est annul\u00e9 par commande \u00e9lectrique ou par cylindre\/bouton. Lorsque le verrouillage est lib\u00e9r\u00e9, la porte peut \u00eatre tir\u00e9e\/couliss\u00e9e pour l&#039;ouvrir. Les valises \u00e0 double fonction ne sont pas r\u00e9tract\u00e9es mais repli\u00e9es.<br \/>\nTension : 12 \u2013 24 VCC (-10% +15%)<br \/>\nConsommation de courant \u00e0 24 VDC\u00a0: repos 0 mA, fonctionnement 110 mA, d\u00e9marrage 270 mA (d\u00e9marrage &lt;0,1 s)<br \/>\nPlage de temp\u00e9rature : -20 \u00e0 +60\u00b0C<br \/>\nSaillie de la r\u00e8gle de chute : 14 mm<br \/>\nProfondeur du mandrin : 50 mm<br \/>\nPoteau : 22 mm<br \/>\nPlaque d&#039;extr\u00e9mit\u00e9 : LP711<br \/>\nC\u00e2ble de connexion : EA220<br \/>\nEspace de porte : 3 \u2013 5 mm<\/p>\n<p>Num\u00e9ro d&#039;article du fournisseur : 1005020000<\/p>","protected":false},"excerpt":{"rendered":"<p>Solenoidl\u00e5s EL502 \u00e4r anpassad f\u00f6r h\u00f6gfrekventa d\u00f6rrar med modulurtag. L\u00e5set passar bra som dagl\u00e5sning och intern l\u00e5sning inom handel, kontor och industri eller i entr\u00e9er och allm\u00e4nna utrymmen i flerfamiljshus.<\/p>","protected":false},"featured_media":140894,"template":"","meta":{"_acf_changed":false},"product_brand":[],"product_cat":[2429],"product_tag":[2930,2287,2417],"class_list":{"0":"post-79602","1":"product","2":"type-product","3":"status-publish","4":"has-post-thumbnail","6":"product_cat-ellas","7":"product_tag-abloy-el502","8":"product_tag-ellas-solenoidlas","9":"product_tag-rel-abloy-ellas","10":"product_shipping_class-tunga-paket","11":"pa_brands-abloy","12":"tm-no-options","14":"first","15":"instock","16":"sale","17":"featured","18":"taxable","19":"shipping-taxable","20":"purchasable","21":"product-type-simple"},"acf":[],"_links":{"self":[{"href":"https:\/\/secureus.se\/fr\/wp-json\/wp\/v2\/product\/79602","targetHints":{"allow":["GET"]}}],"collection":[{"href":"https:\/\/secureus.se\/fr\/wp-json\/wp\/v2\/product"}],"about":[{"href":"https:\/\/secureus.se\/fr\/wp-json\/wp\/v2\/types\/product"}],"wp:featuredmedia":[{"embeddable":true,"href":"https:\/\/secureus.se\/fr\/wp-json\/wp\/v2\/media\/140894"}],"wp:attachment":[{"href":"https:\/\/secureus.se\/fr\/wp-json\/wp\/v2\/media?parent=79602"}],"wp:term":[{"taxonomy":"product_brand","embeddable":true,"href":"https:\/\/secureus.se\/fr\/wp-json\/wp\/v2\/product_brand?post=79602"},{"taxonomy":"product_cat","embeddable":true,"href":"https:\/\/secureus.se\/fr\/wp-json\/wp\/v2\/product_cat?post=79602"},{"taxonomy":"product_tag","embeddable":true,"href":"https:\/\/secureus.se\/fr\/wp-json\/wp\/v2\/product_tag?post=79602"}],"curies":[{"name":"wp","href":"https:\/\/api.w.org\/{rel}","templated":true}]}}