{"id":81579,"date":"2023-03-17T10:37:52","date_gmt":"2023-03-17T09:37:52","guid":{"rendered":"https:\/\/secureus.se\/produkt\/monteringsfaste-ir-detektor-utomhus-vit\/"},"modified":"2026-03-10T11:03:21","modified_gmt":"2026-03-10T10:03:21","slug":"ajax-smart-bracket-faste-detektor-vit","status":"publish","type":"product","link":"https:\/\/secureus.se\/fr\/ajax-smart-bracket-faste-detektor-vit\/","title":{"rendered":"Support de fixation Ajax Smart Bracket - Pi\u00e8ce de rechange - Support de montage pour d\u00e9tecteur IR ext\u00e9rieur blanc"},"content":{"rendered":"<div class=\"flex-1 overflow-hidden\">\n<div class=\"h-full\">\n<div class=\"react-scroll-to-bottom--css-lsyet-79elbk h-full\">\n<div class=\"react-scroll-to-bottom--css-lsyet-1n7m0yu\">\n<div class=\"flex flex-col text-sm md:pb-9\">\n<article class=\"w-full scroll-mb-[var(--thread-trailing-height)] text-token-text-primary focus-visible:outline-2 focus-visible:outline-offset-[-4px]\" dir=\"auto\" data-testid=\"conversation-turn-421\" data-scroll-anchor=\"true\">\n<div class=\"m-auto text-base py-[18px] px-3 md:px-4 w-full md:px-5 lg:px-4 xl:px-5\">\n<div class=\"mx-auto flex flex-1 gap-4 text-base md:gap-5 lg:gap-6 md:max-w-3xl lg:max-w-[40rem] xl:max-w-[48rem]\">\n<div class=\"group\/conversation-turn relative flex w-full min-w-0 flex-col agent-turn\">\n<div class=\"flex-col gap-1 md:gap-3\">\n<div class=\"flex max-w-full flex-col flex-grow\">\n<div class=\"min-h-8 text-message flex w-full flex-col items-end gap-2 whitespace-normal break-words [.text-message+&amp;]:mt-5\" dir=\"auto\" data-message-author-role=\"assistant\" data-message-id=\"f66cc043-0a9e-444c-8c13-f2657210bf8d\" data-message-model-slug=\"gpt-4o-mini\">\n<div class=\"flex w-full flex-col gap-1 empty:hidden first:pt-[3px]\">\n<div class=\"markdown prose w-full break-words dark:prose-invert light\">\n<h3><strong>Ajax Smart Bracket Monteringsf\u00e4ste IR Detektor Utomhus Vit<\/strong> \u00e4r designad f\u00f6r att ge en stabil och s\u00e4ker installation av Ajax IR-detektorer i utomhusmilj\u00f6er.<\/h3>\n<p>Detta monteringsf\u00e4ste erbjuder en enkel och flexibel l\u00f6sning f\u00f6r att installera r\u00f6relsedetektorer p\u00e5 vertikala ytor eller i h\u00f6rn, vilket g\u00f6r det perfekt f\u00f6r b\u00e5de privata bost\u00e4der och f\u00f6retagsomr\u00e5den som kr\u00e4ver effektiv \u00f6vervakning utomhus.<\/p>\n<p><strong>Smidig Installation och Flexibel Montering<\/strong><br \/>\nF\u00f6r att installera Ajax Smart Bracket Monteringsf\u00e4ste, ta bort monteringspanelen fr\u00e5n detektorn och f\u00e4st den p\u00e5 en vertikal yta eller i ett h\u00f6rn av rummet med hj\u00e4lp av dubbelh\u00e4ftande tejp eller andra tillf\u00e4lliga f\u00e4sten.<\/p>\n<p>Den rekommenderade installationsh\u00f6jden \u00e4r 2,4 meter f\u00f6r att s\u00e4kerst\u00e4lla b\u00e4sta m\u00f6jliga detektion och funktion. F\u00f6r att s\u00e4kerst\u00e4lla optimal signalstyrka, k\u00f6r ett signalstyrketest f\u00f6r att verifiera att systemet fungerar stabilt. Om signalstyrkan \u00e4r f\u00f6r l\u00e5g efter installation kan det vara n\u00f6dv\u00e4ndigt att flytta enheten, d\u00e5 \u00e4ven en liten justering kan avsev\u00e4rt f\u00f6rb\u00e4ttra mottagningen.<\/p>\n<p><strong>Optimal Signalstyrka och Detektionszon<\/strong><br \/>\nAjax Smart Bracket \u00e4r utrustad med en funktion som g\u00f6r det m\u00f6jligt att testa och justera signalstyrkan f\u00f6r b\u00e4sta m\u00f6jliga prestanda.<\/p>\n<p>Den rekommenderade signalstyrkan \u00e4r tv\u00e5 till tre staplar p\u00e5 enheten. Om signalen \u00e4r f\u00f6r l\u00e5g eller instabil, kan ompositionering av enheten hj\u00e4lpa till att f\u00f6rb\u00e4ttra signalstyrkan.<\/p>\n<p>Vid fortsatt l\u00e5g signalstyrka kan en <strong>ReX 2 radiosignalavst\u00e5ndsf\u00f6rl\u00e4ngare<\/strong> anv\u00e4ndas f\u00f6r att f\u00f6rst\u00e4rka signalen och stabilisera kommunikationen.<\/p>\n<p><strong>F\u00f6rb\u00e4ttrad Detektionszon och Anpassning<\/strong><br \/>\nF\u00f6r att optimera detektorns detektionszon kan du enkelt kontrollera och testa r\u00f6relsedetektorn genom att g\u00e5 runt i omr\u00e5det och observera lysdioden p\u00e5 enheten.<\/p>\n<p>Detta g\u00f6r det m\u00f6jligt att se exakt var detektorn f\u00e5ngar r\u00f6relse, vilket ger ett st\u00f6rre och mer exakt detektionsomr\u00e5de. Om detektorn inte reagerar p\u00e5 r\u00f6relse under testet i flera f\u00f6rs\u00f6k, rekommenderas att flytta enheten f\u00f6r att f\u00e5 b\u00e4ttre t\u00e4ckning.<\/p>\n<p><strong>H\u00e5llbar och P\u00e5litlig Montering f\u00f6r Utomhusbruk<\/strong><br \/>\nMonteringsf\u00e4stet \u00e4r designat f\u00f6r att s\u00e4kerst\u00e4lla en s\u00e4ker och h\u00e5llbar installation av IR-detektorer utomhus.<\/p>\n<p>Smart Bracket panelen \u00e4r byggd f\u00f6r att klara av p\u00e5frestningar fr\u00e5n v\u00e4der och vind, och installationen sker enkelt med de medf\u00f6ljande skruvarna. F\u00e4stpanelerna har speciella h\u00e5l f\u00f6r att g\u00f6ra installationen smidig och s\u00e4ker.<\/p>\n<p><strong>Kompatibilitet och Enkel Anv\u00e4ndning<\/strong><br \/>\nSmart Bracket \u00e4r kompatibelt med Ajax r\u00f6relsedetektorer och andra kameror som anv\u00e4nder <strong>Jeweller<\/strong> och <strong>Wings<\/strong>-protokollen, vilket g\u00f6r installationen enkel och effektiv.<\/p>\n<p>F\u00f6r b\u00e4sta m\u00f6jliga prestanda rekommenderas det att k\u00f6ra ett signaltest efter installationen f\u00f6r att s\u00e4kerst\u00e4lla att detektorn fungerar optimalt.<\/p>\n<p><strong>Specifikationer<\/strong>:<\/p>\n<ul>\n<li><strong>Kompatibilitet<\/strong>: Ajax r\u00f6relsedetektorer och kameror som anv\u00e4nder Jeweller\/Wings-protokollen<\/li>\n<li><strong>Material<\/strong>: Plast (vit)<\/li>\n<li><strong>F\u00e4rg<\/strong>: Vit<\/li>\n<li><strong>Installationsh\u00f6jd<\/strong>: Rekommenderad h\u00f6jd 2,4 meter<\/li>\n<li><strong>Montering<\/strong>: Vertikal yta eller h\u00f6rn<\/li>\n<li><strong>Signalstyrka<\/strong>: Justerbar f\u00f6r optimal kommunikation<\/li>\n<li><strong>Installationsmetod<\/strong>: Skruvinstallation eller dubbelh\u00e4ftande tejp<\/li>\n<li><strong>V\u00e4derbest\u00e4ndighet<\/strong>: L\u00e4mplig f\u00f6r utomhusbruk<\/li>\n<li><strong>Testfunktion<\/strong>: Signalstyrketester och detektionszontester<\/li>\n<\/ul>\n<p><strong>F\u00f6rpackningen Inneh\u00e5ller<\/strong>:<\/p>\n<ul>\n<li>1 x Ajax Smart Bracket Monteringsf\u00e4ste IR Detektor Utomhus Vit<\/li>\n<li>Skruvar f\u00f6r installation<\/li>\n<li>Snabbstartsguide<\/li>\n<\/ul>\n<p><strong>Slutsats<\/strong>:<br \/>\nMed <strong>Ajax Smart Bracket Monteringsf\u00e4ste IR Detektor Utomhus Vit<\/strong> f\u00e5r du en p\u00e5litlig och flexibel l\u00f6sning f\u00f6r att installera Ajax IR-detektorer i utomhusmilj\u00f6er.<\/p>\n<p>Det g\u00f6r installationen snabb och effektiv samtidigt som det ger optimal detektion och signalstyrka. Med enkel installation, h\u00e5llbar konstruktion och justerbar detektionszon, \u00e4r Ajax Smart Bracket den perfekta l\u00f6sningen f\u00f6r s\u00e4ker installation och funktion av Ajax s\u00e4kerhetssystem<\/p>\n<\/div>\n<\/div>\n<\/div>\n<\/div>\n<\/div>\n<\/div>\n<\/div>\n<\/div>\n<\/article>\n<\/div>\n<\/div>\n<\/div>\n<\/div>\n<\/div>\n<p>&nbsp;<\/p>\n","protected":false},"excerpt":{"rendered":"<p>Le support de montage Ajax Smart Bracket pour d\u00e9tecteur IR ext\u00e9rieur blanc est une solution fiable et flexible pour installer les d\u00e9tecteurs IR Ajax \u00e0 l&#039;ext\u00e9rieur.<\/p>\n<p>Ce support facilite le montage et optimise les performances du d\u00e9tecteur dans toutes les conditions m\u00e9t\u00e9orologiques, avec une force de signal r\u00e9glable pour une s\u00e9curit\u00e9 efficace.<\/p>","protected":false},"featured_media":0,"template":"","meta":{"_acf_changed":false},"product_brand":[],"product_cat":[3128],"product_tag":[],"class_list":{"0":"post-81579","1":"product","2":"type-product","3":"status-publish","5":"product_cat-ajax-reservdelar-fasten","6":"product_shipping_class-postnord-varubrev","7":"pa_brands-ajax-systems","8":"pa_color-vit","9":"pa_farg-vit","10":"tm-no-options","12":"first","13":"instock","14":"sale","15":"featured","16":"taxable","17":"shipping-taxable","18":"purchasable","19":"product-type-simple"},"acf":[],"_links":{"self":[{"href":"https:\/\/secureus.se\/fr\/wp-json\/wp\/v2\/product\/81579","targetHints":{"allow":["GET"]}}],"collection":[{"href":"https:\/\/secureus.se\/fr\/wp-json\/wp\/v2\/product"}],"about":[{"href":"https:\/\/secureus.se\/fr\/wp-json\/wp\/v2\/types\/product"}],"wp:attachment":[{"href":"https:\/\/secureus.se\/fr\/wp-json\/wp\/v2\/media?parent=81579"}],"wp:term":[{"taxonomy":"product_brand","embeddable":true,"href":"https:\/\/secureus.se\/fr\/wp-json\/wp\/v2\/product_brand?post=81579"},{"taxonomy":"product_cat","embeddable":true,"href":"https:\/\/secureus.se\/fr\/wp-json\/wp\/v2\/product_cat?post=81579"},{"taxonomy":"product_tag","embeddable":true,"href":"https:\/\/secureus.se\/fr\/wp-json\/wp\/v2\/product_tag?post=81579"}],"curies":[{"name":"wp","href":"https:\/\/api.w.org\/{rel}","templated":true}]}}