{"id":81627,"date":"2022-11-28T12:53:46","date_gmt":"2022-11-28T11:53:46","guid":{"rendered":"https:\/\/secureus.se\/produkt\/monteringsfaste-manoverpanel-desfire-svart\/"},"modified":"2026-03-10T11:01:04","modified_gmt":"2026-03-10T10:01:04","slug":"ajax-smart-bracket-faste-manoverpanel-desfire-svart","status":"publish","type":"product","link":"https:\/\/secureus.se\/fr\/ajax-smart-bracket-faste-manoverpanel-desfire-svart\/","title":{"rendered":"Support intelligent Ajax - Pi\u00e8ce de rechange - Support de montage \/ accessoires - Panneau de commande DESFire noir"},"content":{"rendered":"<h3><strong>Support de montage Ajax Smart Bracket pour panneau de commande DESFire - Installation facile et stable de votre panneau de commande<\/strong><\/h3>\n<p>Support de montage Ajax Smart Bracket pour panneau de commande DESFire est une solution efficace et fiable pour installer votre panneau de commande Ajax rapidement et en toute s\u00e9curit\u00e9.<\/p>\n<p>Le panneau de contr\u00f4le est un \u00e9l\u00e9ment cl\u00e9 du syst\u00e8me de s\u00e9curit\u00e9 Ajax et est utilis\u00e9 pour contr\u00f4ler et surveiller votre alarme.<\/p>\n<p>Pour garantir des performances optimales de cette unit\u00e9, il est crucial qu&#039;elle soit mont\u00e9e au bon endroit, et le support intelligent rend l&#039;installation \u00e0 la fois facile et durable.<\/p>\n<p><strong>Installation fluide et placement flexible<\/strong><\/p>\n<p>Le support de montage Smart Bracket est con\u00e7u pour rendre l&#039;installation de votre panneau de commande DESFire rapide et facile.<\/p>\n<p>Le support peut \u00eatre install\u00e9 sur une surface verticale ou dans un coin, vous permettant de personnaliser l&#039;emplacement en fonction de votre solution de s\u00e9curit\u00e9 sp\u00e9cifique.<\/p>\n<p>La hauteur d&#039;installation recommand\u00e9e est de 2,4 m\u00e8tres pour un acc\u00e8s et une visibilit\u00e9 optimaux.<\/p>\n<p>Pour installer le support, retirez le panneau de support pr\u00e9install\u00e9 du panneau de commande et fixez le panneau Smart Bracket \u00e0 la surface s\u00e9lectionn\u00e9e avec du ruban adh\u00e9sif double face ou des vis pour une installation plus permanente.<\/p>\n<p>Une fois le support en place, vous pouvez ajuster rapidement et facilement la position du panneau de commande pour garantir que le signal entre le panneau et le hub du syst\u00e8me Ajax est fort et stable.<\/p>\n<p>Si la force du signal est faible ou instable apr\u00e8s l&#039;installation, vous pouvez ajuster le panneau ou utiliser un prolongateur de port\u00e9e de signal radio ReX 2 pour am\u00e9liorer la port\u00e9e.<\/p>\n<p><strong>Optimiser les performances et la s\u00e9curit\u00e9<\/strong><\/p>\n<p>Pour garantir le fonctionnement optimal de votre syst\u00e8me de s\u00e9curit\u00e9 Ajax, il est important que le panneau de commande soit correctement mont\u00e9 et positionn\u00e9.<\/p>\n<p>Le support de montage Smart Bracket offre une solution s\u00e9curis\u00e9e qui permet \u00e0 votre panneau de commande DESFire de fonctionner au plus haut niveau.<\/p>\n<p>L&#039;installation stable emp\u00eache le panneau d&#039;\u00eatre endommag\u00e9 ou la perte de signaux pendant le fonctionnement, offrant ainsi une exp\u00e9rience utilisateur fiable et s\u00fbre.<\/p>\n<p>Le support permet \u00e9galement de cr\u00e9er une solution de s\u00e9curit\u00e9 personnalis\u00e9e en pla\u00e7ant facilement le panneau de commande \u00e0 l&#039;endroit le plus appropri\u00e9 de votre maison ou de votre entreprise.<\/p>\n<p>En optimisant l&#039;installation et la force du signal, vous tirez le meilleur parti de votre syst\u00e8me de s\u00e9curit\u00e9, offrant ainsi une protection de haute qualit\u00e9 \u00e0 votre propri\u00e9t\u00e9.<\/p>\n<p><strong>Compatibilit\u00e9 et personnalisation pour toutes les installations<\/strong><\/p>\n<p>Le support de montage pour panneau de commande Smart Bracket DESFire est compatible avec tous les panneaux de commande Ajax et offre une solution flexible pour l&#039;installation de nouveaux syst\u00e8mes et de mises \u00e0 niveau.<\/p>\n<p>Que vous installiez un tout nouveau syst\u00e8me de s\u00e9curit\u00e9 ou remplaciez un ancien panneau, ce support offre une installation stable et s\u00e9curis\u00e9e.<\/p>\n<p>Le support convient aux environnements r\u00e9sidentiels et commerciaux et permet aux utilisateurs de cr\u00e9er une installation personnalis\u00e9e qui r\u00e9pond le mieux \u00e0 leurs besoins de s\u00e9curit\u00e9.<\/p>\n<p>L&#039;installation peut \u00eatre effectu\u00e9e rapidement et facilement sans aucune connaissance sp\u00e9cialis\u00e9e, ce qui en fait une solution id\u00e9ale pour les professionnels et les bricoleurs.<\/p>\n<p><strong>Conception robuste et utilisation simple<\/strong><\/p>\n<p>Le support de montage Smart Bracket est fabriqu\u00e9 \u00e0 partir de mat\u00e9riaux durables qui r\u00e9sistent \u00e0 la fois au stress et \u00e0 une utilisation \u00e0 long terme.<\/p>\n<p>Il est \u00e9galement con\u00e7u pour r\u00e9sister aux dommages et aux contraintes externes, ce qui en fait une solution fiable pour une utilisation int\u00e9rieure et ext\u00e9rieure.<\/p>\n<p>Avec l&#039;application Ajax, vous pouvez facilement v\u00e9rifier et tester la force du signal, et ajuster la position du panneau de commande si n\u00e9cessaire pour optimiser les performances du syst\u00e8me.<\/p>\n<p><strong>Caract\u00e9ristiques:<\/strong><\/p>\n<ul>\n<li><strong>Type d&#039;accessoires :<\/strong> Support de montage pour panneau de contr\u00f4le Ajax DESFire<\/li>\n<li><strong>Hauteur d&#039;installation :<\/strong> Recommand\u00e9 2,4 m\u00e8tres<\/li>\n<li><strong>M\u00e9thode d&#039;installation :<\/strong> Se fixe aux surfaces verticales ou aux coins<\/li>\n<li><strong>Mat\u00e9riel:<\/strong> Durable et r\u00e9sistant aux intemp\u00e9ries<\/li>\n<li><strong>Compatibilit\u00e9:<\/strong> Compatible avec les panneaux de contr\u00f4le Ajax DESFire<\/li>\n<li><strong>Test de force du signal\u00a0:<\/strong> Oui, via l&#039;application Ajax<\/li>\n<li><strong>Attaches\u00a0:<\/strong> Comprend des vis et la possibilit\u00e9 d&#039;utiliser d&#039;autres fixations<\/li>\n<\/ul>\n<p><strong>Conclusion:<\/strong><\/p>\n<p>Le support de montage Ajax Smart Bracket pour panneau de contr\u00f4le DESFire est une solution fiable et simple pour installer votre panneau de contr\u00f4le et garantir le fonctionnement optimal de votre syst\u00e8me de s\u00e9curit\u00e9.<\/p>\n<p>Gr\u00e2ce \u00e0 sa construction durable, sa flexibilit\u00e9 et sa facilit\u00e9 d&#039;utilisation, ce support fournit une base stable pour surveiller et contr\u00f4ler efficacement votre alarme Ajax.<\/p>\n<p>&nbsp;<\/p>","protected":false},"excerpt":{"rendered":"<p>Support de montage Ajax Smart Bracket pour panneau de commande DESFire permet une installation simple et s\u00fbre de votre panneau de commande Ajax.<\/p>\n<p>Le support assure un placement stable pour une meilleure fonctionnalit\u00e9 et un acc\u00e8s facile au syst\u00e8me de s\u00e9curit\u00e9.<\/p>","protected":false},"featured_media":0,"template":"","meta":{"_acf_changed":false},"product_brand":[],"product_cat":[3128],"product_tag":[],"class_list":{"0":"post-81627","1":"product","2":"type-product","3":"status-publish","5":"product_cat-ajax-reservdelar-fasten","6":"product_shipping_class-postnord-varubrev","7":"pa_brands-ajax-systems","8":"pa_color-svart","9":"pa_farg-svart","10":"tm-no-options","12":"first","13":"instock","14":"sale","15":"featured","16":"taxable","17":"shipping-taxable","18":"purchasable","19":"product-type-simple"},"acf":[],"_links":{"self":[{"href":"https:\/\/secureus.se\/fr\/wp-json\/wp\/v2\/product\/81627","targetHints":{"allow":["GET"]}}],"collection":[{"href":"https:\/\/secureus.se\/fr\/wp-json\/wp\/v2\/product"}],"about":[{"href":"https:\/\/secureus.se\/fr\/wp-json\/wp\/v2\/types\/product"}],"wp:attachment":[{"href":"https:\/\/secureus.se\/fr\/wp-json\/wp\/v2\/media?parent=81627"}],"wp:term":[{"taxonomy":"product_brand","embeddable":true,"href":"https:\/\/secureus.se\/fr\/wp-json\/wp\/v2\/product_brand?post=81627"},{"taxonomy":"product_cat","embeddable":true,"href":"https:\/\/secureus.se\/fr\/wp-json\/wp\/v2\/product_cat?post=81627"},{"taxonomy":"product_tag","embeddable":true,"href":"https:\/\/secureus.se\/fr\/wp-json\/wp\/v2\/product_tag?post=81627"}],"curies":[{"name":"wp","href":"https:\/\/api.w.org\/{rel}","templated":true}]}}