{"id":81642,"date":"2022-12-27T14:34:56","date_gmt":"2022-12-27T13:34:56","guid":{"rendered":"https:\/\/secureus.se\/produkt\/ajax-hub2-centralapparat-lan-4g-vit\/"},"modified":"2026-03-30T12:07:37","modified_gmt":"2026-03-30T10:07:37","slug":"ajax-hub-2-4g-vit","status":"publish","type":"product","link":"https:\/\/secureus.se\/fr\/ajax-hub-2-4g-vit\/","title":{"rendered":"Unit\u00e9 centrale Ajax Hub 2 blanche (4G + Ethernet)"},"content":{"rendered":"<h3><strong>Ajax Hub 2 4G \u2013 La nouvelle norme de s\u00e9curit\u00e9<\/strong><\/h3>\n<p>Ajax Hub 2 4G est la derni\u00e8re innovation d&#039;Ajax Systems et repr\u00e9sente une nouvelle norme en mati\u00e8re de s\u00e9curit\u00e9 et de fiabilit\u00e9. Il s&#039;agit d&#039;une unit\u00e9 centrale du syst\u00e8me de s\u00e9curit\u00e9, connectant les appareils Ajax sans fil via LAN et 4G.<\/p>\n<p>Con\u00e7u pour convenir aux particuliers et aux petites entreprises, le hub offre une solution puissante pour prot\u00e9ger les biens et les objets de valeur.<\/p>\n<p><strong>Communication via LAN et 4G<\/strong><\/p>\n<p>Ajax Hub 2 4G offre \u00e0 la fois une connexion LAN et 4G LTE (FDD B1\/B3\/B5\/B7\/B8\/B20) pour garantir une communication fiable et flexible.<\/p>\n<p>En vous connectant \u00e0 votre routeur ou \u00e0 Internet via un c\u00e2ble r\u00e9seau et en activant la 4G, vous obtenez une transmission d&#039;alarme s\u00fbre et rapide, faisant fonctionner le syst\u00e8me m\u00eame si votre connexion Internet tombe en panne.<\/p>\n<p>L&#039;option de communication \u00e0 double connexion signifie que vous b\u00e9n\u00e9ficiez d&#039;un haut niveau de s\u00e9curit\u00e9 et de redondance.<\/p>\n<p><strong>Port\u00e9e et compatibilit\u00e9 sans fil<\/strong><\/p>\n<p>Avec une port\u00e9e sans fil allant jusqu&#039;\u00e0 2 000 m\u00e8tres en terrain d\u00e9couvert, l&#039;Ajax Hub 2 4G est \u00e9quip\u00e9 pour couvrir de vastes zones sans avoir besoin de mat\u00e9riel suppl\u00e9mentaire.<\/p>\n<p>Vous pouvez \u00e9galement connecter jusqu&#039;\u00e0 cinq r\u00e9p\u00e9teurs, tels que ReX et ReX2, vous permettant d&#039;\u00e9tendre la port\u00e9e jusqu&#039;\u00e0 35 km\u00b2.<\/p>\n<p>Cela rend le syst\u00e8me parfait pour les petites et grandes installations, qu&#039;il s&#039;agisse d&#039;une maison, d&#039;une entreprise ou d&#039;une propri\u00e9t\u00e9 plus grande.<\/p>\n<p><strong>Gestion des cam\u00e9ras et Streaming<\/strong><\/p>\n<p>Ajax Hub 2 4G dispose d&#039;une fonction int\u00e9gr\u00e9e pour g\u00e9rer les cam\u00e9ras IR Ajax et peut envoyer une s\u00e9rie d&#039;images en cas d&#039;alarme.<\/p>\n<p>Ces images ne sont d\u00e9livr\u00e9es qu&#039;en cas d&#039;alarme et fournissent \u00e0 l&#039;utilisateur une v\u00e9rification visuelle de l&#039;\u00e9v\u00e9nement. De plus, le syst\u00e8me peut diffuser jusqu&#039;\u00e0 25 cam\u00e9ras ou NVR de marques populaires telles que Ezviz et Hikvision.<\/p>\n<p>Cela offre une surveillance et une s\u00e9curit\u00e9 compl\u00e8tes, tout en offrant \u00e0 l&#039;utilisateur une m\u00e9thode rapide et fiable de contr\u00f4le de la situation.<\/p>\n<p><strong>Sc\u00e9narios et automatisation<\/strong><\/p>\n<p>L&#039;une des fonctionnalit\u00e9s les plus utiles de l&#039;Ajax Hub 2 4G est la possibilit\u00e9 de cr\u00e9er des sc\u00e9narios automatis\u00e9s.<\/p>\n<p>Par exemple, vous pouvez programmer le syst\u00e8me pour allumer les lumi\u00e8res en cas d&#039;alarme ou selon un horaire, ou couper l&#039;alimentation en eau pour \u00e9viter les inondations.<\/p>\n<p>Il est \u00e9galement possible d&#039;utiliser un bouton d&#039;assaut ou intelligent pour activer des actions en appuyant sur un bouton, comme allumer les lumi\u00e8res ou ouvrir la porte du garage.<\/p>\n<p><strong>Utilisateurs, appareils et groupes<\/strong><\/p>\n<p>Ajax Hub 2 4G peut g\u00e9rer jusqu&#039;\u00e0 50 utilisateurs et connecter jusqu&#039;\u00e0 100 appareils.<\/p>\n<p>Cela le rend adapt\u00e9 aussi bien aux utilisateurs priv\u00e9s que commerciaux.<\/p>\n<p>Vous pouvez cr\u00e9er jusqu&#039;\u00e0 9 zones ou groupes pour offrir une meilleure orientation et gestion de la s\u00e9curit\u00e9, par exemple en configurant diff\u00e9rentes pi\u00e8ces et groupes pour voir o\u00f9 les alarmes se produisent, comme dans \u00ab Salle de bain 2 \u00bb ou \u00ab Deuxi\u00e8me \u00e9tage \u00bb.<\/p>\n<p><strong>Alimentation et batterie de secours<\/strong><\/p>\n<p>Ajax Hub 2 4G est livr\u00e9 avec une batterie Li-Ion 2Ah qui fournit une autonomie de batterie allant jusqu&#039;\u00e0 16 heures.<\/p>\n<p>Cela permet au syst\u00e8me de continuer \u00e0 fonctionner m\u00eame en cas de panne de courant, garantissant ainsi une s\u00e9curit\u00e9 continue.<\/p>\n<p>L&#039;alimentation est compatible avec le 110-240 V, 50\/60 Hz, ce qui lui permet d&#039;\u00eatre utilis\u00e9e dans le monde entier.<\/p>\n<p><strong>Caract\u00e9ristiques:<\/strong><\/p>\n<ul>\n<li><strong>Port\u00e9e sans fil\u00a0:<\/strong> Jusqu&#039;\u00e0 2000 m\u00e8tres en terrain libre (selon produit connect\u00e9)<\/li>\n<li><strong>Streaming de la cam\u00e9ra\u00a0:<\/strong> Jusqu&#039;\u00e0 25 cam\u00e9ras ou NVR<\/li>\n<li><strong>Carte SIM\u00a0:<\/strong> 2 \u00d7 Micro SIM (2G, 3G, 4G LTE)<\/li>\n<li><strong>Batterie de secours\u00a0:<\/strong> Jusqu&#039;\u00e0 16 heures<\/li>\n<li><strong>Plage de temp\u00e9rature\u00a0:<\/strong> -10\u00b0C \u00e0 +40\u00b0C<\/li>\n<li><strong>Classe IP\u00a0:<\/strong> IP50<\/li>\n<li><strong>Unit\u00e9s\u00a0:<\/strong> Jusqu&#039;\u00e0 100 unit\u00e9s<\/li>\n<li><strong>Utilisateur:<\/strong> Jusqu&#039;\u00e0 50 utilisateurs<\/li>\n<li><strong>Domaines\/groupes\u00a0:<\/strong> 9 zones<\/li>\n<li><strong>Alimentation\u00a0:<\/strong> 110-240 V, 50\/60 Hz<\/li>\n<li><strong>Taille:<\/strong> 163 \u00d7 163 \u00d7 36 mm<\/li>\n<li><strong>Poids:<\/strong> 350g<\/li>\n<\/ul>\n<p><strong>Contenu du colis :<\/strong><\/p>\n<ul>\n<li>AjaxHub 2 4G<\/li>\n<li>C\u00e2ble d&#039;alimentation<\/li>\n<li>C\u00e2ble r\u00e9seau<\/li>\n<li>Batterie de secours<\/li>\n<li>Manuel d&#039;utilisation<\/li>\n<\/ul>\n<p><strong>Conclusion:<\/strong><\/p>\n<p>Ajax Hub 2 4G offre une solution de s\u00e9curit\u00e9 fiable et flexible pour les particuliers et les petites entreprises.<\/p>\n<p>Avec sa port\u00e9e sans fil, le streaming des cam\u00e9ras et la possibilit\u00e9 de cr\u00e9er des sc\u00e9narios personnalis\u00e9s, cette unit\u00e9 centrale offre \u00e0 la fois hautes performances et simplicit\u00e9 d&#039;utilisation.<\/p>\n<p>C&#039;est une solution id\u00e9ale pour ceux qui recherchent un syst\u00e8me de s\u00e9curit\u00e9 avanc\u00e9 avec redondance via LAN et 4G.<\/p>","protected":false},"excerpt":{"rendered":"<p>L&#039;Ajax Hub 2 4G est une unit\u00e9 centrale du syst\u00e8me de s\u00e9curit\u00e9 qui utilise \u00e0 la fois le LAN et la 4G pour se connecter aux appareils sans fil Ajax.<\/p>\n<p>Il a une port\u00e9e sans fil allant jusqu&#039;\u00e0 2 000 m\u00e8tres et peut g\u00e9rer jusqu&#039;\u00e0 25 cam\u00e9ras pour le streaming et la transmission d&#039;images en cas d&#039;alarme.<\/p>","protected":false},"featured_media":152095,"template":"","meta":{"_acf_changed":false},"product_brand":[],"product_cat":[3154,1319],"product_tag":[3127,2137,4863],"class_list":{"0":"post-81642","1":"product","2":"type-product","3":"status-publish","4":"has-post-thumbnail","6":"product_cat-centralenheter","7":"product_cat-ajax-larm","8":"product_tag-kontrollprodukt","9":"product_tag-lager-ajax","10":"product_tag-pf","11":"product_shipping_class-tunga-paket","12":"pa_brands-ajax-systems","13":"pa_color-vit","14":"pa_farg-vit","15":"tm-no-options","17":"first","18":"instock","19":"sale","20":"featured","21":"taxable","22":"shipping-taxable","23":"purchasable","24":"product-type-simple"},"acf":[],"_links":{"self":[{"href":"https:\/\/secureus.se\/fr\/wp-json\/wp\/v2\/product\/81642","targetHints":{"allow":["GET"]}}],"collection":[{"href":"https:\/\/secureus.se\/fr\/wp-json\/wp\/v2\/product"}],"about":[{"href":"https:\/\/secureus.se\/fr\/wp-json\/wp\/v2\/types\/product"}],"wp:featuredmedia":[{"embeddable":true,"href":"https:\/\/secureus.se\/fr\/wp-json\/wp\/v2\/media\/152095"}],"wp:attachment":[{"href":"https:\/\/secureus.se\/fr\/wp-json\/wp\/v2\/media?parent=81642"}],"wp:term":[{"taxonomy":"product_brand","embeddable":true,"href":"https:\/\/secureus.se\/fr\/wp-json\/wp\/v2\/product_brand?post=81642"},{"taxonomy":"product_cat","embeddable":true,"href":"https:\/\/secureus.se\/fr\/wp-json\/wp\/v2\/product_cat?post=81642"},{"taxonomy":"product_tag","embeddable":true,"href":"https:\/\/secureus.se\/fr\/wp-json\/wp\/v2\/product_tag?post=81642"}],"curies":[{"name":"wp","href":"https:\/\/api.w.org\/{rel}","templated":true}]}}