{"id":81644,"date":"2022-11-28T11:05:31","date_gmt":"2022-11-28T10:05:31","guid":{"rendered":"https:\/\/secureus.se\/produkt\/ajax-hub2plus-centralapparat-med-ethernet-lan-samt-wifi-och-4g-svart\/"},"modified":"2026-03-28T12:17:30","modified_gmt":"2026-03-28T11:17:30","slug":"ajax-hub-2-plus-eth-wifi-svart","status":"publish","type":"product","link":"https:\/\/secureus.se\/fr\/ajax-hub-2-plus-eth-wifi-svart\/","title":{"rendered":"Ajax Hub 2 Plus Noir \u2013 Unit\u00e9 centrale (4G, WiFi, Ethernet)"},"content":{"rendered":"<h3><strong>Ajax Hub 2 Plus WiFi 4G<\/strong> est la derni\u00e8re innovation d&#039;Ajax Systems et un choix parfait pour tous ceux qui recherchent un centre de s\u00e9curit\u00e9 puissant et fiable pour leur maison ou leur entreprise.<\/h3>\n<p>Cette unit\u00e9 centrale est dot\u00e9e de fonctionnalit\u00e9s performantes qui en font un \u00e9l\u00e9ment indispensable de votre syst\u00e8me de s\u00e9curit\u00e9.<\/p>\n<p><strong>Port\u00e9e et connectivit\u00e9 sans fil<\/strong><br \/>\nAvec une port\u00e9e sans fil impressionnante allant jusqu&#039;\u00e0 2 000 m\u00e8tres, l&#039;Ajax Hub 2 Plus peut communiquer efficacement avec tous les appareils connect\u00e9s, m\u00eame s&#039;ils se trouvent sur plusieurs \u00e9tages ou dans des b\u00e2timents s\u00e9par\u00e9s.<\/p>\n<p>L&#039;unit\u00e9 peut \u00eatre connect\u00e9e \u00e0 jusqu&#039;\u00e0 cinq unit\u00e9s ReX (r\u00e9p\u00e9teur) pour garantir que le signal atteint loin. Cela fait de Hub 2 Plus le choix optimal pour les locaux r\u00e9sidentiels et commerciaux de plus grande taille.<\/p>\n<p><strong>Int\u00e9gration et surveillance de cam\u00e9ras<\/strong><br \/>\nEn plus de g\u00e9rer les dispositifs de s\u00e9curit\u00e9 tels que les d\u00e9tecteurs de mouvement et les capteurs de porte, le Hub 2 Plus peut \u00e9galement int\u00e9grer des cam\u00e9ras et des NVR (Network Video Recorders) de divers fabricants tels que Ezviz et Hikvision.<\/p>\n<p>Vous pouvez g\u00e9rer jusqu&#039;\u00e0 100 cam\u00e9ras simultan\u00e9ment et obtenir des instantan\u00e9s instantan\u00e9s en cas d&#039;alarme. Cette fonctionnalit\u00e9 offre une grande flexibilit\u00e9 et vous permet de surveiller facilement votre zone.<\/p>\n<p><strong>Communication et s\u00e9curit\u00e9 stables<\/strong><br \/>\nAjax Hub 2 Plus utilise Ajax unique <strong>Bijoutier<\/strong> et <strong>Ailes<\/strong> protocole de communication radio, qui garantit une communication rapide et s\u00e9curis\u00e9e entre tous les appareils du syst\u00e8me.<\/p>\n<p>De plus, assure <strong>OS Malevitch<\/strong>, le syst\u00e8me d&#039;exploitation en temps r\u00e9el, que l&#039;appareil est stable, immunis\u00e9 contre les virus et prot\u00e9g\u00e9 contre les cyberattaques.<\/p>\n<p>Le syst\u00e8me d&#039;exploitation permet \u00e9galement des mises \u00e0 jour en direct, gardant votre syst\u00e8me \u00e0 jour et s\u00e9curis\u00e9.<\/p>\n<p><strong>Surveillance et automatisation \u00e0 distance<\/strong><br \/>\nAvec <strong>S\u00e9curit\u00e9 Ajax<\/strong> et <strong>Ajax PRO<\/strong> applications, vous pouvez facilement surveiller et configurer l\u2019ensemble du syst\u00e8me via votre smartphone ou votre ordinateur.<\/p>\n<p>Le syst\u00e8me permet d&#039;automatiser les mesures de s\u00e9curit\u00e9 gr\u00e2ce \u00e0 <strong>sc\u00e9narios<\/strong>, par exemple allumer les lumi\u00e8res ou couper l&#039;arriv\u00e9e d&#039;eau en cas d&#039;alarme, ce qui permet d&#039;adapter la s\u00e9curit\u00e9 \u00e0 vos besoins.<\/p>\n<p><strong>Protection ininterrompue avec sauvegarde<\/strong><br \/>\nLe Hub 2 Plus dispose d&#039;un <strong>batterie de secours<\/strong> de 3 Ah, ce qui signifie qu&#039;il continue de fonctionner m\u00eame en cas de panne de courant.<\/p>\n<p>Cela garantit que votre syst\u00e8me est prot\u00e9g\u00e9 24h\/24 et 7j\/7. En cas de tentative de sabotage, vous \u00eates imm\u00e9diatement averti via l&#039;application et recevez une notification concernant l&#039;\u00e9v\u00e9nement.<\/p>\n<p><strong>Sp\u00e9cifications techniques<\/strong>:<\/p>\n<ul>\n<li><strong>Communication<\/strong>: R\u00e9seau local, Wi-Fi, 4G<\/li>\n<li><strong>Port\u00e9e sans fil<\/strong>: Jusqu&#039;\u00e0 2000 m\u00e8tres<\/li>\n<li><strong>Utilisateur<\/strong>: Jusqu&#039;\u00e0 200<\/li>\n<li><strong>Unit\u00e9s<\/strong>: Jusqu&#039;\u00e0 200<\/li>\n<li><strong>Streaming de la cam\u00e9ra<\/strong>: Jusqu&#039;\u00e0 100 cam\u00e9ras ou NVR\n<div><\/div>\n<\/li>\n<li><strong>Sc\u00e9narios<\/strong>: Jusqu&#039;\u00e0 64<\/li>\n<li><strong>Protocole d&#039;alarme<\/strong>: Sur-Gard (Contact ID), SIA (DC-09)<\/li>\n<li><strong>Carte SIM<\/strong>: 2 pi\u00e8ces (2G, 3G, 4G)<\/li>\n<li><strong>Alimentation<\/strong>: 110-240 V, 50\/60 Hz<\/li>\n<li><strong>Batterie de secours<\/strong>: Li-Ion 3Ah, jusqu&#039;\u00e0 16 heures<\/li>\n<li><strong>Plage de temp\u00e9rature et humidit\u00e9<\/strong>: -10\u00b0C \u00e0 +40\u00b0C, 75%<\/li>\n<li><strong>Indice IP<\/strong>:IP50<\/li>\n<\/ul>\n<p><strong>Le paquet contient<\/strong>:<\/p>\n<ul>\n<li>Moyeu 2 Plus<\/li>\n<li>C\u00e2ble d&#039;alimentation<\/li>\n<li>C\u00e2ble r\u00e9seau<\/li>\n<li>Batterie de secours<\/li>\n<\/ul>\n<p><strong>Connexion polyvalente<br \/>\n<\/strong>Hub 2 Plus prend en charge la connexion via LAN, WiFi et 4G, ce qui offre flexibilit\u00e9 et fiabilit\u00e9 dans la communication avec le monde ext\u00e9rieur. Vous pouvez le connecter \u00e0 diff\u00e9rents fournisseurs Internet et assurer une communication constante.<\/p>\n<p><strong>V\u00e9rification rapide des alarmes avec photo<br \/>\n<\/strong>En cas d&#039;alarme, le Hub 2 Plus peut envoyer une s\u00e9rie d&#039;images provenant des d\u00e9tecteurs MotionCam en seulement 9 secondes. Cela vous donne la possibilit\u00e9 d&#039;\u00e9valuer rapidement la situation et de transmettre les informations correctes au centre de surveillance.<\/p>\n<p><strong>Installation ultra simple<br \/>\n<\/strong>Pour installer cette alarme avanc\u00e9e et profiter d&#039;une s\u00e9curit\u00e9 in\u00e9gal\u00e9e, t\u00e9l\u00e9chargez l&#039;application Ajax Systems et scannez les codes QR sur les appareils. Avec le Hub 2 Plus, vous prenez le contr\u00f4le de votre s\u00e9curit\u00e9, o\u00f9 que vous soyez, et obtenez une v\u00e9rification instantan\u00e9e des alarmes avec une vitesse et une pr\u00e9cision impressionnantes.<\/p>","protected":false},"excerpt":{"rendered":"<p>L&#039;Ajax Hub 2 Plus WiFi Ethernet et 4G est l&#039;unit\u00e9 centrale avanc\u00e9e de votre syst\u00e8me de s\u00e9curit\u00e9, offrant une excellente port\u00e9e sans fil, l&#039;int\u00e9gration de cam\u00e9ras et une communication ininterrompue, id\u00e9ale pour la maison et l&#039;entreprise.<\/p>","protected":false},"featured_media":152109,"template":"","meta":{"_acf_changed":false},"product_brand":[],"product_cat":[3154,1319],"product_tag":[3127,2137,4863],"class_list":{"0":"post-81644","1":"product","2":"type-product","3":"status-publish","4":"has-post-thumbnail","6":"product_cat-centralenheter","7":"product_cat-ajax-larm","8":"product_tag-kontrollprodukt","9":"product_tag-lager-ajax","10":"product_tag-pf","11":"product_shipping_class-postnord-varubrev","12":"pa_brands-ajax-systems","13":"pa_color-svart","14":"pa_farg-svart","15":"tm-no-options","17":"first","18":"instock","19":"sale","20":"featured","21":"taxable","22":"shipping-taxable","23":"purchasable","24":"product-type-simple"},"acf":[],"_links":{"self":[{"href":"https:\/\/secureus.se\/fr\/wp-json\/wp\/v2\/product\/81644","targetHints":{"allow":["GET"]}}],"collection":[{"href":"https:\/\/secureus.se\/fr\/wp-json\/wp\/v2\/product"}],"about":[{"href":"https:\/\/secureus.se\/fr\/wp-json\/wp\/v2\/types\/product"}],"wp:featuredmedia":[{"embeddable":true,"href":"https:\/\/secureus.se\/fr\/wp-json\/wp\/v2\/media\/152109"}],"wp:attachment":[{"href":"https:\/\/secureus.se\/fr\/wp-json\/wp\/v2\/media?parent=81644"}],"wp:term":[{"taxonomy":"product_brand","embeddable":true,"href":"https:\/\/secureus.se\/fr\/wp-json\/wp\/v2\/product_brand?post=81644"},{"taxonomy":"product_cat","embeddable":true,"href":"https:\/\/secureus.se\/fr\/wp-json\/wp\/v2\/product_cat?post=81644"},{"taxonomy":"product_tag","embeddable":true,"href":"https:\/\/secureus.se\/fr\/wp-json\/wp\/v2\/product_tag?post=81644"}],"curies":[{"name":"wp","href":"https:\/\/api.w.org\/{rel}","templated":true}]}}