{"id":81729,"date":"2022-11-28T13:13:26","date_gmt":"2022-11-28T12:13:26","guid":{"rendered":"https:\/\/secureus.se\/produkt\/ajax-rex-repeater-svart\/"},"modified":"2026-03-10T11:02:54","modified_gmt":"2026-03-10T10:02:54","slug":"ajax-rex-repeater-range-extender","status":"publish","type":"product","link":"https:\/\/secureus.se\/fr\/ajax-rex-repeater-range-extender\/","title":{"rendered":"Ajax ReX R\u00e9p\u00e9teur Range Extender Noir"},"content":{"rendered":"<h3><strong>Ajax ReX \u2013 Prolongateur de signal pour une plus grande port\u00e9e et une s\u00e9curit\u00e9 accrue<\/strong><\/h3>\n<p>Ajax ReX est la solution intelligente pour \u00e9tendre la port\u00e9e et am\u00e9liorer la communication au sein du syst\u00e8me de s\u00e9curit\u00e9 Ajax.<\/p>\n<p>ReX agit comme un prolongateur ou un r\u00e9p\u00e9teur de signal, doublant la port\u00e9e de tout appareil connect\u00e9 \u00e0 un hub Ajax.<\/p>\n<p>Avec ReX, vous pouvez facilement couvrir de grandes surfaces telles que des bureaux \u00e0 plusieurs \u00e9tages, des b\u00e2timents autonomes ou m\u00eame de grandes installations de production.<\/p>\n<p>En connectant jusqu&#039;\u00e0 cinq unit\u00e9s ReX au syst\u00e8me, vous pouvez \u00e9tendre la couverture jusqu&#039;\u00e0 35 km\u00b2, ce qui en fait un outil puissant pour les petites et grandes solutions de s\u00e9curit\u00e9.<\/p>\n<p><strong>Temps de r\u00e9action rapide et communication fiable<\/strong><\/p>\n<p>ReX d\u00e9livre des alarmes en un temps record, en 0,3 seconde, et permet une communication rapide entre les unit\u00e9s Ajax, m\u00eame sur de grandes distances.<\/p>\n<p>Il peut transmettre des signaux jusqu&#039;\u00e0 1\u00a0800 m\u00e8tres en terrain d\u00e9couvert, ce qui permet de placer les \u00e9quipements de s\u00e9curit\u00e9 plus loin du hub principal sans perdre la puissance ou la fiabilit\u00e9 du signal.<\/p>\n<p>Cela rend ReX id\u00e9al pour les grandes zones o\u00f9 plusieurs d\u00e9tecteurs ou cam\u00e9ras doivent communiquer avec le hub sans perdre de fonctionnalit\u00e9.<\/p>\n<p><strong>Batterie de secours et protection anti-intrusion int\u00e9gr\u00e9es<\/strong><\/p>\n<p>L&#039;une des caract\u00e9ristiques les plus impressionnantes du ReX est la batterie de secours int\u00e9gr\u00e9e, qui peut alimenter l&#039;appareil jusqu&#039;\u00e0 35 heures sans alimentation externe.<\/p>\n<p>Cela signifie que ReX peut toujours maintenir la s\u00e9curit\u00e9 m\u00eame en cas de panne de courant, ce qui est essentiel pour une surveillance continue.<\/p>\n<p>ReX est \u00e9galement \u00e9quip\u00e9 d&#039;une robuste protection contre les alt\u00e9rations, ce qui le rend r\u00e9sistant aux tentatives de falsification ou de falsification.<\/p>\n<p>Son syst\u00e8me de s\u00e9curit\u00e9 comprend \u00e0 la fois la d\u00e9tection des intrusions et la protection contre la falsification, et toutes les communications sont crypt\u00e9es avec l&#039;algorithme AES pour se prot\u00e9ger contre les \u00e9coutes clandestines et le piratage.<\/p>\n<p><strong>Installation facile et flexibilit\u00e9<\/strong><\/p>\n<p>ReX est facile \u00e0 installer et peut \u00eatre rapidement int\u00e9gr\u00e9 \u00e0 votre syst\u00e8me Ajax existant. L&#039;installation se fait en scannant le code QR dans l&#039;application Ajax et en suivant les \u00e9tapes simples pour ajouter l&#039;appareil au syst\u00e8me.<\/p>\n<p>Vous pouvez ensuite configurer ReX pour qu&#039;il fonctionne avec les appareils dont vous souhaitez b\u00e9n\u00e9ficier de la port\u00e9e \u00e9tendue.<\/p>\n<p>ReX peut \u00eatre install\u00e9 dans un emplacement s\u00e9curis\u00e9 \u00e0 l&#039;aide du SmartBracket inclus, ce qui rend l&#039;installation rapide et facile sans avoir \u00e0 d\u00e9monter l&#039;unit\u00e9.<\/p>\n<p><strong>Fonctionnement autonome et connexion flexible<\/strong><\/p>\n<p>ReX fonctionne de mani\u00e8re autonome si la communication avec le hub est perdue.<\/p>\n<p>Si l&#039;un des appareils connect\u00e9s envoie une alarme, ReX activera la sir\u00e8ne pour avertir de l&#039;\u00e9v\u00e9nement, gardant ainsi la s\u00e9curit\u00e9 intacte m\u00eame si le syst\u00e8me n&#039;est pas pleinement op\u00e9rationnel.<\/p>\n<p>Cela offre une s\u00e9curit\u00e9 et une s\u00fbret\u00e9 suppl\u00e9mentaires en prot\u00e9geant tous les appareils connect\u00e9s, quelle que soit la situation.<\/p>\n<p><strong>Compatibilit\u00e9 et mises \u00e0 jour<\/strong><\/p>\n<p>ReX est compatible avec tous les hubs Ajax, notamment Hub, Hub 2, Hub 2 Plus et Hub Hybrid. Vous pouvez utiliser jusqu&#039;\u00e0 cinq unit\u00e9s ReX dans un seul syst\u00e8me pour couvrir de tr\u00e8s grandes zones.<\/p>\n<p>ReX fonctionne \u00e9galement de mani\u00e8re transparente avec le syst\u00e8me d&#039;exploitation Malevich du syst\u00e8me et re\u00e7oit r\u00e9guli\u00e8rement des mises \u00e0 jour gratuites qui garantissent que l&#039;appareil est toujours \u00e0 jour avec les derni\u00e8res fonctionnalit\u00e9s et am\u00e9liorations de s\u00e9curit\u00e9.<\/p>\n<p><strong>Sp\u00e9cifications techniques\u00a0:<\/strong><\/p>\n<ul>\n<li><strong>Taper:<\/strong> Prolongateur\/r\u00e9p\u00e9teur de signal sans fil<\/li>\n<li><strong>Nombre maximum d&#039;appareils connect\u00e9s (par hub)\u00a0:<\/strong> Hub\/Hub Hybride - jusqu&#039;\u00e0 99, Hub Plus - jusqu&#039;\u00e0 149, Hub 2 Plus - jusqu&#039;\u00e0 199<\/li>\n<li><strong>Espace communication :<\/strong> Jusqu&#039;\u00e0 1 800 milles de terrain ouvert<\/li>\n<li><strong>Temps de transmission de l&#039;alarme\u00a0:<\/strong> 0,3 seconde<\/li>\n<li><strong>Alimentation\u00a0:<\/strong> 110-240 V \u00e0 partir du secteur ou 12 V avec alimentation 12 V pour Hub\/Hub Plus\/ReX<\/li>\n<li><strong>Batterie de secours\u00a0:<\/strong> Li-Ion 2 A\u00b7h, jusqu&#039;\u00e0 35 heures de fonctionnement sans alimentation<\/li>\n<li><strong>Syst\u00e8me op\u00e9rateur:<\/strong> OS Malevitch<\/li>\n<li><strong>Bande de fr\u00e9quence\u00a0:<\/strong> Selon la r\u00e9gion de vente<\/li>\n<li><strong>Cryptage\u00a0:<\/strong> Algorithme AES pour le cryptage par blocs<\/li>\n<li><strong>Temp\u00e9rature de fonctionnement :<\/strong> -10\u00b0C \u00e0 +40\u00b0C<\/li>\n<li><strong>Humidit\u00e9 maximale\u00a0:<\/strong> Jusqu&#039;\u00e0 75%<\/li>\n<li><strong>Taille:<\/strong> 163 \u00d7 163 \u00d7 36 mm<\/li>\n<li><strong>Poids:<\/strong> 330g<\/li>\n<li><strong>Anti-sabotage\u00a0:<\/strong> Oui, prend en charge la d\u00e9tection et la protection contre les alt\u00e9rations<\/li>\n<li><strong>M\u00e9thode d&#039;installation\u00a0:<\/strong> Int\u00e9rieur<\/li>\n<\/ul>\n<p><strong>Contenu du colis :<\/strong><\/p>\n<ul>\n<li>R\u00e9p\u00e9teur Ajax ReX<\/li>\n<li>Panneau de montage SmartBracket<\/li>\n<li>C\u00e2ble d&#039;alimentation<\/li>\n<li>Kit d&#039;installation<\/li>\n<li>Guide de d\u00e9marrage rapide<\/li>\n<\/ul>\n<p><strong>Conclusion:<\/strong><\/p>\n<p>Ajax ReX est une solution efficace et fiable pour am\u00e9liorer la port\u00e9e des syst\u00e8mes de s\u00e9curit\u00e9 Ajax.<\/p>\n<p>Gr\u00e2ce \u00e0 son installation facile, sa communication fiable et ses fonctionnalit\u00e9s de s\u00e9curit\u00e9 robustes, ReX permet de cr\u00e9er une protection compl\u00e8te pour de grandes zones ou des b\u00e2timents complexes.<\/p>\n<p>Que vous ayez besoin de couvrir plusieurs \u00e9tages, des b\u00e2timents autonomes ou de grandes installations de production, ReX offre une solution flexible et s\u00e9curis\u00e9e pour tous vos besoins.<\/p>","protected":false},"excerpt":{"rendered":"<p>Ajax ReX est un prolongateur de signal sans fil qui \u00e9tend la port\u00e9e du syst\u00e8me de s\u00e9curit\u00e9 Ajax.<\/p>\n<p>Il peut connecter des appareils jusqu&#039;\u00e0 1\u00a0800 m\u00e8tres de distance et, gr\u00e2ce \u00e0 une batterie de secours de 35 heures, il assure une s\u00e9curit\u00e9 constante m\u00eame en cas de panne de courant.<\/p>","protected":false},"featured_media":152109,"template":"","meta":{"_acf_changed":false},"product_brand":[],"product_cat":[3168,1319],"product_tag":[3127,4863],"class_list":{"0":"post-81729","1":"product","2":"type-product","3":"status-publish","4":"has-post-thumbnail","6":"product_cat-range-extender-repeater","7":"product_cat-ajax-larm","8":"product_tag-kontrollprodukt","9":"product_tag-pf","10":"product_shipping_class-tunga-paket","11":"pa_brands-ajax-systems","12":"pa_color-svart","13":"pa_farg-svart","14":"tm-no-options","16":"first","17":"onbackorder","18":"sale","19":"featured","20":"taxable","21":"shipping-taxable","22":"purchasable","23":"product-type-simple"},"acf":[],"_links":{"self":[{"href":"https:\/\/secureus.se\/fr\/wp-json\/wp\/v2\/product\/81729","targetHints":{"allow":["GET"]}}],"collection":[{"href":"https:\/\/secureus.se\/fr\/wp-json\/wp\/v2\/product"}],"about":[{"href":"https:\/\/secureus.se\/fr\/wp-json\/wp\/v2\/types\/product"}],"wp:featuredmedia":[{"embeddable":true,"href":"https:\/\/secureus.se\/fr\/wp-json\/wp\/v2\/media\/152109"}],"wp:attachment":[{"href":"https:\/\/secureus.se\/fr\/wp-json\/wp\/v2\/media?parent=81729"}],"wp:term":[{"taxonomy":"product_brand","embeddable":true,"href":"https:\/\/secureus.se\/fr\/wp-json\/wp\/v2\/product_brand?post=81729"},{"taxonomy":"product_cat","embeddable":true,"href":"https:\/\/secureus.se\/fr\/wp-json\/wp\/v2\/product_cat?post=81729"},{"taxonomy":"product_tag","embeddable":true,"href":"https:\/\/secureus.se\/fr\/wp-json\/wp\/v2\/product_tag?post=81729"}],"curies":[{"name":"wp","href":"https:\/\/api.w.org\/{rel}","templated":true}]}}