{"id":81795,"date":"2022-11-28T11:19:38","date_gmt":"2022-11-28T10:19:38","guid":{"rendered":"https:\/\/secureus.se\/produkt\/batteri-li-ion-2ah-for-hub-hub2-hub-plus-rex-och-rex2\/"},"modified":"2026-03-10T11:00:45","modified_gmt":"2026-03-10T10:00:45","slug":"ajax-batteri-li-ion-2ah","status":"publish","type":"product","link":"https:\/\/secureus.se\/fr\/ajax-batteri-li-ion-2ah\/","title":{"rendered":"Batterie Ajax Li ion 2Ah pour Hub, Hub 2, Hub Plus, ReX et ReX2"},"content":{"rendered":"<h3>La batterie Ajax Li-ion 2Ah pour Hub, Hub 2, Hub Plus, ReX et ReX2 est un composant important pour garantir le fonctionnement et la fiabilit\u00e9 \u00e0 long terme de votre syst\u00e8me de s\u00e9curit\u00e9.<\/h3>\n<p>Avec une capacit\u00e9 de 2 Ah, cette batterie lithium-ion est une solution parfaite pour maintenir vos appareils Ajax en fonctionnement et pour \u00e9viter les temps d&#039;arr\u00eat lors de pannes de courant inattendues.<\/p>\n<p>Les syst\u00e8mes d&#039;alarme Ajax sont con\u00e7us pour assurer une s\u00e9curit\u00e9 de haute qualit\u00e9 pour votre maison ou votre entreprise et comprennent une large gamme d&#039;appareils sans fil qui peuvent \u00eatre facilement connect\u00e9s \u00e0 un panneau de commande central.<\/p>\n<p>Pour garantir que le syst\u00e8me fonctionne m\u00eame en cas de panne de courant, il est important d&#039;utiliser une batterie fiable, et l&#039;Ajax Battery Li-ion 2Ah est con\u00e7ue pour r\u00e9pondre \u00e0 ce besoin.<\/p>\n<p>Cette batterie est compatible avec plusieurs appareils Ajax, dont le Hub, Hub 2, Hub Plus, ReX et ReX2.<\/p>\n<p>Que vous disposiez d&#039;un panneau de commande principal (Hub) ou que vous utilisiez un r\u00e9p\u00e9teur de signal (ReX), vous pouvez \u00eatre s\u00fbr que cette batterie permettra \u00e0 votre syst\u00e8me de s\u00e9curit\u00e9 de fonctionner lorsqu&#039;il en aura le plus besoin.<\/p>\n<p>L&#039;un des plus grands avantages de la batterie Ajax Li-ion 2Ah est sa longue dur\u00e9e de vie.<\/p>\n<p>Les batteries lithium-ion sont connues pour leur durabilit\u00e9 et leur faible autod\u00e9charge, ce qui signifie que cette batterie fonctionnera pendant des ann\u00e9es sans avoir besoin d&#039;\u00eatre remplac\u00e9e.<\/p>\n<p>L&#039;unit\u00e9 est \u00e9galement con\u00e7ue pour \u00eatre facile \u00e0 installer, ce qui signifie que vous pouvez changer la batterie rapidement et sans probl\u00e8me, ce qui r\u00e9duit au minimum les temps d&#039;arr\u00eat.<\/p>\n<p>Pour garantir que la batterie est toujours en bon \u00e9tat et que votre syst\u00e8me fonctionne comme il se doit, l&#039;Ajax Battery Li-ion 2Ah est \u00e9quip\u00e9e de fonctionnalit\u00e9s avanc\u00e9es de gestion de l&#039;\u00e9nergie et de s\u00e9curit\u00e9.<\/p>\n<p>Il est compatible avec le protocole de communication d&#039;Ajax&#039;s Jeweller and Wing, ce qui lui permet de communiquer efficacement avec d&#039;autres appareils et de garantir l&#039;absence de probl\u00e8mes de communication.<\/p>\n<p>Avec une temp\u00e9rature de fonctionnement allant de -10\u00b0C \u00e0 +40\u00b0C et un haut niveau de protection contre les dommages et la surchauffe, la batterie Ajax Li-ion 2Ah est un choix robuste et fiable pour maintenir votre syst\u00e8me de s\u00e9curit\u00e9 op\u00e9rationnel quelles que soient les conditions m\u00e9t\u00e9orologiques.<\/p>\n<p><strong>Les avantages de la Batterie Ajax Li-ion 2Ah :<\/strong><\/p>\n<ul>\n<li>Longue dur\u00e9e de vie de la batterie et performances durables.<\/li>\n<li>Compatible avec Ajax Hub, Hub 2, Hub Plus, ReX et ReX2.<\/li>\n<li>Installation et remplacement faciles sans aide professionnelle.<\/li>\n<li>La technologie lithium-ion offre une longue dur\u00e9e de vie et une faible autod\u00e9charge.<\/li>\n<li>Alimentation \u00e9lectrique s\u00fbre et fiable m\u00eame en cas de panne de courant.<\/li>\n<li>Compatible avec les protocoles Ajax&#039;s Jeweller et Wing pour une communication efficace.<\/li>\n<li>Conception robuste qui fonctionne \u00e0 diff\u00e9rentes temp\u00e9ratures.<\/li>\n<\/ul>\n<p><strong>Sp\u00e9cifications techniques\u00a0:<\/strong><\/p>\n<ul>\n<li>Type de batterie : Li-ion<\/li>\n<li>Capacit\u00e9 : 2 Ah<\/li>\n<li>Compatibilit\u00e9 : Hub, Hub 2, Hub Plus, ReX, ReX2<\/li>\n<li>Temps de charge : Charge rapide et efficace<\/li>\n<li>Temp\u00e9rature de fonctionnement : -10\u00b0C \u00e0 +40\u00b0C<\/li>\n<li>M\u00e9thode d&#039;installation : facile \u00e0 installer et \u00e0 remplacer<\/li>\n<\/ul>","protected":false},"excerpt":{"rendered":"<p>Ajax Battery Li-ion 2Ah pour Hub, Hub 2, Hub Plus, ReX et ReX2 est une batterie de haute qualit\u00e9 qui fournit une alimentation \u00e9lectrique s\u00fbre et durable \u00e0 votre \u00e9quipement de s\u00e9curit\u00e9.<\/p>\n<p>Cette batterie garantit que votre syst\u00e8me Ajax est toujours op\u00e9rationnel, m\u00eame en cas de panne de courant.<\/p>","protected":false},"featured_media":0,"template":"","meta":{"_acf_changed":false},"product_brand":[],"product_cat":[3128,1862],"product_tag":[],"class_list":{"0":"post-81795","1":"product","2":"type-product","3":"status-publish","5":"product_cat-ajax-reservdelar-fasten","6":"product_cat-batterier-knappcell","7":"product_shipping_class-postnord-varubrev","8":"pa_brands-ajax-systems","9":"pa_color-vit","10":"pa_farg-vit","11":"tm-no-options","13":"first","14":"instock","15":"sale","16":"featured","17":"taxable","18":"shipping-taxable","19":"purchasable","20":"product-type-simple"},"acf":[],"_links":{"self":[{"href":"https:\/\/secureus.se\/fr\/wp-json\/wp\/v2\/product\/81795","targetHints":{"allow":["GET"]}}],"collection":[{"href":"https:\/\/secureus.se\/fr\/wp-json\/wp\/v2\/product"}],"about":[{"href":"https:\/\/secureus.se\/fr\/wp-json\/wp\/v2\/types\/product"}],"wp:attachment":[{"href":"https:\/\/secureus.se\/fr\/wp-json\/wp\/v2\/media?parent=81795"}],"wp:term":[{"taxonomy":"product_brand","embeddable":true,"href":"https:\/\/secureus.se\/fr\/wp-json\/wp\/v2\/product_brand?post=81795"},{"taxonomy":"product_cat","embeddable":true,"href":"https:\/\/secureus.se\/fr\/wp-json\/wp\/v2\/product_cat?post=81795"},{"taxonomy":"product_tag","embeddable":true,"href":"https:\/\/secureus.se\/fr\/wp-json\/wp\/v2\/product_tag?post=81795"}],"curies":[{"name":"wp","href":"https:\/\/api.w.org\/{rel}","templated":true}]}}