{"id":81816,"date":"2022-11-28T13:12:59","date_gmt":"2022-11-28T12:12:59","guid":{"rendered":"https:\/\/secureus.se\/produkt\/ajax-glassprotect-glaskrossdetektor-9m-tradlos-svart\/"},"modified":"2026-03-10T11:01:57","modified_gmt":"2026-03-10T10:01:57","slug":"ajax-glassprotect-glaskross-svart","status":"publish","type":"product","link":"https:\/\/secureus.se\/fr\/ajax-glassprotect-glaskross-svart\/","title":{"rendered":"Ajax GlassProtect D\u00e9tecteur de bris de verre 9m sans fil Noir"},"content":{"rendered":"<h3><strong>Ajax GlassProtect \u2013 D\u00e9tecteur de bris de vitre sans fil pour une protection accrue<\/strong><\/h3>\n<p>Ajax GlassProtect est un d\u00e9tecteur de bris de verre sans fil de haute technologie qui offre une protection fiable pour votre maison ou votre entreprise.<\/p>\n<p>Con\u00e7u pour d\u00e9tecter rapidement le verre bris\u00e9 jusqu&#039;\u00e0 9 m\u00e8tres de distance, ce d\u00e9tecteur utilise un microphone \u00e0 \u00e9lectret sensible qui enregistre le bruit du verre bris\u00e9, y compris les sons basses et hautes fr\u00e9quences.<\/p>\n<p>GlassProtect r\u00e9agit imm\u00e9diatement en cas de bris de verre et envoie un signal d&#039;alarme \u00e0 votre syst\u00e8me Ajax, garantissant ainsi que les utilisateurs et les soci\u00e9t\u00e9s de s\u00e9curit\u00e9 sont rapidement inform\u00e9s des \u00e9ventuelles violations.<\/p>\n<p><strong>Emp\u00eache les fausses alarmes gr\u00e2ce \u00e0 une technologie avanc\u00e9e<\/strong><\/p>\n<p>L&#039;un des principaux avantages d&#039;Ajax GlassProtect est sa capacit\u00e9 \u00e0 minimiser les fausses alarmes.<\/p>\n<p>Gr\u00e2ce \u00e0 la d\u00e9tection de bris de verre \u00e0 deux facteurs, qui combine le bruit du bris de verre et celui de la chute du verre, il peut distinguer avec pr\u00e9cision les intrusions r\u00e9elles des autres perturbations telles que le tonnerre, les aboiements de chiens ou le bruit des voitures qui passent.<\/p>\n<p>Cela signifie que le d\u00e9tecteur ne r\u00e9agit qu&#039;aux menaces r\u00e9elles, ce qui r\u00e9duit le risque de fausses alarmes et vous offre une solution de s\u00e9curit\u00e9 plus s\u00fbre et plus fiable.<\/p>\n<p><strong>Communication s\u00e9curis\u00e9e et alarme anti-sabotage<\/strong><\/p>\n<p>Ajax GlassProtect utilise la radio Jeweller d&#039;Ajax pour communiquer avec votre syst\u00e8me de s\u00e9curit\u00e9.<\/p>\n<p>Cela permet au d\u00e9tecteur de fonctionner \u00e0 des distances allant jusqu&#039;\u00e0 1 000 m\u00e8tres sans obstruction, garantissant ainsi que toutes les alarmes et donn\u00e9es sont transmises efficacement.<\/p>\n<p>Pour am\u00e9liorer encore la s\u00e9curit\u00e9, GlassProtect dispose d&#039;une fonction de protection contre les alt\u00e9rations qui active imm\u00e9diatement une alarme si quelqu&#039;un tente de falsifier l&#039;appareil ou de le retirer du panneau de montage.<\/p>\n<p><strong>Longue dur\u00e9e de vie de la batterie et installation facile<\/strong><\/p>\n<p>Avec la pile CR123A incluse, qui a une longue dur\u00e9e de vie allant jusqu&#039;\u00e0 7 ans, Ajax GlassProtect offre un fonctionnement \u00e0 long terme et sans entretien.<\/p>\n<p>Cela le rend id\u00e9al pour les propri\u00e9t\u00e9s r\u00e9sidentielles et commerciales, o\u00f9 la fiabilit\u00e9 et les performances durables sont importantes.<\/p>\n<p>L&#039;installation est \u00e9galement tr\u00e8s simple : une fois la batterie pr\u00e9install\u00e9e et l&#039;appareil pr\u00eat \u00e0 l&#039;emploi, vous connectez rapidement GlassProtect \u00e0 votre hub Ajax via l&#039;application et le montez sur le panneau SmartBracket inclus.<\/p>\n<p><strong>Intelligent et efficace pour tous les types de fen\u00eatres<\/strong><\/p>\n<p>GlassProtect fonctionne parfaitement dans les environnements o\u00f9 il est important de prot\u00e9ger les fen\u00eatres et le verre.<\/p>\n<p>Il n&#039;est pas sensible aux autres sons comme le tonnerre ou les aboiements de chiens, ce qui signifie qu&#039;il permet une d\u00e9tection pr\u00e9cise sans \u00eatre affect\u00e9 par des perturbations ext\u00e9rieures.<\/p>\n<p>Le d\u00e9tecteur est con\u00e7u pour d\u00e9tecter les bris de verre dans une zone de d\u00e9tection de 180\u00b0 et peut \u00eatre facilement install\u00e9 sur un mur ou un cadre de fen\u00eatre.<\/p>\n<p>Pour de meilleurs r\u00e9sultats, l&#039;unit\u00e9 doit \u00eatre plac\u00e9e entre des rideaux ou d&#039;autres obstacles pour garantir qu&#039;elle r\u00e9agit au bris de verre sans \u00eatre filtr\u00e9e par d&#039;autres sons ou objets.<\/p>\n<p><strong>Sp\u00e9cifications techniques\u00a0:<\/strong><\/p>\n<ul>\n<li><strong>Type de d\u00e9tecteur\u00a0:<\/strong> D\u00e9tecteur de bris de vitre sans fil<\/li>\n<li><strong>Distance de d\u00e9tection\u00a0:<\/strong> Jusqu&#039;\u00e0 9 m\u00e8tres<\/li>\n<li><strong>Angle de d\u00e9tection\u00a0:<\/strong> 180\u00b0<\/li>\n<li><strong>Autonomie de la batterie\u00a0:<\/strong> Jusqu&#039;\u00e0 7 ans<\/li>\n<li><strong>Protocole de communication\u00a0:<\/strong> Bijoutier<\/li>\n<li><strong>Alimentation\u00a0:<\/strong> Pile CR123A (3 V, pr\u00e9install\u00e9e)<\/li>\n<li><strong>M\u00e9thode d&#039;installation :<\/strong> Int\u00e9rieur<\/li>\n<li><strong>Plage de temp\u00e9rature\u00a0:<\/strong> -10\u00b0C \u00e0 +40\u00b0C<\/li>\n<li><strong>Humidit\u00e9:<\/strong> Jusqu&#039;\u00e0 75%<\/li>\n<li><strong>Dimensions:<\/strong> Diam\u00e8tre : 20 mm, Hauteur : 90 mm<\/li>\n<li><strong>Poids:<\/strong> 30g<\/li>\n<li><strong>Alarme anti-sabotage\u00a0:<\/strong> Oui<\/li>\n<li><strong>Compatibilit\u00e9:<\/strong> Fonctionne avec tous les hubs Ajax, prolongateurs de port\u00e9e, ocBridge Plus, uartBridge<\/li>\n<\/ul>\n<p><strong>Conclusion:<\/strong><\/p>\n<p>Ajax GlassProtect offre une solution fiable et s\u00e9curis\u00e9e pour prot\u00e9ger votre maison ou votre entreprise contre les intrusions par du verre bris\u00e9.<\/p>\n<p>Avec une longue dur\u00e9e de vie de la batterie, une technologie avanc\u00e9e pour \u00e9viter les fausses alarmes et une installation facile, GlassProtect est le choix parfait pour ceux qui recherchent un syst\u00e8me de s\u00e9curit\u00e9 anti-bris de verre fiable et efficace.<\/p>","protected":false},"excerpt":{"rendered":"<p>Ajax GlassProtect est un d\u00e9tecteur de bris de verre sans fil qui d\u00e9tecte les bris de verre jusqu&#039;\u00e0 une distance de 9 m\u00e8tres.<\/p>\n<p>Dot\u00e9 d&#039;une technologie avanc\u00e9e pour \u00e9viter les fausses alarmes et d&#039;une autonomie de batterie allant jusqu&#039;\u00e0 7 ans, il offre une protection fiable \u00e0 votre maison ou votre entreprise.<\/p>","protected":false},"featured_media":152146,"template":"","meta":{"_acf_changed":false},"product_brand":[],"product_cat":[3160,1319,3162],"product_tag":[3152,3127,4863],"class_list":{"0":"post-81816","1":"product","2":"type-product","3":"status-publish","4":"has-post-thumbnail","6":"product_cat-skalskydd","7":"product_cat-ajax-larm","8":"product_cat-glaskrossdetektor","9":"product_tag-cr123-tillbehor","10":"product_tag-kontrollprodukt","11":"product_tag-pf","12":"product_shipping_class-postnord-varubrev","13":"pa_brands-ajax-systems","14":"pa_color-svart","15":"pa_farg-svart","16":"tm-no-options","18":"first","19":"instock","20":"sale","21":"featured","22":"taxable","23":"shipping-taxable","24":"purchasable","25":"product-type-simple"},"acf":[],"_links":{"self":[{"href":"https:\/\/secureus.se\/fr\/wp-json\/wp\/v2\/product\/81816","targetHints":{"allow":["GET"]}}],"collection":[{"href":"https:\/\/secureus.se\/fr\/wp-json\/wp\/v2\/product"}],"about":[{"href":"https:\/\/secureus.se\/fr\/wp-json\/wp\/v2\/types\/product"}],"wp:featuredmedia":[{"embeddable":true,"href":"https:\/\/secureus.se\/fr\/wp-json\/wp\/v2\/media\/152146"}],"wp:attachment":[{"href":"https:\/\/secureus.se\/fr\/wp-json\/wp\/v2\/media?parent=81816"}],"wp:term":[{"taxonomy":"product_brand","embeddable":true,"href":"https:\/\/secureus.se\/fr\/wp-json\/wp\/v2\/product_brand?post=81816"},{"taxonomy":"product_cat","embeddable":true,"href":"https:\/\/secureus.se\/fr\/wp-json\/wp\/v2\/product_cat?post=81816"},{"taxonomy":"product_tag","embeddable":true,"href":"https:\/\/secureus.se\/fr\/wp-json\/wp\/v2\/product_tag?post=81816"}],"curies":[{"name":"wp","href":"https:\/\/api.w.org\/{rel}","templated":true}]}}