{"id":81844,"date":"2022-11-28T12:54:08","date_gmt":"2022-11-28T11:54:08","guid":{"rendered":"https:\/\/secureus.se\/produkt\/monteringsfaste-ridadetektor-svart\/"},"modified":"2026-03-10T11:01:39","modified_gmt":"2026-03-10T10:01:39","slug":"ajax-smart-bracket-svart-7","status":"publish","type":"product","link":"https:\/\/secureus.se\/fr\/ajax-smart-bracket-svart-7\/","title":{"rendered":"Support de fixation Ajax Smart Bracket - Pi\u00e8ce de rechange \/ Accessoires - D\u00e9tecteur de rideau noir"},"content":{"rendered":"<h3><strong>Support de montage Ajax Smart Bracket pour d\u00e9tecteur de rideau - Installation facile et placement stable<\/strong><\/h3>\n<p>L&#039;Ajax Smart Bracket est l&#039;accessoire parfait pour garantir une installation facile et un placement correct de votre d\u00e9tecteur de rideau Ajax.<\/p>\n<p>Cette solution de montage durable et flexible vous permet de fixer le d\u00e9tecteur \u00e0 rideau sur une surface verticale ou dans un coin de la pi\u00e8ce pour garantir que la zone de d\u00e9tection couvre au mieux la surface souhait\u00e9e.<\/p>\n<p>Les d\u00e9tecteurs \u00e0 rideaux sont particuli\u00e8rement utiles pour prot\u00e9ger de plus grandes zones ouvertes telles que des fen\u00eatres, des portes ou d&#039;autres points d&#039;intrusion o\u00f9 des mouvements peuvent \u00eatre d\u00e9tect\u00e9s.<\/p>\n<p>Pour optimiser les performances de votre d\u00e9tecteur de rideau, une installation correcte est essentielle, et le support de montage Smart Bracket vous permet d&#039;obtenir les meilleurs r\u00e9sultats possibles sans installation compliqu\u00e9e.<\/p>\n<p><strong>Installation facile et rapide<\/strong><\/p>\n<p>Le support Smart Bracket est con\u00e7u pour \u00eatre \u00e0 la fois facile \u00e0 utiliser et durable.<\/p>\n<p>Pour l&#039;installer, retirez le panneau de montage du d\u00e9tecteur de rideau et fixez le panneau Smart Bracket \u00e0 une surface verticale ou dans un coin de la pi\u00e8ce avec du ruban adh\u00e9sif double face ou d&#039;autres attaches temporaires.<\/p>\n<p>La hauteur d&#039;installation du support est recommand\u00e9e \u00e0 2,4 m\u00e8tres pour obtenir la meilleure couverture possible du d\u00e9tecteur. Une fois le support en place, vous pouvez facilement ajuster la position du d\u00e9tecteur pour garantir son fonctionnement efficace.<\/p>\n<p><strong>Force et couverture optimales du signal<\/strong><\/p>\n<p>L&#039;Ajax Smart Bracket permet de tester facilement la force du signal apr\u00e8s l&#039;installation.<\/p>\n<p>\u00c0 l&#039;aide de l&#039;application Ajax, vous pouvez effectuer rapidement des tests de force du signal pour vous assurer que le d\u00e9tecteur \u00e0 rideau dispose d&#039;un signal stable et fort.<\/p>\n<p>Si la force du signal est faible, un simple ajustement de l&#039;emplacement de l&#039;appareil peut am\u00e9liorer consid\u00e9rablement la r\u00e9ception du signal.<\/p>\n<p>Si la force du signal est toujours insuffisante apr\u00e8s le d\u00e9m\u00e9nagement, le prolongateur de port\u00e9e du signal radio ReX 2 peut \u00eatre utilis\u00e9 pour renforcer davantage le signal.<\/p>\n<p><strong>Conception flexible et durable<\/strong><\/p>\n<p>Le support intelligent Ajax est con\u00e7u pour \u00eatre durable et flexible.<\/p>\n<p>Il est con\u00e7u pour prendre en charge le d\u00e9tecteur de rideau Ajax et d&#039;autres appareils similaires, ce qui en fait un accessoire utile pour votre syst\u00e8me de s\u00e9curit\u00e9.<\/p>\n<p>Le support intelligent est fabriqu\u00e9 pour garantir que les appareils sont solidement mont\u00e9s et prot\u00e9g\u00e9s de tout dommage pouvant survenir lors de l&#039;installation ou de l&#039;utilisation.<\/p>\n<p><strong>Compatibilit\u00e9 et s\u00e9curit\u00e9<\/strong><\/p>\n<p>Le support de montage Smart Bracket est compatible avec le d\u00e9tecteur \u00e0 rideau Ajax et est id\u00e9al aussi bien pour les nouvelles installations que pour les mises \u00e0 niveau des syst\u00e8mes existants.<\/p>\n<p>En utilisant l&#039;application Ajax, vous pouvez facilement programmer et ajuster le syst\u00e8me pour garantir que tous les composants fonctionnent au mieux.<\/p>\n<p>L&#039;installation stable et la s\u00e9curit\u00e9 emp\u00eachent toute alt\u00e9ration ou endommagement de l&#039;appareil et garantissent que votre d\u00e9tecteur fonctionne de mani\u00e8re optimale en cas d&#039;effraction.<\/p>\n<p><strong>Caract\u00e9ristiques:<\/strong><\/p>\n<ul>\n<li><strong>Type d&#039;accessoires :<\/strong> Support de montage pour d\u00e9tecteur rideau Ajax<\/li>\n<li><strong>Hauteur d&#039;installation :<\/strong> Recommand\u00e9 2,4 m\u00e8tres<\/li>\n<li><strong>M\u00e9thode d&#039;installation :<\/strong> Se fixe aux surfaces verticales ou aux coins<\/li>\n<li><strong>Mat\u00e9riel:<\/strong> Durable et r\u00e9sistant aux intemp\u00e9ries<\/li>\n<li><strong>Compatibilit\u00e9:<\/strong> Convient au d\u00e9tecteur de rideau Ajax<\/li>\n<li><strong>Test de force du signal\u00a0:<\/strong> Oui, via l&#039;application Ajax<\/li>\n<li><strong>Attaches\u00a0:<\/strong> Comprend des vis et la possibilit\u00e9 d&#039;utiliser d&#039;autres fixations<\/li>\n<\/ul>\n<p><strong>Conclusion:<\/strong><\/p>\n<p>L&#039;Ajax Smart Bracket est une solution pratique et efficace pour installer votre d\u00e9tecteur rideau Ajax.<\/p>\n<p>En garantissant le bon placement et en optimisant la force du signal, vous pouvez \u00eatre s\u00fbr que votre syst\u00e8me de s\u00e9curit\u00e9 fonctionne de mani\u00e8re optimale.<\/p>\n<p>Avec une installation facile et des performances durables, le Smart Bracket est un \u00e9l\u00e9ment important du syst\u00e8me de s\u00e9curit\u00e9 Ajax.<\/p>","protected":false},"excerpt":{"rendered":"<p>L&#039;Ajax Smart Bracket est un support de montage pour le d\u00e9tecteur \u00e0 rideau Ajax qui rend l&#039;installation facile et s\u00fbre.<\/p>\n<p>Avec ce support, vous pouvez monter rapidement le d\u00e9tecteur \u00e0 rideau sur une surface verticale ou dans un coin pour une couverture optimale de votre syst\u00e8me de s\u00e9curit\u00e9.<\/p>","protected":false},"featured_media":0,"template":"","meta":{"_acf_changed":false},"product_brand":[],"product_cat":[3128],"product_tag":[2137,4863],"class_list":{"0":"post-81844","1":"product","2":"type-product","3":"status-publish","5":"product_cat-ajax-reservdelar-fasten","6":"product_tag-lager-ajax","7":"product_tag-pf","8":"product_shipping_class-postnord-varubrev","9":"pa_brands-ajax-systems","10":"pa_color-svart","11":"pa_farg-svart","12":"tm-no-options","14":"first","15":"instock","16":"sale","17":"featured","18":"taxable","19":"shipping-taxable","20":"purchasable","21":"product-type-simple"},"acf":[],"_links":{"self":[{"href":"https:\/\/secureus.se\/fr\/wp-json\/wp\/v2\/product\/81844","targetHints":{"allow":["GET"]}}],"collection":[{"href":"https:\/\/secureus.se\/fr\/wp-json\/wp\/v2\/product"}],"about":[{"href":"https:\/\/secureus.se\/fr\/wp-json\/wp\/v2\/types\/product"}],"wp:attachment":[{"href":"https:\/\/secureus.se\/fr\/wp-json\/wp\/v2\/media?parent=81844"}],"wp:term":[{"taxonomy":"product_brand","embeddable":true,"href":"https:\/\/secureus.se\/fr\/wp-json\/wp\/v2\/product_brand?post=81844"},{"taxonomy":"product_cat","embeddable":true,"href":"https:\/\/secureus.se\/fr\/wp-json\/wp\/v2\/product_cat?post=81844"},{"taxonomy":"product_tag","embeddable":true,"href":"https:\/\/secureus.se\/fr\/wp-json\/wp\/v2\/product_tag?post=81844"}],"curies":[{"name":"wp","href":"https:\/\/api.w.org\/{rel}","templated":true}]}}