{"id":81877,"date":"2022-11-28T12:06:12","date_gmt":"2022-11-28T11:06:12","guid":{"rendered":"https:\/\/secureus.se\/produkt\/ajax-combiprotect-ir-glaskrossdetektor-12m-tradlos-svart\/"},"modified":"2026-03-15T09:17:29","modified_gmt":"2026-03-15T08:17:29","slug":"ajax-combiprotect-ir-glaskross-12m-svart","status":"publish","type":"product","link":"https:\/\/secureus.se\/fr\/ajax-combiprotect-ir-glaskross-12m-svart\/","title":{"rendered":"Ajax CombiProtect D\u00e9tecteur de mouvement + D\u00e9tecteur de bris de vitre int\u00e9gr\u00e9 Noir"},"content":{"rendered":"<h3>Ajax CombiProtect est une solution de s\u00e9curit\u00e9 innovante et avanc\u00e9e qui combine deux fonctions importantes \u2013 la d\u00e9tection de mouvement et la d\u00e9tection de bris de verre \u2013 dans un seul et m\u00eame appareil.<\/h3>\n<p>Ce d\u00e9tecteur sans fil offre une protection compl\u00e8te en garantissant que les intrusions par les portes et fen\u00eatres ainsi que les potentiels bris de vitre sont rapidement d\u00e9tect\u00e9s.<\/p>\n<p>Le capteur de mouvement a une port\u00e9e allant jusqu&#039;\u00e0 12 m\u00e8tres, ce qui lui permet de surveiller une vaste zone, et il utilise un capteur PIR (infrarouge passif) pour d\u00e9tecter les mouvements.<\/p>\n<p>Le capteur est \u00e9galement dot\u00e9 de l&#039;immunit\u00e9 aux animaux, ce qui signifie que les animaux pesant jusqu&#039;\u00e0 20 kg et mesurant jusqu&#039;\u00e0 50 cm sont ignor\u00e9s, minimisant ainsi le risque de fausses alarmes provoqu\u00e9es par des animaux en mouvement.<\/p>\n<p>Le d\u00e9tecteur de verre bris\u00e9 a une port\u00e9e allant jusqu&#039;\u00e0 9 m\u00e8tres et est \u00e9quip\u00e9 d&#039;un microphone \u00e0 \u00e9lectret qui r\u00e9agit au bruit du verre bris\u00e9.<\/p>\n<p>Pour \u00e9viter les fausses alarmes, une s\u00e9quence sp\u00e9cifique de sons est requise (d&#039;abord un coup sourd, suivi du bruit d&#039;un verre qui tombe), ce qui permet d&#039;\u00e9viter les activations ind\u00e9sirables, par exemple du tonnerre ou des aboiements de chien.<\/p>\n<p>L&#039;appareil est con\u00e7u pour \u00eatre hautement fiable et s\u00e9curis\u00e9. CombiProtect dispose de fonctions d&#039;authentification int\u00e9gr\u00e9es pour emp\u00eacher la manipulation et le sabotage.<\/p>\n<p>Les tentatives de falsification de l&#039;appareil d\u00e9clenchent une alarme de falsification qui envoie imm\u00e9diatement un signal au hub du syst\u00e8me Ajax.<\/p>\n<p>Le d\u00e9tecteur peut fonctionner jusqu&#039;\u00e0 5 ans avec une pile CR123A pr\u00e9install\u00e9e et fonctionne efficacement \u00e0 des temp\u00e9ratures comprises entre -10\u00b0C et +40\u00b0C.<\/p>\n<p>Il communique sans fil avec le hub via Ajax Jeweler, un protocole s\u00e9curis\u00e9 qui garantit une transmission de donn\u00e9es fiable et s\u00e9curis\u00e9e jusqu&#039;\u00e0 1 200 m\u00e8tres en terrain d\u00e9couvert.<\/p>\n<p>En cas d&#039;interf\u00e9rence ou de blocage du signal, le syst\u00e8me Ajax passe \u00e0 une autre fr\u00e9quence radio pour assurer une communication constante.<\/p>\n<p>CombiProtect est facile \u00e0 installer et \u00e0 configurer via l&#039;application mobile Ajax, o\u00f9 l&#039;utilisateur peut rapidement ajouter l&#039;appareil au syst\u00e8me et personnaliser les param\u00e8tres tels que la sensibilit\u00e9 et les fonctions d&#039;alarme.<\/p>\n<p>Avec sa combinaison de d\u00e9tection de mouvement et de bris de verre, Ajax CombiProtect est le choix id\u00e9al pour prot\u00e9ger votre maison ou votre entreprise contre les intrusions et les bris de verre.<\/p>\n<p><strong>Sp\u00e9cifications techniques<\/strong>:<\/p>\n<ul>\n<li><strong>D\u00e9tection de mouvement<\/strong>: Jusqu&#039;\u00e0 12 m\u00e8tres<\/li>\n<li><strong>D\u00e9tection de bris de verre<\/strong>: Jusqu&#039;\u00e0 9 m\u00e8tres<\/li>\n<li><strong>Immunit\u00e9 animale<\/strong>: Oui, jusqu&#039;\u00e0 20 kg, 50 cm de hauteur<\/li>\n<li><strong>Autonomie de la batterie<\/strong>: Jusqu&#039;\u00e0 5 ans<\/li>\n<li><strong>Temp\u00e9rature de fonctionnement<\/strong>: -10\u00b0C \u00e0 +40\u00b0C<\/li>\n<li><strong>Communication<\/strong>: Protocole Ajax Jeweler (port\u00e9e jusqu&#039;\u00e0 1200 m\u00e8tres)<\/li>\n<li><strong>Alarme de sabotage<\/strong>: Oui<\/li>\n<li><strong>Alimentation<\/strong>: 1 x pile CR123A (3V, pr\u00e9install\u00e9e)<\/li>\n<li><strong>Classe de protection<\/strong>:IP55<\/li>\n<li><strong>Poids<\/strong>: 92g<\/li>\n<li><strong>Taille<\/strong>: 110x65x50mm<\/li>\n<\/ul>","protected":false},"excerpt":{"rendered":"<p>Ajax CombiProtect est un d\u00e9tecteur de mouvement sans fil et un d\u00e9tecteur de bris de verre qui combine deux fonctions de s\u00e9curit\u00e9 en un seul appareil.<\/p>\n<p>Il d\u00e9tecte les mouvements jusqu&#039;\u00e0 12 m\u00e8tres et les bris de verre jusqu&#039;\u00e0 9 m\u00e8tres de la fen\u00eatre.<\/p>\n<p>Gr\u00e2ce \u00e0 une technologie avanc\u00e9e incluant l\u2019immunit\u00e9 animale et des canaux de communication crypt\u00e9s, ce d\u00e9tecteur offre une s\u00e9curit\u00e9 fiable aux maisons et aux entreprises.<\/p>","protected":false},"featured_media":155439,"template":"","meta":{"_acf_changed":false},"product_brand":[],"product_cat":[3156,1319,3162,3155],"product_tag":[3127,4863],"class_list":{"0":"post-81877","1":"product","2":"type-product","3":"status-publish","4":"has-post-thumbnail","6":"product_cat-rorelse-och-kamera","7":"product_cat-ajax-larm","8":"product_cat-glaskrossdetektor","9":"product_cat-larmenheter","10":"product_tag-kontrollprodukt","11":"product_tag-pf","12":"product_shipping_class-postnord-varubrev","13":"pa_brands-ajax-systems","14":"pa_color-svart","15":"pa_farg-svart","16":"tm-no-options","18":"first","19":"instock","20":"sale","21":"featured","22":"taxable","23":"shipping-taxable","24":"purchasable","25":"product-type-simple"},"acf":[],"_links":{"self":[{"href":"https:\/\/secureus.se\/fr\/wp-json\/wp\/v2\/product\/81877","targetHints":{"allow":["GET"]}}],"collection":[{"href":"https:\/\/secureus.se\/fr\/wp-json\/wp\/v2\/product"}],"about":[{"href":"https:\/\/secureus.se\/fr\/wp-json\/wp\/v2\/types\/product"}],"wp:featuredmedia":[{"embeddable":true,"href":"https:\/\/secureus.se\/fr\/wp-json\/wp\/v2\/media\/155439"}],"wp:attachment":[{"href":"https:\/\/secureus.se\/fr\/wp-json\/wp\/v2\/media?parent=81877"}],"wp:term":[{"taxonomy":"product_brand","embeddable":true,"href":"https:\/\/secureus.se\/fr\/wp-json\/wp\/v2\/product_brand?post=81877"},{"taxonomy":"product_cat","embeddable":true,"href":"https:\/\/secureus.se\/fr\/wp-json\/wp\/v2\/product_cat?post=81877"},{"taxonomy":"product_tag","embeddable":true,"href":"https:\/\/secureus.se\/fr\/wp-json\/wp\/v2\/product_tag?post=81877"}],"curies":[{"name":"wp","href":"https:\/\/api.w.org\/{rel}","templated":true}]}}