{"id":81908,"date":"2022-11-28T12:05:46","date_gmt":"2022-11-28T11:05:46","guid":{"rendered":"https:\/\/secureus.se\/produkt\/ajax-rex-2-svart-repeater\/"},"modified":"2026-03-10T11:00:19","modified_gmt":"2026-03-10T10:00:19","slug":"ajax-rex-2-svart-repeater","status":"publish","type":"product","link":"https:\/\/secureus.se\/fr\/ajax-rex-2-svart-repeater\/","title":{"rendered":"R\u00e9p\u00e9teur Ajax ReX 2 Noir"},"content":{"rendered":"<h3>Ajax ReX 2 est un puissant amplificateur de signal radio qui permet d&#039;installer des dispositifs de s\u00e9curit\u00e9 Ajax dans des endroits \u00e9loign\u00e9s, permettant ainsi de prot\u00e9ger des zones plus vastes telles que des entrep\u00f4ts, des centres d&#039;affaires ou des propri\u00e9t\u00e9s enti\u00e8res.<\/h3>\n<p>Avec ReX 2, vous pouvez \u00e9tendre la port\u00e9e de communication de votre syst\u00e8me de s\u00e9curit\u00e9 Ajax et prendre en charge la v\u00e9rification des photos, fournissant ainsi des informations rapides et pr\u00e9cises sur les \u00e9v\u00e9nements d&#039;alarme.<\/p>\n<p><strong>Caract\u00e9ristiques:<\/strong><\/p>\n<ul>\n<li><strong>Port\u00e9e \u00e9tendue\u00a0:<\/strong> ReX 2 permet d&#039;installer des dispositifs de s\u00e9curit\u00e9 jusqu&#039;\u00e0 1 700 m\u00e8tres du hub, et de couvrir une superficie allant jusqu&#039;\u00e0 35 km\u00b2. Cela en fait un choix parfait pour les grandes propri\u00e9t\u00e9s et les installations commerciales.<\/li>\n<li><strong>V\u00e9rification des photos\u00a0:<\/strong> Gr\u00e2ce \u00e0 la prise en charge de la v\u00e9rification photo via les d\u00e9tecteurs MotionCam et MotionCam Outdoor, vous pouvez obtenir rapidement des preuves visuelles des \u00e9v\u00e9nements d&#039;intrusion, minimisant ainsi le risque de fausses alarmes et mieux pr\u00e9parer le personnel de s\u00e9curit\u00e9.<\/li>\n<li><strong>Batterie de secours\u00a0:<\/strong> Le ReX 2 dispose d&#039;une batterie de secours qui offre jusqu&#039;\u00e0 38 heures d&#039;autonomie en cas de panne de courant, garantissant que le syst\u00e8me de s\u00e9curit\u00e9 reste actif m\u00eame en cas de panne de courant.<\/li>\n<li><strong>Connexion Ethernet\u00a0:<\/strong> Pour assurer une communication stable et fiable, ReX 2 offre la possibilit\u00e9 de se connecter au hub via Ethernet, ce qui am\u00e9liore la fiabilit\u00e9 du syst\u00e8me dans des environnements \u00e0 faible signal radio.<\/li>\n<li><strong>Protection anti-sabotage :<\/strong> ReX 2 est \u00e9quip\u00e9 de fonctions permettant de d\u00e9tecter les manipulations et les sabotages. Si quelqu&#039;un tente de modifier l&#039;appareil ou de le d\u00e9connecter du syst\u00e8me, une alarme anti-sabotage est activ\u00e9e.<\/li>\n<li><strong>Configuration rapide\u00a0:<\/strong> ReX 2 est facile \u00e0 installer et \u00e0 configurer via l&#039;application Ajax, et vous n\u00e9cessite uniquement de scanner le code QR et de suivre les instructions pour l&#039;ajouter au syst\u00e8me.<\/li>\n<\/ul>\n<p><strong>Sp\u00e9cifications techniques\u00a0:<\/strong><\/p>\n<ul>\n<li><strong>Compatibilit\u00e9:<\/strong> Hub 2, Hub 2 Plus, Hub hybride<\/li>\n<li><strong>Protocole de communication\u00a0:<\/strong> Bijoutier (pour transmission d&#039;alarmes et d&#039;\u00e9v\u00e9nements), Wings (pour transmission de photos)<\/li>\n<li><strong>Port\u00e9e maximale\u00a0:<\/strong> Jusqu&#039;\u00e0 1\u00a0700 m (en fonction de la force du signal)<\/li>\n<li><strong>Batterie de secours\u00a0:<\/strong> Jusqu&#039;\u00e0 38 heures<\/li>\n<li><strong>Connexion Ethernet\u00a0:<\/strong> Oui, pour une communication s\u00e9curis\u00e9e et stable<\/li>\n<li><strong>Plage de temp\u00e9rature\u00a0:<\/strong> -10\u00b0C \u00e0 +40\u00b0C<\/li>\n<li><strong>Installation:<\/strong> Int\u00e9rieur<\/li>\n<li><strong>Mesure:<\/strong> 163x163x36mm<\/li>\n<li><strong>Poids:<\/strong> 410g<\/li>\n<\/ul>\n<p>ReX 2 offre \u00e9galement une communication bidirectionnelle entre le hub et les appareils connect\u00e9s via l&#039;amplificateur, garantissant un transfert de donn\u00e9es rapide et s\u00e9curis\u00e9.<\/p>\n<p>Si le syst\u00e8me rencontre des probl\u00e8mes de communication par radio, il peut automatiquement passer \u00e0 la connectivit\u00e9 Ethernet pour garantir que les alarmes et les \u00e9v\u00e9nements sont toujours transmis rapidement et avec pr\u00e9cision.<\/p>\n<p>&nbsp;<\/p>","protected":false},"excerpt":{"rendered":"<p>Ajax ReX 2 est un amplificateur de signal radio avanc\u00e9 qui \u00e9tend la port\u00e9e de votre syst\u00e8me de s\u00e9curit\u00e9 et prend en charge la v\u00e9rification par photo.<\/p>\n<p>Compatible avec Hub 2, Hub 2 Plus et Hub Hybrid, ReX 2 assure une communication fiable entre vos appareils de s\u00e9curit\u00e9 et le panneau de contr\u00f4le principal.<\/p>\n<p>Avec une batterie de secours, une connexion Ethernet et une protection contre la falsification, il offre une flexibilit\u00e9 et une s\u00e9curit\u00e9 accrues pour votre syst\u00e8me.<\/p>","protected":false},"featured_media":152109,"template":"","meta":{"_acf_changed":false},"product_brand":[],"product_cat":[3168,1319],"product_tag":[3127,4863],"class_list":{"0":"post-81908","1":"product","2":"type-product","3":"status-publish","4":"has-post-thumbnail","6":"product_cat-range-extender-repeater","7":"product_cat-ajax-larm","8":"product_tag-kontrollprodukt","9":"product_tag-pf","10":"product_shipping_class-tunga-paket","11":"pa_brands-ajax-systems","12":"pa_color-svart","13":"pa_farg-svart","14":"tm-no-options","16":"first","17":"instock","18":"sale","19":"featured","20":"taxable","21":"shipping-taxable","22":"purchasable","23":"product-type-simple"},"acf":[],"_links":{"self":[{"href":"https:\/\/secureus.se\/fr\/wp-json\/wp\/v2\/product\/81908","targetHints":{"allow":["GET"]}}],"collection":[{"href":"https:\/\/secureus.se\/fr\/wp-json\/wp\/v2\/product"}],"about":[{"href":"https:\/\/secureus.se\/fr\/wp-json\/wp\/v2\/types\/product"}],"wp:featuredmedia":[{"embeddable":true,"href":"https:\/\/secureus.se\/fr\/wp-json\/wp\/v2\/media\/152109"}],"wp:attachment":[{"href":"https:\/\/secureus.se\/fr\/wp-json\/wp\/v2\/media?parent=81908"}],"wp:term":[{"taxonomy":"product_brand","embeddable":true,"href":"https:\/\/secureus.se\/fr\/wp-json\/wp\/v2\/product_brand?post=81908"},{"taxonomy":"product_cat","embeddable":true,"href":"https:\/\/secureus.se\/fr\/wp-json\/wp\/v2\/product_cat?post=81908"},{"taxonomy":"product_tag","embeddable":true,"href":"https:\/\/secureus.se\/fr\/wp-json\/wp\/v2\/product_tag?post=81908"}],"curies":[{"name":"wp","href":"https:\/\/api.w.org\/{rel}","templated":true}]}}