{"id":82370,"date":"2023-07-03T14:53:56","date_gmt":"2023-07-03T12:53:56","guid":{"rendered":"https:\/\/secureus.se\/produkt\/plomberingstrad-gron\/"},"modified":"2026-04-08T08:56:37","modified_gmt":"2026-04-08T06:56:37","slug":"plomberingstrad-gron","status":"publish","type":"product","link":"https:\/\/secureus.se\/fr\/plomberingstrad-gron\/","title":{"rendered":"Fil \u00e0 sceller vert \u2013 To Assa"},"content":{"rendered":"<h2 data-start=\"687\" data-end=\"737\" data-section-id=\"1rni14v\">Plomberingstr\u00e5d f\u00f6r n\u00f6dd\u00f6rrar och brandsl\u00e4ckare<\/h2>\n<p>250 mm l\u00e5nga plomberingstr\u00e5dar f\u00f6r ASSA:s n\u00f6dutrymningsbeslag, till exempel 179A, 179A S4 eller 179B S4.<\/p>\n<p>Anv\u00e4nds f\u00f6r att verkligen tydligg\u00f6ra att att utg\u00e5ngen endast f\u00e5r anv\u00e4ndas i n\u00f6dsituationer.<\/p>\n<p>Erbjuds \u00e4ven i r\u00f6tt och bl\u00e5tt utf\u00f6rande, dock utan n\u00f6dutrymningsikon.<\/p>\n<p data-start=\"738\" data-end=\"945\">Denna gr\u00f6na plomberingstr\u00e5d anv\u00e4nds f\u00f6r att f\u00f6rsegla och markera s\u00e4kerhetsutrustning som endast ska anv\u00e4ndas vid behov. N\u00e4r plomberingen bryts syns det direkt att utrustningen har \u00f6ppnats eller manipulerats.<\/p>\n<p data-start=\"947\" data-end=\"990\">Plomberingstr\u00e5d anv\u00e4nds ofta p\u00e5 exempelvis:<\/p>\n<ul data-start=\"992\" data-end=\"1085\">\n<li data-start=\"992\" data-end=\"1005\" data-section-id=\"pburat\">\n<p data-start=\"994\" data-end=\"1005\">portes de secours<\/p>\n<\/li>\n<li data-start=\"1006\" data-end=\"1023\" data-section-id=\"xjulw6\">\n<p data-start=\"1008\" data-end=\"1023\">extincteur<\/p>\n<\/li>\n<li data-start=\"1024\" data-end=\"1039\" data-section-id=\"1l4lnz0\">\n<p data-start=\"1026\" data-end=\"1039\">borne d&#039;incendie<\/p>\n<\/li>\n<li data-start=\"1040\" data-end=\"1057\" data-section-id=\"1f72y04\">\n<p data-start=\"1042\" data-end=\"1057\">coffre-fort<\/p>\n<\/li>\n<li data-start=\"1058\" data-end=\"1085\" data-section-id=\"yfkruv\">\n<p data-start=\"1060\" data-end=\"1085\">installations techniques<\/p>\n<\/li>\n<\/ul>\n<p data-start=\"1087\" data-end=\"1179\">Det g\u00f6r s\u00e4kerhetskontroller snabbare eftersom man direkt kan se om utrustningen har \u00f6ppnats.<\/p>\n<hr data-start=\"1181\" data-end=\"1184\" \/>\n<h2 data-start=\"1186\" data-end=\"1243\" data-section-id=\"q26pcq\">Anv\u00e4nds ofta i fastigheter och s\u00e4kerhetsinstallationer<\/h2>\n<p data-start=\"1244\" data-end=\"1454\">Plomberingstr\u00e5d \u00e4r en vanlig l\u00f6sning inom fastighetsf\u00f6rvaltning och systematiskt brandskyddsarbete. Den g\u00f6r det m\u00f6jligt att snabbt kontrollera om s\u00e4kerhetsutrustning \u00e4r intakt utan att beh\u00f6va \u00f6ppna varje enhet.<\/p>\n<p data-start=\"1456\" data-end=\"1563\">Denna modell \u00e4r s\u00e4rskilt anpassad f\u00f6r installationer d\u00e4r <strong data-start=\"1513\" data-end=\"1554\">ASSA-komponenter eller n\u00f6dd\u00f6rrsbeslag<\/strong> anv\u00e4nds.<\/p>\n<hr data-start=\"1565\" data-end=\"1568\" \/>\n<h2 data-start=\"1570\" data-end=\"1588\" data-section-id=\"1floner\">Montage facile<\/h2>\n<p data-start=\"1589\" data-end=\"1797\">Plomberingstr\u00e5den monteras genom att bandet f\u00f6rs genom exempelvis en sprint eller ett handtag och sedan l\u00e5ses i plomberingsdelen. N\u00e4r plomberingen \u00e4r l\u00e5st kan den inte \u00f6ppnas utan att brytas eller klippas av.<\/p>\n<p data-start=\"1799\" data-end=\"1855\">Det g\u00f6r den till en enkel men effektiv s\u00e4kerhetsl\u00f6sning.<\/p>\n<hr data-start=\"1857\" data-end=\"1860\" \/>\n<h1 data-start=\"1862\" data-end=\"1872\" data-section-id=\"16fopcq\">Avantages<\/h1>\n<ul data-start=\"1874\" data-end=\"2070\">\n<li data-start=\"1874\" data-end=\"1916\" data-section-id=\"ls77ve\">\n<p data-start=\"1876\" data-end=\"1916\">Indique imm\u00e9diatement si l&#039;\u00e9quipement a \u00e9t\u00e9 ouvert.<\/p>\n<\/li>\n<li data-start=\"1917\" data-end=\"1962\" data-section-id=\"1pqowha\">\n<p data-start=\"1919\" data-end=\"1962\">Emp\u00eache l&#039;utilisation inutile des portes de secours<\/p>\n<\/li>\n<li data-start=\"1963\" data-end=\"1998\" data-section-id=\"136scw8\">\n<p data-start=\"1965\" data-end=\"1998\">F\u00f6renklar brandskyddskontroller<\/p>\n<\/li>\n<li data-start=\"1999\" data-end=\"2032\" data-section-id=\"1ofabbw\">\n<p data-start=\"2001\" data-end=\"2032\">Facile \u00e0 assembler et \u00e0 utiliser<\/p>\n<\/li>\n<li data-start=\"2033\" data-end=\"2070\" data-section-id=\"d31n5h\">\n<p data-start=\"2035\" data-end=\"2070\">Kostnadseffektiv s\u00e4kerhetsl\u00f6sning<\/p>\n<\/li>\n<\/ul>\n<hr data-start=\"2072\" data-end=\"2075\" \/>\n<h1 data-start=\"2077\" data-end=\"2105\" data-section-id=\"brc9ws\">usages courants<\/h1>\n<ul data-start=\"2107\" data-end=\"2201\">\n<li data-start=\"2107\" data-end=\"2120\" data-section-id=\"1hfb5n9\">\n<p data-start=\"2109\" data-end=\"2120\">portes de secours<\/p>\n<\/li>\n<li data-start=\"2121\" data-end=\"2138\" data-section-id=\"1glgnsm\">\n<p data-start=\"2123\" data-end=\"2138\">extincteur<\/p>\n<\/li>\n<li data-start=\"2139\" data-end=\"2154\" data-section-id=\"ybft18\">\n<p data-start=\"2141\" data-end=\"2154\">bornes d&#039;incendie<\/p>\n<\/li>\n<li data-start=\"2155\" data-end=\"2172\" data-section-id=\"hh5nt0\">\n<p data-start=\"2157\" data-end=\"2172\">Coffre-fort<\/p>\n<\/li>\n<li data-start=\"2173\" data-end=\"2201\" data-section-id=\"1d7qlpj\">\n<p data-start=\"2175\" data-end=\"2201\">Installations immobili\u00e8res<\/p>\n<\/li>\n<\/ul>\n<hr data-start=\"2203\" data-end=\"2206\" \/>\n<h1 data-start=\"2208\" data-end=\"2225\" data-section-id=\"vb28v8\">Caract\u00e9ristiques<\/h1>\n<p data-start=\"2227\" data-end=\"2384\">Taille: <strong data-start=\"2236\" data-end=\"2251\">250 \u00d7 20 mm<\/strong><br data-start=\"2251\" data-end=\"2254\" \/>Peinture: <strong data-start=\"2260\" data-end=\"2268\">Vert<\/strong><br data-start=\"2268\" data-end=\"2271\" \/>Taper: <strong data-start=\"2276\" data-end=\"2317\">Fil de scellage \/ scell\u00e9 de s\u00e9curit\u00e9<\/strong><br data-start=\"2317\" data-end=\"2320\" \/>Utiliser: <strong data-start=\"2332\" data-end=\"2384\">N\u00f6dd\u00f6rrar, brandsl\u00e4ckare och s\u00e4kerhetsutrustning<\/strong><\/p>\n<p>Vous souhaitez en savoir plus sur le fonctionnement de l&#039;\u00e9tanch\u00e9it\u00e9 ?<br data-start=\"3597\" data-end=\"3600\" \/><a href=\"https:\/\/secureus.se\/fr\/vad-ar-plomberingstrad-sa-fungerar-sakerhetsplombering\/\" target=\"_blank\" rel=\"noopener\"><strong>Consultez notre guide\u00a0: <em data-start=\"3617\" data-end=\"3694\">Vad \u00e4r plomberingstr\u00e5d och hur anv\u00e4nds den f\u00f6r brandsl\u00e4ckare och n\u00f6dd\u00f6rrar?<\/em><\/strong><\/a><\/p>\n<p>&nbsp;<\/p>","protected":false},"excerpt":{"rendered":"<p data-start=\"335\" data-end=\"528\">Fil d&#039;\u00e9tanch\u00e9it\u00e9 vert pour le marquage et l&#039;\u00e9tanch\u00e9it\u00e9 des portes de secours, des extincteurs et autres \u00e9quipements de s\u00e9curit\u00e9.<\/p>\n<p data-start=\"335\" data-end=\"528\">Le scell\u00e9 permet de voir rapidement si un appareil a \u00e9t\u00e9 ouvert ou alt\u00e9r\u00e9.<\/p>\n<p data-start=\"530\" data-end=\"653\">Il est souvent utilis\u00e9 dans les propri\u00e9t\u00e9s, les lieux publics et les industries o\u00f9 les \u00e9quipements de s\u00e9curit\u00e9 doivent \u00eatre v\u00e9rifi\u00e9s r\u00e9guli\u00e8rement.<\/p>\n<p><span style=\"text-decoration: underline\"><strong><span class=\"ui-provider a b c d e f g h i j k l m n o p q r s t u v w x y z ab ac ae af ag ah ai aj ak\" dir=\"ltr\">L&#039;image montre un paquet de 10, mais le produit est vendu \u00e0 la pi\u00e8ce - Si vous en achetez 10, ce sera conforme \u00e0 l&#039;image.<\/span><\/strong><\/span><\/p>\n<div class=\"product-presentation__column is--accordion\">\n<div class=\"product-presentation__accordion\"><\/div>\n<\/div>","protected":false},"featured_media":140638,"template":"","meta":{"_acf_changed":false},"product_brand":[],"product_cat":[3224,1332],"product_tag":[],"class_list":{"0":"post-82370","1":"product","2":"type-product","3":"status-publish","4":"has-post-thumbnail","6":"product_cat-nodutrymning","7":"product_cat-utrymning-tillbehor","8":"product_shipping_class-postnord-varubrev","9":"pa_brands-stonehouse-security","10":"pa_farg-gron","11":"tm-no-options","13":"first","14":"instock","15":"sale","16":"featured","17":"taxable","18":"shipping-taxable","19":"purchasable","20":"product-type-simple"},"acf":[],"_links":{"self":[{"href":"https:\/\/secureus.se\/fr\/wp-json\/wp\/v2\/product\/82370","targetHints":{"allow":["GET"]}}],"collection":[{"href":"https:\/\/secureus.se\/fr\/wp-json\/wp\/v2\/product"}],"about":[{"href":"https:\/\/secureus.se\/fr\/wp-json\/wp\/v2\/types\/product"}],"wp:featuredmedia":[{"embeddable":true,"href":"https:\/\/secureus.se\/fr\/wp-json\/wp\/v2\/media\/140638"}],"wp:attachment":[{"href":"https:\/\/secureus.se\/fr\/wp-json\/wp\/v2\/media?parent=82370"}],"wp:term":[{"taxonomy":"product_brand","embeddable":true,"href":"https:\/\/secureus.se\/fr\/wp-json\/wp\/v2\/product_brand?post=82370"},{"taxonomy":"product_cat","embeddable":true,"href":"https:\/\/secureus.se\/fr\/wp-json\/wp\/v2\/product_cat?post=82370"},{"taxonomy":"product_tag","embeddable":true,"href":"https:\/\/secureus.se\/fr\/wp-json\/wp\/v2\/product_tag?post=82370"}],"curies":[{"name":"wp","href":"https:\/\/api.w.org\/{rel}","templated":true}]}}