{"id":82466,"date":"2022-03-10T15:47:00","date_gmt":"2022-03-10T14:47:00","guid":{"rendered":"https:\/\/secureus.se\/produkt\/magnetkontakt-mc440-vit-utanpaliggande\/"},"modified":"2026-02-19T12:54:17","modified_gmt":"2026-02-19T11:54:17","slug":"magnetkontakt-mc440-vit-utanpaliggande","status":"publish","type":"product","link":"https:\/\/secureus.se\/fr\/magnetkontakt-mc440-vit-utanpaliggande\/","title":{"rendered":"Contact magn\u00e9tique MC440 Blanc - Montage en saillie"},"content":{"rendered":"<div>\n<p>Pour une installation rapide et facile, il dispose d&#039;une borne \u00e0 vis avec protection des fils et contact anti-sabotage contre toute ouverture non autoris\u00e9e.<\/p>\n<p>Le contact magn\u00e9tique a un grand espace, ce qui signifie qu&#039;il peut \u00eatre facilement mont\u00e9 sur la plupart des mat\u00e9riaux tels que le bois, le plastique, les portes et fen\u00eatres en aluminium.<\/p>\n<p>Le connecteur fonctionne parfaitement pour \u00eatre mont\u00e9 sur des portes en acier et des portes de s\u00e9curit\u00e9, mais vous devez alors utiliser les entretoises en plastique fournies. Il existe diff\u00e9rents types d&#039;angles de montage pour s&#039;adapter \u00e0 la plupart des installations. Si des entretoises en plastique suppl\u00e9mentaires sont n\u00e9cessaires, utilisez le MC 400-6 ou le MC 400-7.<\/p>\n<\/div>","protected":false},"excerpt":{"rendered":"<p>Produits du march\u00e9 professionnel - Alarmtech - Prix toujours bas<\/p>","protected":false},"featured_media":145315,"template":"","meta":{"_acf_changed":false},"product_brand":[],"product_cat":[3086],"product_tag":[],"class_list":{"0":"post-82466","1":"product","2":"type-product","3":"status-publish","4":"has-post-thumbnail","6":"product_cat-magnetkontakter","7":"product_shipping_class-postnord-varubrev","8":"pa_brands-alarmtech","9":"tm-no-options","11":"first","12":"instock","13":"featured","14":"taxable","15":"shipping-taxable","16":"purchasable","17":"product-type-simple"},"acf":[],"_links":{"self":[{"href":"https:\/\/secureus.se\/fr\/wp-json\/wp\/v2\/product\/82466","targetHints":{"allow":["GET"]}}],"collection":[{"href":"https:\/\/secureus.se\/fr\/wp-json\/wp\/v2\/product"}],"about":[{"href":"https:\/\/secureus.se\/fr\/wp-json\/wp\/v2\/types\/product"}],"wp:featuredmedia":[{"embeddable":true,"href":"https:\/\/secureus.se\/fr\/wp-json\/wp\/v2\/media\/145315"}],"wp:attachment":[{"href":"https:\/\/secureus.se\/fr\/wp-json\/wp\/v2\/media?parent=82466"}],"wp:term":[{"taxonomy":"product_brand","embeddable":true,"href":"https:\/\/secureus.se\/fr\/wp-json\/wp\/v2\/product_brand?post=82466"},{"taxonomy":"product_cat","embeddable":true,"href":"https:\/\/secureus.se\/fr\/wp-json\/wp\/v2\/product_cat?post=82466"},{"taxonomy":"product_tag","embeddable":true,"href":"https:\/\/secureus.se\/fr\/wp-json\/wp\/v2\/product_tag?post=82466"}],"curies":[{"name":"wp","href":"https:\/\/api.w.org\/{rel}","templated":true}]}}