{"id":82467,"date":"2022-03-10T15:47:00","date_gmt":"2022-03-10T14:47:00","guid":{"rendered":"https:\/\/secureus.se\/produkt\/magnetkontakt-port-hogsak-mc270-s68-alarmtech\/"},"modified":"2026-04-22T15:54:02","modified_gmt":"2026-04-22T13:54:02","slug":"magnetkontakt-port-hogsak-mc270-s68-alarmtech","status":"publish","type":"product","link":"https:\/\/secureus.se\/fr\/magnetkontakt-port-hogsak-mc270-s68-alarmtech\/","title":{"rendered":"Contact magn\u00e9tique Contact de port. Technologie d&#039;alarme MC 270-S68"},"content":{"rendered":"<div>\n<p>L&#039;ensemble MC 270-S68 est destin\u00e9 aux environnements expos\u00e9s o\u00f9 un contact magn\u00e9tique plus robuste est n\u00e9cessaire sur les portes de garage et industrielles de type pliante ou basculante, etc.<\/p>\n<p>L&#039;ensemble se compose d&#039;une pi\u00e8ce de contact MC 270-C avec fonction de contact NF mont\u00e9e dans un bo\u00eetier MC 200-6 Al et d&#039;un aimant extra puissant dans un bo\u00eetier MC 200-8 Al, qui permet un grand espace d&#039;ouverture. La partie mont\u00e9e au sol peut supporter le poids d\u2019une voiture. L&#039;ensemble MC 270-S68 peut \u00eatre avantageusement compl\u00e9t\u00e9 par un flexible renforc\u00e9 MC Tx (MC T2, MC T4, MC T7). Le produit est approuv\u00e9 SBSC selon MC 270 \/ MK 240.<\/p>\n<\/div>\n<div class=\"addthis_toolbox\"><span class=\"st_sharethis\"><span class=\"stButton\" style=\"text-decoration: none; color: #000000; display: inline-block; cursor: pointer; padding-left: 0px; padding-right: 0px; width: 16px;\"><span class=\"chicklets sharethis\">\u00a0<\/span><\/span><\/span> <span class=\"st_facebook\"><span class=\"stButton\" style=\"text-decoration: none; color: #000000; display: inline-block; cursor: pointer; padding-left: 0px; padding-right: 0px; width: 16px;\"><span class=\"chicklets facebook\">\u00a0<\/span><\/span><\/span> <span class=\"st_twitter\"><span class=\"stButton\" style=\"text-decoration: none; color: #000000; display: inline-block; cursor: pointer; padding-left: 0px; padding-right: 0px; width: 16px;\"><span class=\"chicklets twitter\">\u00a0<\/span><\/span><\/span> <span class=\"st_linkedin\"><span class=\"stButton\" style=\"text-decoration: none; color: #000000; display: inline-block; cursor: pointer; padding-left: 0px; padding-right: 0px; width: 16px;\"><span class=\"chicklets linkedin\">\u00a0<\/span><\/span><\/span> <span class=\"st_email\"><span class=\"stButton\" style=\"text-decoration: none; color: #000000; display: inline-block; cursor: pointer; padding-left: 0px; padding-right: 0px; width: 16px;\"><span class=\"chicklets email\">\u00a0<\/span><\/span><\/span><\/div>","protected":false},"excerpt":{"rendered":"<p>Contact magn\u00e9tique Contact de port. Technologie d&#039;alarme MC270-S68<\/p>","protected":false},"featured_media":145326,"template":"","meta":{"_acf_changed":false},"product_brand":[],"product_cat":[3086],"product_tag":[2466],"class_list":{"0":"post-82467","1":"product","2":"type-product","3":"status-publish","4":"has-post-thumbnail","6":"product_cat-magnetkontakter","7":"product_tag-sbsc-larmklass3","8":"product_shipping_class-postnord-varubrev","9":"pa_brands-alarmtech","10":"tm-no-options","12":"first","13":"instock","14":"sale","15":"featured","16":"taxable","17":"shipping-taxable","18":"purchasable","19":"product-type-simple"},"acf":[],"_links":{"self":[{"href":"https:\/\/secureus.se\/fr\/wp-json\/wp\/v2\/product\/82467","targetHints":{"allow":["GET"]}}],"collection":[{"href":"https:\/\/secureus.se\/fr\/wp-json\/wp\/v2\/product"}],"about":[{"href":"https:\/\/secureus.se\/fr\/wp-json\/wp\/v2\/types\/product"}],"wp:featuredmedia":[{"embeddable":true,"href":"https:\/\/secureus.se\/fr\/wp-json\/wp\/v2\/media\/145326"}],"wp:attachment":[{"href":"https:\/\/secureus.se\/fr\/wp-json\/wp\/v2\/media?parent=82467"}],"wp:term":[{"taxonomy":"product_brand","embeddable":true,"href":"https:\/\/secureus.se\/fr\/wp-json\/wp\/v2\/product_brand?post=82467"},{"taxonomy":"product_cat","embeddable":true,"href":"https:\/\/secureus.se\/fr\/wp-json\/wp\/v2\/product_cat?post=82467"},{"taxonomy":"product_tag","embeddable":true,"href":"https:\/\/secureus.se\/fr\/wp-json\/wp\/v2\/product_tag?post=82467"}],"curies":[{"name":"wp","href":"https:\/\/api.w.org\/{rel}","templated":true}]}}