{"id":82469,"date":"2022-03-10T15:47:00","date_gmt":"2022-03-10T14:47:00","guid":{"rendered":"https:\/\/secureus.se\/produkt\/vibrationsdetektor-med-inbyggd-magnetkontakt\/"},"modified":"2026-01-09T23:39:09","modified_gmt":"2026-01-09T22:39:09","slug":"vd-1-vibrationsdetektor-med-inbyggd-magnetkontakt","status":"publish","type":"product","link":"https:\/\/secureus.se\/fr\/vd-1-vibrationsdetektor-med-inbyggd-magnetkontakt\/","title":{"rendered":"D\u00e9tecteur de vibrations VD-1 avec contact magn\u00e9tique int\u00e9gr\u00e9"},"content":{"rendered":"<h1>D\u00e9tecteur de vibrations VD-1 avec contact magn\u00e9tique \u2013 S\u00e9curit\u00e9 au plus haut niveau<\/h1>\n<p>SATEL VD-1 est un d\u00e9tecteur de vibrations avanc\u00e9 qui allie pr\u00e9cision et flexibilit\u00e9.<\/p>\n<p>Gr\u00e2ce \u00e0 son contact magn\u00e9tique int\u00e9gr\u00e9, il peut d\u00e9tecter les tentatives d&#039;intrusion telles que les tentatives violentes d&#039;ouverture de portes et de fen\u00eatres, tout en ignorant les vibrations naturelles de l&#039;environnement, telles que le vent et les courants d&#039;air.<\/p>\n<p>La sensibilit\u00e9 r\u00e9glable permet d&#039;adapter le d\u00e9tecteur \u00e0 des besoins sp\u00e9cifiques. Le VD-1 peut identifier \u00e0 la fois des vibrations fortes uniques et une s\u00e9rie de vibrations plus faibles, ce qui le rend id\u00e9al pour divers environnements de s\u00e9curit\u00e9.<\/p>\n<p>De plus, il offre une indication LED claire pour signaler l&#039;\u00e9tat et les alarmes.<\/p>\n<p>Avec son interrupteur anti-sabotage et sa construction robuste, le VD-1 est une solution fiable pour tous les besoins de s\u00e9curit\u00e9.<\/p>\n<p>Le d\u00e9tecteur est disponible en deux couleurs \u2013 blanc et marron \u2013 pour s\u2019int\u00e9grer dans n\u2019importe quel environnement.<\/p>\n<h3>Avantages :<\/h3>\n<ul>\n<li><strong>D\u00e9tection avanc\u00e9e<\/strong>:Distingue les vibrations naturelles et les tentatives d&#039;intrusion.<\/li>\n<li><strong>Sensibilit\u00e9 r\u00e9glable<\/strong>:Personnalisez pour d\u00e9tecter les vibrations fortes et faibles.<\/li>\n<li><strong>Protection contre les manipulations<\/strong>:Prot\u00e8ge contre les acc\u00e8s et manipulations non autoris\u00e9s.<\/li>\n<li><strong>Conception \u00e9l\u00e9gante<\/strong>:Disponible en blanc et en marron pour s&#039;adapter \u00e0 tous les environnements.<\/li>\n<\/ul>\n<h3>Caract\u00e9ristiques:<\/h3>\n<ul>\n<li><strong>Mesure<\/strong>: 26 x 112 x 29 mm<\/li>\n<li><strong>Tension de fonctionnement<\/strong>: 12 V CC (\u00b1 15 %)<\/li>\n<li><strong>Consommation d&#039;\u00e9nergie<\/strong>:Veille 3,5 mA, Max 5,4 mA<\/li>\n<li><strong>Plage de temp\u00e9rature<\/strong>: -10\u00b0C \u00e0 +55\u00b0C<\/li>\n<li><strong>Distances de d\u00e9tection typiques<\/strong>:Jusqu&#039;\u00e0 3,5 m\u00e8tres sur des surfaces en bois<\/li>\n<\/ul>\n<p>Choisissez SATEL VD-1 pour une maison ou une entreprise s\u00fbre et s\u00e9curis\u00e9e.<\/p>","protected":false},"excerpt":{"rendered":"<p><strong>D\u00e9tecteur de vibrations VD-1 avec contact magn\u00e9tique<\/strong><\/p>\n<p>Assurez une s\u00e9curit\u00e9 maximale avec le SATEL VD-1, un d\u00e9tecteur de vibrations capable de distinguer les vibrations naturelles des tentatives d&#039;intrusion. Avec une sensibilit\u00e9 r\u00e9glable et une fonction anti-effraction, il est id\u00e9al pour prot\u00e9ger les portes et les fen\u00eatres.<\/p>","protected":false},"featured_media":145376,"template":"","meta":{"_acf_changed":false},"product_brand":[],"product_cat":[3085,3086,1324],"product_tag":[2418],"class_list":{"0":"post-82469","1":"product","2":"type-product","3":"status-publish","4":"has-post-thumbnail","6":"product_cat-vibationsdetektorer-glaskrossdetektorer","7":"product_cat-magnetkontakter","8":"product_cat-outlet","9":"product_tag-rel-larmgivare","10":"product_shipping_class-postnord-varubrev","11":"pa_brands-satel","12":"tm-no-options","14":"first","15":"instock","16":"sale","17":"featured","18":"taxable","19":"shipping-taxable","20":"purchasable","21":"product-type-simple"},"acf":[],"_links":{"self":[{"href":"https:\/\/secureus.se\/fr\/wp-json\/wp\/v2\/product\/82469","targetHints":{"allow":["GET"]}}],"collection":[{"href":"https:\/\/secureus.se\/fr\/wp-json\/wp\/v2\/product"}],"about":[{"href":"https:\/\/secureus.se\/fr\/wp-json\/wp\/v2\/types\/product"}],"wp:featuredmedia":[{"embeddable":true,"href":"https:\/\/secureus.se\/fr\/wp-json\/wp\/v2\/media\/145376"}],"wp:attachment":[{"href":"https:\/\/secureus.se\/fr\/wp-json\/wp\/v2\/media?parent=82469"}],"wp:term":[{"taxonomy":"product_brand","embeddable":true,"href":"https:\/\/secureus.se\/fr\/wp-json\/wp\/v2\/product_brand?post=82469"},{"taxonomy":"product_cat","embeddable":true,"href":"https:\/\/secureus.se\/fr\/wp-json\/wp\/v2\/product_cat?post=82469"},{"taxonomy":"product_tag","embeddable":true,"href":"https:\/\/secureus.se\/fr\/wp-json\/wp\/v2\/product_tag?post=82469"}],"curies":[{"name":"wp","href":"https:\/\/api.w.org\/{rel}","templated":true}]}}