{"id":82470,"date":"2022-03-10T15:47:00","date_gmt":"2022-03-10T14:47:00","guid":{"rendered":"https:\/\/secureus.se\/produkt\/magnetkontakt-dc107-2-meter-kabel\/"},"modified":"2026-04-01T14:37:36","modified_gmt":"2026-04-01T12:37:36","slug":"magnetkontakt-dc107-2-meter-kabel","status":"publish","type":"product","link":"https:\/\/secureus.se\/fr\/magnetkontakt-dc107-2-meter-kabel\/","title":{"rendered":"Contact magn\u00e9tique DC 107 \u2013 c\u00e2ble de 2 m\u00e8tres"},"content":{"rendered":"<p>Le contact magn\u00e9tique DC107 est destin\u00e9 \u00e0 un montage encastr\u00e9 dans le bois ou le m\u00e9tal.<\/p>\n<p>Les contacts magn\u00e9tiques sont utilis\u00e9s pour d\u00e9tecter l&#039;ouverture de portes, de fen\u00eatres ou de trappes, par exemple.<\/p>\n<p>Contact magn\u00e9tique encastr\u00e9 avec c\u00e2ble de connexion 4 fils de 2 m\u00e8tres<\/p>\n<p>Distance de travail (max) : 9 mm<\/p>\n<p>Trou de per\u00e7age : 18,8 mm<\/p>\n<p>Fonction en fonctionnement : Normalement ferm\u00e9<\/p>\n<p>Dimensions : Contact : (\u00d8xL) 22,2\u00d728,6 mm Aimant : (\u00d8xL) 22,2\u00d739,7 mm<\/p>","protected":false},"excerpt":{"rendered":"<p>Contact magn\u00e9tique DC107 \u2013 c\u00e2ble de 2 m\u00e8tres<\/p>","protected":false},"featured_media":145394,"template":"","meta":{"_acf_changed":false},"product_brand":[],"product_cat":[3086],"product_tag":[],"class_list":{"0":"post-82470","1":"product","2":"type-product","3":"status-publish","4":"has-post-thumbnail","6":"product_cat-magnetkontakter","7":"product_shipping_class-postnord-varubrev","8":"pa_brands-utc","9":"tm-no-options","11":"first","12":"instock","13":"sale","14":"featured","15":"taxable","16":"shipping-taxable","17":"purchasable","18":"product-type-simple"},"acf":[],"_links":{"self":[{"href":"https:\/\/secureus.se\/fr\/wp-json\/wp\/v2\/product\/82470","targetHints":{"allow":["GET"]}}],"collection":[{"href":"https:\/\/secureus.se\/fr\/wp-json\/wp\/v2\/product"}],"about":[{"href":"https:\/\/secureus.se\/fr\/wp-json\/wp\/v2\/types\/product"}],"wp:featuredmedia":[{"embeddable":true,"href":"https:\/\/secureus.se\/fr\/wp-json\/wp\/v2\/media\/145394"}],"wp:attachment":[{"href":"https:\/\/secureus.se\/fr\/wp-json\/wp\/v2\/media?parent=82470"}],"wp:term":[{"taxonomy":"product_brand","embeddable":true,"href":"https:\/\/secureus.se\/fr\/wp-json\/wp\/v2\/product_brand?post=82470"},{"taxonomy":"product_cat","embeddable":true,"href":"https:\/\/secureus.se\/fr\/wp-json\/wp\/v2\/product_cat?post=82470"},{"taxonomy":"product_tag","embeddable":true,"href":"https:\/\/secureus.se\/fr\/wp-json\/wp\/v2\/product_tag?post=82470"}],"curies":[{"name":"wp","href":"https:\/\/api.w.org\/{rel}","templated":true}]}}