{"id":82471,"date":"2022-03-10T15:48:00","date_gmt":"2022-03-10T14:48:00","guid":{"rendered":"https:\/\/secureus.se\/produkt\/lr-cl-lins-i-kapsling-langstralande-for-slim-line-ir-detektor-luna-ir-detektor-pro-dual-luna-och-dual-pro\/"},"modified":"2025-12-31T19:45:15","modified_gmt":"2025-12-31T18:45:15","slug":"langstralande-lins-for-slim-line","status":"publish","type":"product","link":"https:\/\/secureus.se\/fr\/langstralande-lins-for-slim-line\/","title":{"rendered":"Lentille \u00e0 faisceau long pour SLIM-LINE"},"content":{"rendered":"<div id=\"leftpane\">\n<h1>Lentille \u00e0 faisceau long pour SLIM-LINE - Am\u00e9liorez votre syst\u00e8me de s\u00e9curit\u00e9<\/h1>\n<p>Le LR-CL est une lentille \u00e0 faisceau long sp\u00e9cialement d\u00e9velopp\u00e9e pour maximiser les performances des d\u00e9tecteurs de la s\u00e9rie SLIM-LINE.<\/p>\n<p>Cet objectif s&#039;adapte aux versions IR et DUAL, y compris les mod\u00e8les PRO et LUNA, et offre une capacit\u00e9 de d\u00e9tection exceptionnelle dans les grands espaces.<\/p>\n<p>Avec cet objectif, vous pouvez\u00a0:<\/p>\n<ul>\n<li>\u00c9tendez la plage de d\u00e9tection pour couvrir des distances plus longues.<\/li>\n<li>Garantissez une plus grande pr\u00e9cision de d\u00e9tection dans des environnements de s\u00e9curit\u00e9 complexes.<\/li>\n<li>Personnalisez votre installation avec un assemblage facile et une compatibilit\u00e9 avec tous les mod\u00e8les haut de gamme de la gamme SLIM-LINE.<\/li>\n<\/ul>\n<p><strong>Parfait pour\u00a0:<\/strong><\/p>\n<ul>\n<li>Entrep\u00f4ts et propri\u00e9t\u00e9s commerciales.<\/li>\n<li>Longs couloirs et environnements industriels.<\/li>\n<li>Applications qui n\u00e9cessitent une haute pr\u00e9cision et fiabilit\u00e9.<\/li>\n<\/ul>\n<p>Rendez vos solutions de s\u00e9curit\u00e9 encore plus robustes et efficaces avec l&#039;objectif LR-CL.<\/p>\n<\/div>","protected":false},"excerpt":{"rendered":"<p><strong>Lentille \u00e0 faisceau long pour SLIM-LINE<\/strong><br \/>\nTirez le meilleur parti de vos d\u00e9tecteurs SLIM-LINE avec l&#039;objectif LR-CL.<\/p>\n<p>Sp\u00e9cialement con\u00e7u pour les mod\u00e8les PRO, LUNA et DUAL, il offre une capacit\u00e9 de d\u00e9tection accrue et une haute pr\u00e9cision.<\/p>\n<p>&nbsp;<\/p>","protected":false},"featured_media":145006,"template":"","meta":{"_acf_changed":false},"product_brand":[],"product_cat":[1325],"product_tag":[2145],"class_list":{"0":"post-82471","1":"product","2":"type-product","3":"status-publish","4":"has-post-thumbnail","6":"product_cat-larmgivare-skalskydd","7":"product_tag-rorelsedetektor-ir-detektorer","8":"product_shipping_class-postnord-varubrev","9":"pa_brands-satel","10":"tm-no-options","12":"first","13":"instock","14":"sale","15":"featured","16":"taxable","17":"shipping-taxable","18":"purchasable","19":"product-type-simple"},"acf":[],"_links":{"self":[{"href":"https:\/\/secureus.se\/fr\/wp-json\/wp\/v2\/product\/82471","targetHints":{"allow":["GET"]}}],"collection":[{"href":"https:\/\/secureus.se\/fr\/wp-json\/wp\/v2\/product"}],"about":[{"href":"https:\/\/secureus.se\/fr\/wp-json\/wp\/v2\/types\/product"}],"wp:featuredmedia":[{"embeddable":true,"href":"https:\/\/secureus.se\/fr\/wp-json\/wp\/v2\/media\/145006"}],"wp:attachment":[{"href":"https:\/\/secureus.se\/fr\/wp-json\/wp\/v2\/media?parent=82471"}],"wp:term":[{"taxonomy":"product_brand","embeddable":true,"href":"https:\/\/secureus.se\/fr\/wp-json\/wp\/v2\/product_brand?post=82471"},{"taxonomy":"product_cat","embeddable":true,"href":"https:\/\/secureus.se\/fr\/wp-json\/wp\/v2\/product_cat?post=82471"},{"taxonomy":"product_tag","embeddable":true,"href":"https:\/\/secureus.se\/fr\/wp-json\/wp\/v2\/product_tag?post=82471"}],"curies":[{"name":"wp","href":"https:\/\/api.w.org\/{rel}","templated":true}]}}