{"id":82472,"date":"2022-03-10T15:48:00","date_gmt":"2022-03-10T14:48:00","guid":{"rendered":"https:\/\/secureus.se\/produkt\/fjarrkontroll-opt-1-for-slimline-detektorer\/"},"modified":"2025-12-31T19:49:06","modified_gmt":"2025-12-31T18:49:06","slug":"opt-1-fjarrkontroll-for-slimline-detektorer","status":"publish","type":"product","link":"https:\/\/secureus.se\/fr\/opt-1-fjarrkontroll-for-slimline-detektorer\/","title":{"rendered":"T\u00e9l\u00e9commande Satel OPT-1 pour d\u00e9tecteurs Slimline pour le r\u00e9glage et la programmation"},"content":{"rendered":"<div>\n<div>\n<div>\n<div>\n<div>\n<div data-tid=\"messageBodyContainer\">\n<div data-tid=\"messageBodyContent\">\n<div>\n<div>\n<div>\n<h1>La t\u00e9l\u00e9commande OPT-1 est une solution innovante pour l&#039;installation et l&#039;entretien des d\u00e9tecteurs Slimline de SATEL.<\/h1>\n<p>Cette t\u00e9l\u00e9commande infrarouge permet de modifier les param\u00e8tres de fonctionnement des d\u00e9tecteurs de mani\u00e8re simple et rapide sans avoir \u00e0 ouvrir l&#039;appareil.<\/p>\n<p>Avec une port\u00e9e de 15 m\u00e8tres, vous pouvez ajuster des param\u00e8tres importants tels que la sensibilit\u00e9 du capteur, le test de marche et bien plus encore, rendant l&#039;installation plus rapide et plus facile.<\/p>\n<p>Cette t\u00e9l\u00e9commande est un appareil rapide et \u00e9conomique qui raccourcit le processus d&#039;installation et de service.<\/p>\n<p>En \u00e9tant capable de contr\u00f4ler et de tester les d\u00e9tecteurs sans avoir \u00e0 ouvrir physiquement le bo\u00eetier, le risque de dommages aux unit\u00e9s est r\u00e9duit et l&#039;efficacit\u00e9 est augment\u00e9e lors du d\u00e9pannage et de la configuration.<\/p>\n<p>Cela signifie \u00e9galement des co\u00fbts d&#039;exploitation r\u00e9duits pour l&#039;installation et la maintenance, ce qui en fait un outil indispensable tant pour les installateurs que pour les techniciens.<\/p>\n<p>La t\u00e9l\u00e9commande OPT-1 est compatible avec une large gamme de d\u00e9tecteurs Slimline, notamment LUNA, LUNA-PET, PRO, DUAL-LUNA, DUAL-LUNA-PET, DUAL-PRO, OPAL Plus et OPAL Pro.<\/p>\n<p>Cela lui permet d&#039;\u00eatre utilis\u00e9 pour les d\u00e9tecteurs de base et avanc\u00e9s dans divers syst\u00e8mes de s\u00e9curit\u00e9.<\/p>\n<p>Que vous travailliez avec un simple d\u00e9tecteur de mouvement ou avec un appareil \u00e0 double technologie plus avanc\u00e9, la t\u00e9l\u00e9commande OPT-1 constitue une solution pratique pour adapter les fonctions de l&#039;appareil \u00e0 des besoins sp\u00e9cifiques.<\/p>\n<p><strong>Caract\u00e9ristiques et avantages\u00a0:<\/strong><\/p>\n<ul>\n<li><strong>Installation et r\u00e9glage faciles :<\/strong> Ajustez les param\u00e8tres de fonctionnement sans ouvrir l&#039;appareil.<\/li>\n<li><strong>Port\u00e9e de 15 m\u00e8tres\u00a0:<\/strong> Utilisation pratique \u00e0 distance pendant l&#039;installation et l&#039;entretien.<\/li>\n<li><strong>Compatibilit\u00e9:<\/strong> Convient \u00e0 plusieurs d\u00e9tecteurs Slimline, notamment LUNA, OPAL Plus et OPAL Pro.<\/li>\n<li><strong>Rentable\u00a0:<\/strong> Gain de temps et d&#039;argent gr\u00e2ce \u00e0 une programmation rapide et efficace.<\/li>\n<li><strong>S\u00fbr et fiable\u00a0:<\/strong> Permet des r\u00e9glages sans risquer d&#039;endommager l&#039;appareil.<\/li>\n<\/ul>\n<p><strong>Sp\u00e9cifications techniques\u00a0:<\/strong><\/p>\n<ul>\n<li><strong>Port\u00e9e:<\/strong> Jusqu&#039;\u00e0 15 m\u00e8tres<\/li>\n<li><strong>Compatibilit\u00e9:<\/strong> D\u00e9tecteur SLIM-IR -LUNA, d\u00e9tecteur SLIM-IR -LUNA-PET, d\u00e9tecteur SLIM-IR -PRO, SLIM-DUAL-LUNA, SLIM-DUAL-LUNA-PET, SLIM-DUAL-PRO, OPAL Plus, OPAL Pro<\/li>\n<li><strong>Utiliser:<\/strong> Contr\u00f4le \u00e0 distance des d\u00e9tecteurs de mouvement sans ouvrir le bo\u00eetier<\/li>\n<li><strong>Caract\u00e9ristiques:<\/strong> Ajustement de la sensibilit\u00e9 du capteur, test de marche et autres param\u00e8tres de fonctionnement<\/li>\n<\/ul>\n<\/div>\n<\/div>\n<\/div>\n<\/div>\n<\/div>\n<\/div>\n<\/div>\n<\/div>\n<\/div>\n<\/div>","protected":false},"excerpt":{"rendered":"<p>T\u00e9l\u00e9commande OPT-1 pour d\u00e9tecteurs Slimline \u2013 Une solution pratique et \u00e9conomique pour contr\u00f4ler et programmer des d\u00e9tecteurs de mouvement \u00e0 distance.<\/p>\n<p>Avec une port\u00e9e de 15 m\u00e8tres, vous pouvez r\u00e9gler la sensibilit\u00e9 du capteur et d&#039;autres param\u00e8tres sans ouvrir le bo\u00eetier.<\/p>","protected":false},"featured_media":145028,"template":"","meta":{"_acf_changed":false},"product_brand":[],"product_cat":[1325],"product_tag":[],"class_list":{"0":"post-82472","1":"product","2":"type-product","3":"status-publish","4":"has-post-thumbnail","6":"product_cat-larmgivare-skalskydd","7":"product_shipping_class-postnord-varubrev","8":"pa_brands-satel","9":"tm-no-options","11":"first","12":"instock","13":"sale","14":"featured","15":"taxable","16":"shipping-taxable","17":"purchasable","18":"product-type-simple"},"acf":[],"_links":{"self":[{"href":"https:\/\/secureus.se\/fr\/wp-json\/wp\/v2\/product\/82472","targetHints":{"allow":["GET"]}}],"collection":[{"href":"https:\/\/secureus.se\/fr\/wp-json\/wp\/v2\/product"}],"about":[{"href":"https:\/\/secureus.se\/fr\/wp-json\/wp\/v2\/types\/product"}],"wp:featuredmedia":[{"embeddable":true,"href":"https:\/\/secureus.se\/fr\/wp-json\/wp\/v2\/media\/145028"}],"wp:attachment":[{"href":"https:\/\/secureus.se\/fr\/wp-json\/wp\/v2\/media?parent=82472"}],"wp:term":[{"taxonomy":"product_brand","embeddable":true,"href":"https:\/\/secureus.se\/fr\/wp-json\/wp\/v2\/product_brand?post=82472"},{"taxonomy":"product_cat","embeddable":true,"href":"https:\/\/secureus.se\/fr\/wp-json\/wp\/v2\/product_cat?post=82472"},{"taxonomy":"product_tag","embeddable":true,"href":"https:\/\/secureus.se\/fr\/wp-json\/wp\/v2\/product_tag?post=82472"}],"curies":[{"name":"wp","href":"https:\/\/api.w.org\/{rel}","templated":true}]}}