{"id":82474,"date":"2022-03-10T15:48:00","date_gmt":"2022-03-10T14:48:00","guid":{"rendered":"https:\/\/secureus.se\/produkt\/lr-cl2-lins-i-kapsling-langstralande-for-slim-line-ir-detektor-dual\/"},"modified":"2025-12-31T19:56:37","modified_gmt":"2025-12-31T18:56:37","slug":"langstralande-lins-till-slim-line-dual","status":"publish","type":"product","link":"https:\/\/secureus.se\/fr\/langstralande-lins-till-slim-line-dual\/","title":{"rendered":"Lentille \u00e0 faisceau long pour SLIM-LINE DUAL"},"content":{"rendered":"<h1>Lentille \u00e0 faisceau long LR-CL2 pour d\u00e9tecteurs SLIM-LINE<\/h1>\n<p>Le LR-CL2 est la solution parfaite pour ceux qui ont besoin d&#039;une d\u00e9tection am\u00e9lior\u00e9e sur de longues distances.<\/p>\n<p>Cet objectif est con\u00e7u pour s&#039;adapter aux d\u00e9tecteurs SLIM-LINE de SATEL, notamment SLIM-PIR et SLIM-DUAL, ce qui en fait un choix flexible pour les syst\u00e8mes de s\u00e9curit\u00e9 commerciaux et priv\u00e9s.<\/p>\n<p>Avec le LR-CL2, vous obtenez un objectif dans un bo\u00eetier robuste dot\u00e9 de la technologie Fresnel, qui peut \u00eatre facilement remplac\u00e9 par le bo\u00eetier standard.<\/p>\n<p>Aucun assemblage complexe n\u2019est requis \u2013 il ne faut que 30 secondes pour changer l\u2019objectif. Cela fait du LR-CL2 une mise \u00e0 niveau facile pour maximiser la s\u00e9curit\u00e9 de votre propri\u00e9t\u00e9.<\/p>\n<p>Caract\u00e9ristiques et avantages\u00a0:<\/p>\n<ul>\n<li><strong>D\u00e9tection \u00e0 longue port\u00e9e<\/strong>: Parfait pour les grandes surfaces o\u00f9 la distance est cruciale.<\/li>\n<li><strong>Installation simple<\/strong>: Changez le capuchon rapidement sans avoir \u00e0 r\u00e9gler l&#039;objectif lui-m\u00eame.<\/li>\n<li><strong>Bo\u00eetier r\u00e9sistant<\/strong>: Construction robuste qui prot\u00e8ge l&#039;objectif dans les environnements difficiles.<\/li>\n<li><strong>Compatibilit\u00e9<\/strong>: Fonctionne avec les d\u00e9tecteurs SLIM-PIR et SLIM-DUAL.<\/li>\n<\/ul>\n<p>Avec le LR-CL2, vous vous assurez que votre solution de s\u00e9curit\u00e9 fonctionne de mani\u00e8re optimale m\u00eame dans des conditions difficiles.<\/p>\n<p>Cet objectif est un accessoire indispensable pour faire passer la s\u00e9curit\u00e9 au niveau sup\u00e9rieur.<\/p>","protected":false},"excerpt":{"rendered":"<p>L&#039;objectif \u00e0 faisceau long LR-CL2 pour les d\u00e9tecteurs SLIM-LINE offre une d\u00e9tection sup\u00e9rieure sur de longues distances.<\/p>\n<p>Convient aux versions IR et DUAL. Facile \u00e0 remplacer et id\u00e9al pour les syst\u00e8mes de s\u00e9curit\u00e9 avanc\u00e9s.<\/p>\n<p>&nbsp;<\/p>","protected":false},"featured_media":145014,"template":"","meta":{"_acf_changed":false},"product_brand":[],"product_cat":[3220,1325],"product_tag":[2145],"class_list":{"0":"post-82474","1":"product","2":"type-product","3":"status-publish","4":"has-post-thumbnail","6":"product_cat-larmtillbehor","7":"product_cat-larmgivare-skalskydd","8":"product_tag-rorelsedetektor-ir-detektorer","9":"product_shipping_class-postnord-varubrev","10":"pa_brands-satel","11":"tm-no-options","13":"first","14":"instock","15":"sale","16":"featured","17":"taxable","18":"shipping-taxable","19":"purchasable","20":"product-type-simple"},"acf":[],"_links":{"self":[{"href":"https:\/\/secureus.se\/fr\/wp-json\/wp\/v2\/product\/82474","targetHints":{"allow":["GET"]}}],"collection":[{"href":"https:\/\/secureus.se\/fr\/wp-json\/wp\/v2\/product"}],"about":[{"href":"https:\/\/secureus.se\/fr\/wp-json\/wp\/v2\/types\/product"}],"wp:featuredmedia":[{"embeddable":true,"href":"https:\/\/secureus.se\/fr\/wp-json\/wp\/v2\/media\/145014"}],"wp:attachment":[{"href":"https:\/\/secureus.se\/fr\/wp-json\/wp\/v2\/media?parent=82474"}],"wp:term":[{"taxonomy":"product_brand","embeddable":true,"href":"https:\/\/secureus.se\/fr\/wp-json\/wp\/v2\/product_brand?post=82474"},{"taxonomy":"product_cat","embeddable":true,"href":"https:\/\/secureus.se\/fr\/wp-json\/wp\/v2\/product_cat?post=82474"},{"taxonomy":"product_tag","embeddable":true,"href":"https:\/\/secureus.se\/fr\/wp-json\/wp\/v2\/product_tag?post=82474"}],"curies":[{"name":"wp","href":"https:\/\/api.w.org\/{rel}","templated":true}]}}