{"id":82476,"date":"2022-03-10T15:48:00","date_gmt":"2022-03-10T14:48:00","guid":{"rendered":"https:\/\/secureus.se\/produkt\/slim-ir-detektor-pet-klass-grade2-15x20-meter-husdjur-20-kg\/"},"modified":"2025-12-31T19:56:25","modified_gmt":"2025-12-31T18:56:25","slug":"slim-pir-pet-klass-grade2","status":"publish","type":"product","link":"https:\/\/secureus.se\/fr\/slim-pir-pet-klass-grade2\/","title":{"rendered":"SLIM-PIR-PET Classe\/Grade2 \u2013 15\u00d720 m\u00e8tres + Animaux"},"content":{"rendered":"<h1>SLIM-PIR-PET D\u00e9tecteur de mouvement avec immunit\u00e9 aux animaux<\/h1>\n<p>SLIM-PIR-PET est un d\u00e9tecteur de mouvement intelligent et fiable con\u00e7u pour allier s\u00e9curit\u00e9 et commodit\u00e9.<\/p>\n<p>Avec une immunit\u00e9 aux animaux pesant jusqu&#039;\u00e0 20 kg, il est parfait pour les maisons avec des animaux domestiques, sans compromettre la s\u00e9curit\u00e9.<\/p>\n<p>Le d\u00e9tecteur utilise un capteur infrarouge passif (PIR) avanc\u00e9 pour d\u00e9tecter les mouvements dans la zone prot\u00e9g\u00e9e.<\/p>\n<p>Avec une sensibilit\u00e9 r\u00e9glable sur huit niveaux, vous pouvez facilement l&#039;adapter \u00e0 diff\u00e9rents environnements. L&#039;appareil dispose \u00e9galement de r\u00e9sistances de fin de vie (2EOL) int\u00e9gr\u00e9es qui simplifient l&#039;installation et l&#039;indicateur LED offre quatre couleurs diff\u00e9rentes pour correspondre \u00e0 votre configuration de s\u00e9curit\u00e9.<\/p>\n<p><strong>Caract\u00e9ristiques et avantages<\/strong>:<\/p>\n<ul>\n<li><strong>Immunit\u00e9 aux animaux de compagnie<\/strong>: D\u00e9tecte les mouvements sans fausses alarmes des animaux jusqu&#039;\u00e0 20 kg.<\/li>\n<li><strong>D\u00e9tection avanc\u00e9e<\/strong>: Technologie PIR avec compensation num\u00e9rique de temp\u00e9rature pour des performances maximales.<\/li>\n<li><strong>Indicateur LED s\u00e9lectionnable<\/strong>: Personnalisable pour diff\u00e9rentes couleurs de signalisation.<\/li>\n<li><strong>Facile \u00e0 installer<\/strong>: Compatible avec tous les syst\u00e8mes de s\u00e9curit\u00e9 modernes.<\/li>\n<\/ul>\n<p>Que ce soit dans des propri\u00e9t\u00e9s r\u00e9sidentielles ou commerciales, SLIM-PIR-PET offre un \u00e9quilibre parfait entre technologie et facilit\u00e9 d&#039;utilisation.<\/p>\n<p>Avec un design compact et une construction robuste, il est \u00e0 la fois esth\u00e9tique et fonctionnel.<\/p>\n<p>&nbsp;<\/p>","protected":false},"excerpt":{"rendered":"<p><strong>SLIM-PIR-PET D\u00e9tecteur de mouvement avec immunit\u00e9 aux animaux<\/strong><br \/>\nSLIM-PIR-PET est un d\u00e9tecteur de mouvement haute performance avec immunit\u00e9 aux animaux jusqu&#039;\u00e0 20 kg.<\/p>\n<p>Parfait pour les propri\u00e9t\u00e9s r\u00e9sidentielles et commerciales, il allie technologie de pointe et facilit\u00e9 d\u2019utilisation.<\/p>","protected":false},"featured_media":144928,"template":"","meta":{"_acf_changed":false},"product_brand":[],"product_cat":[1325],"product_tag":[2963,2145],"class_list":{"0":"post-82476","1":"product","2":"type-product","3":"status-publish","4":"has-post-thumbnail","6":"product_cat-larmgivare-skalskydd","7":"product_tag-grade-2","8":"product_tag-rorelsedetektor-ir-detektorer","9":"product_shipping_class-postnord-varubrev","10":"pa_brands-satel","11":"tm-no-options","13":"first","14":"instock","15":"sale","16":"featured","17":"taxable","18":"shipping-taxable","19":"purchasable","20":"product-type-simple"},"acf":[],"_links":{"self":[{"href":"https:\/\/secureus.se\/fr\/wp-json\/wp\/v2\/product\/82476","targetHints":{"allow":["GET"]}}],"collection":[{"href":"https:\/\/secureus.se\/fr\/wp-json\/wp\/v2\/product"}],"about":[{"href":"https:\/\/secureus.se\/fr\/wp-json\/wp\/v2\/types\/product"}],"wp:featuredmedia":[{"embeddable":true,"href":"https:\/\/secureus.se\/fr\/wp-json\/wp\/v2\/media\/144928"}],"wp:attachment":[{"href":"https:\/\/secureus.se\/fr\/wp-json\/wp\/v2\/media?parent=82476"}],"wp:term":[{"taxonomy":"product_brand","embeddable":true,"href":"https:\/\/secureus.se\/fr\/wp-json\/wp\/v2\/product_brand?post=82476"},{"taxonomy":"product_cat","embeddable":true,"href":"https:\/\/secureus.se\/fr\/wp-json\/wp\/v2\/product_cat?post=82476"},{"taxonomy":"product_tag","embeddable":true,"href":"https:\/\/secureus.se\/fr\/wp-json\/wp\/v2\/product_tag?post=82476"}],"curies":[{"name":"wp","href":"https:\/\/api.w.org\/{rel}","templated":true}]}}