{"id":82477,"date":"2022-03-10T15:48:00","date_gmt":"2022-03-10T14:48:00","guid":{"rendered":"https:\/\/secureus.se\/produkt\/slim-ir-detektor-pro-klass-grade3-20x24-meter-med-antimask\/"},"modified":"2026-04-22T21:05:02","modified_gmt":"2026-04-22T19:05:02","slug":"slim-pir-pro-klass-grade3","status":"publish","type":"product","link":"https:\/\/secureus.se\/fr\/slim-pir-pro-klass-grade3\/","title":{"rendered":"SLIM-PIR-PRO Klass\/Grade3 \u2013 20\u00d724 m\u00e8tres avec Antimask"},"content":{"rendered":"<h1>Satel SLIM-PIR-PRO \u2013 D\u00e9tecteur de mouvement professionnel avec anti-masque<\/h1>\n<p>D\u00e9couvrez un nouveau niveau de s\u00e9curit\u00e9 avec <strong>Satel SLIM-PIR-PRO<\/strong>, un d\u00e9tecteur de mouvement avanc\u00e9 con\u00e7u pour les syst\u00e8mes de s\u00e9curit\u00e9 professionnels.<\/p>\n<p>Certifi\u00e9 EN 50131 Grade 3, ce d\u00e9tecteur allie hautes performances et options d&#039;installation flexibles.<\/p>\n<h2>Caract\u00e9ristiques et avantages<\/h2>\n<ul>\n<li><strong>Haute s\u00e9curit\u00e9<\/strong>: Conforme \u00e0 la classification EN 50131 pour le niveau 3, ce qui le rend parfait pour les applications de s\u00e9curit\u00e9 exigeantes.<\/li>\n<li><strong>Technologie antimasque<\/strong>: L&#039;anti-masque IR actif d\u00e9tecte et signale les tentatives de couverture ou de falsification du d\u00e9tecteur.<\/li>\n<li><strong>Sensibilit\u00e9 r\u00e9glable<\/strong>: Ajustez la sensibilit\u00e9 de la d\u00e9tection de mouvement et de l&#039;anti-masque en fonction de vos besoins.<\/li>\n<li><strong>Installation flexible<\/strong>: Avec le support de montage inclus et la possibilit\u00e9 de changer l&#039;objectif en rideau ou longue distance, il s&#039;adapte \u00e0 diff\u00e9rents environnements.<\/li>\n<li><strong>Indicateurs LED<\/strong>: Choisissez parmi sept couleurs pour une signalisation et une surveillance faciles de l&#039;\u00e9tat.<\/li>\n<\/ul>\n<h2>Parfait pour\u00a0:<\/h2>\n<ul>\n<li>Locaux commerciaux et propri\u00e9t\u00e9s commerciales.<\/li>\n<li>Environnements \u00e0 haut risque tels que les banques, les entrep\u00f4ts et les installations industrielles.<\/li>\n<li>Syst\u00e8mes de logement avanc\u00e9s avec des exigences de s\u00e9curit\u00e9 \u00e9lev\u00e9es.<\/li>\n<\/ul>\n<p>Investir dans <strong>Satel SLIM-PIR-PRO<\/strong> et b\u00e9n\u00e9ficiez de la s\u00e9curit\u00e9 et de la fiabilit\u00e9 les plus \u00e9lev\u00e9es pour vos applications les plus critiques.<\/p>\n<div class=\"badges\"><\/div>","protected":false},"excerpt":{"rendered":"<p><strong>Satel SLIM-PIR-PRO \u2013 D\u00e9tecteur haute s\u00e9curit\u00e9<\/strong><br \/>\nLe SLIM-PIR-PRO avanc\u00e9 de Satel est un d\u00e9tecteur de mouvement certifi\u00e9 EN 50131 Grade 3.<\/p>\n<p>Avec une fonction anti-masque, une sensibilit\u00e9 r\u00e9glable et des options d&#039;installation flexibles, il est id\u00e9al pour les solutions de s\u00e9curit\u00e9 professionnelles.<\/p>","protected":false},"featured_media":145556,"template":"","meta":{"_acf_changed":false},"product_brand":[],"product_cat":[1325],"product_tag":[2145],"class_list":{"0":"post-82477","1":"product","2":"type-product","3":"status-publish","4":"has-post-thumbnail","6":"product_cat-larmgivare-skalskydd","7":"product_tag-rorelsedetektor-ir-detektorer","8":"product_shipping_class-postnord-varubrev","9":"pa_brands-satel","10":"tm-no-options","12":"first","13":"instock","14":"sale","15":"featured","16":"taxable","17":"shipping-taxable","18":"purchasable","19":"product-type-simple"},"acf":[],"_links":{"self":[{"href":"https:\/\/secureus.se\/fr\/wp-json\/wp\/v2\/product\/82477","targetHints":{"allow":["GET"]}}],"collection":[{"href":"https:\/\/secureus.se\/fr\/wp-json\/wp\/v2\/product"}],"about":[{"href":"https:\/\/secureus.se\/fr\/wp-json\/wp\/v2\/types\/product"}],"wp:featuredmedia":[{"embeddable":true,"href":"https:\/\/secureus.se\/fr\/wp-json\/wp\/v2\/media\/145556"}],"wp:attachment":[{"href":"https:\/\/secureus.se\/fr\/wp-json\/wp\/v2\/media?parent=82477"}],"wp:term":[{"taxonomy":"product_brand","embeddable":true,"href":"https:\/\/secureus.se\/fr\/wp-json\/wp\/v2\/product_brand?post=82477"},{"taxonomy":"product_cat","embeddable":true,"href":"https:\/\/secureus.se\/fr\/wp-json\/wp\/v2\/product_cat?post=82477"},{"taxonomy":"product_tag","embeddable":true,"href":"https:\/\/secureus.se\/fr\/wp-json\/wp\/v2\/product_tag?post=82477"}],"curies":[{"name":"wp","href":"https:\/\/api.w.org\/{rel}","templated":true}]}}