{"id":82480,"date":"2022-03-10T15:48:00","date_gmt":"2022-03-10T14:48:00","guid":{"rendered":"https:\/\/secureus.se\/produkt\/slim-dual-pro-kombidetektor-klass-grade3-20x24-meter-antimask\/"},"modified":"2026-04-01T14:37:51","modified_gmt":"2026-04-01T12:37:51","slug":"slim-dual-pro-kombidetektor-klass-grade3-20x24-meter-antimask","status":"publish","type":"product","link":"https:\/\/secureus.se\/fr\/slim-dual-pro-kombidetektor-klass-grade3-20x24-meter-antimask\/","title":{"rendered":"D\u00e9tecteur Satel Combi SLIM DUAL PRO Grade3 \u2013 20\u00d724 m"},"content":{"rendered":"<h1>Satel Slim-Dual-Pro \u2013 S\u00e9curit\u00e9 de niveau professionnel<\/h1>\n<p>Satel Slim Dual Pro est le d\u00e9tecteur de mouvement ultime pour les installations de s\u00e9curit\u00e9 qui n\u00e9cessitent la plus haute pr\u00e9cision et fiabilit\u00e9.<\/p>\n<p>Gr\u00e2ce \u00e0 sa combinaison de technologie infrarouge passif (PIR) et micro-ondes (MW), ce d\u00e9tecteur offre une sensibilit\u00e9 in\u00e9gal\u00e9e et minimise le risque de fausses alarmes.<\/p>\n<h5>Caract\u00e9ristiques et avantages\u00a0:<\/h5>\n<ul>\n<li><strong>Double technologie<\/strong>: Capteurs PIR et MW pour une d\u00e9tection optimale.<\/li>\n<li><strong>Anti-vers<\/strong>: Prot\u00e8ge contre les tentatives de sabotage du d\u00e9tecteur en recouvrant ou en peignant la lentille.<\/li>\n<li><strong>Verres r\u00e9glables<\/strong>: Choisissez entre grand angle, rideau ou longue distance pour r\u00e9pondre aux besoins de l&#039;installation.<\/li>\n<li><strong>Indicateurs LED<\/strong>: Affiche l&#039;\u00e9tat et peut \u00eatre personnalis\u00e9 avec sept couleurs diff\u00e9rentes.<\/li>\n<li><strong>Configuration \u00e0 distance<\/strong>: Modifiez les param\u00e8tres et effectuez des tests de marche facilement avec la t\u00e9l\u00e9commande OPT-1.<\/li>\n<li><strong>Attestation<\/strong>: Conforme \u00e0 la norme EN 50131-2-4 Grade 3 pour les installations de haute s\u00e9curit\u00e9.<\/li>\n<\/ul>\n<p>Avec une couverture allant jusqu&#039;\u00e0 20x24 m\u00e8tres et la possibilit\u00e9 de r\u00e9gler la sensibilit\u00e9 de chaque capteur, le Slim Dual Pro est une solution id\u00e9ale pour les propri\u00e9t\u00e9s commerciales et priv\u00e9es.<\/p>","protected":false},"excerpt":{"rendered":"<p><strong>Satel Slim Dual Pro \u2013 D\u00e9tecteur de mouvement professionnel<\/strong> Satel Slim Dual Pro est un d\u00e9tecteur de mouvement avanc\u00e9 \u00e0 double technologie (IR et MW), con\u00e7u pour une s\u00e9curit\u00e9 maximale selon la norme EN 50131 Grade 3.<\/p>\n<p>Avec une couverture de 20x24 m, des options de montage anti-vers et flexibles, il convient aussi bien aux propri\u00e9t\u00e9s commerciales que priv\u00e9es.<\/p>","protected":false},"featured_media":145300,"template":"","meta":{"_acf_changed":false},"product_brand":[],"product_cat":[1325],"product_tag":[2146],"class_list":{"0":"post-82480","1":"product","2":"type-product","3":"status-publish","4":"has-post-thumbnail","6":"product_cat-larmgivare-skalskydd","7":"product_tag-rorelsedetektor-kombidetektorer","8":"product_shipping_class-postnord-varubrev","9":"pa_brands-satel","10":"tm-no-options","12":"first","13":"instock","14":"sale","15":"featured","16":"taxable","17":"shipping-taxable","18":"purchasable","19":"product-type-simple"},"acf":[],"_links":{"self":[{"href":"https:\/\/secureus.se\/fr\/wp-json\/wp\/v2\/product\/82480","targetHints":{"allow":["GET"]}}],"collection":[{"href":"https:\/\/secureus.se\/fr\/wp-json\/wp\/v2\/product"}],"about":[{"href":"https:\/\/secureus.se\/fr\/wp-json\/wp\/v2\/types\/product"}],"wp:featuredmedia":[{"embeddable":true,"href":"https:\/\/secureus.se\/fr\/wp-json\/wp\/v2\/media\/145300"}],"wp:attachment":[{"href":"https:\/\/secureus.se\/fr\/wp-json\/wp\/v2\/media?parent=82480"}],"wp:term":[{"taxonomy":"product_brand","embeddable":true,"href":"https:\/\/secureus.se\/fr\/wp-json\/wp\/v2\/product_brand?post=82480"},{"taxonomy":"product_cat","embeddable":true,"href":"https:\/\/secureus.se\/fr\/wp-json\/wp\/v2\/product_cat?post=82480"},{"taxonomy":"product_tag","embeddable":true,"href":"https:\/\/secureus.se\/fr\/wp-json\/wp\/v2\/product_tag?post=82480"}],"curies":[{"name":"wp","href":"https:\/\/api.w.org\/{rel}","templated":true}]}}