{"id":82481,"date":"2023-07-07T11:54:44","date_gmt":"2023-07-07T09:54:44","guid":{"rendered":"https:\/\/secureus.se\/produkt\/kodlas-act5-10-koder\/"},"modified":"2026-01-06T20:51:23","modified_gmt":"2026-01-06T19:51:23","slug":"kodlas-act5-10-koder","status":"publish","type":"product","link":"https:\/\/secureus.se\/fr\/kodlas-act5-10-koder\/","title":{"rendered":"Serrure \u00e0 code ACT5 Vanderbilt pour 1 serrure et 10 codes"},"content":{"rendered":"<h4>Serrure \u00e0 code ind\u00e9pendante ACT5 de Vanderbilt - Contr\u00f4le s\u00fbr et fiable pour votre porte<\/h4>\n<p>La serrure \u00e0 code autonome ACT5 est une solution robuste et fiable pour contr\u00f4ler une porte, avec jusqu&#039;\u00e0 10 codes utilisateurs. La serrure est fabriqu\u00e9e avec un bo\u00eetier en polycarbonate et des boutons r\u00e9tro\u00e9clair\u00e9s en acier inoxydable, ce qui la rend adapt\u00e9e \u00e0 une utilisation int\u00e9rieure et ext\u00e9rieure. Avec un indice IP67, l&#039;ACT5 est con\u00e7u pour r\u00e9sister aux environnements les plus exigeants et garantir des performances fiables.<\/p>\n<h3>Caract\u00e9ristiques et avantages<\/h3>\n<ul>\n<li><strong>10 codes utilisateur<\/strong>: Possibilit\u00e9 de g\u00e9rer jusqu&#039;\u00e0 10 codes individuels pour un contr\u00f4le d&#039;acc\u00e8s flexible.<\/li>\n<li><strong>Boutons r\u00e9tro\u00e9clair\u00e9s<\/strong>: Boutons en acier inoxydable avec r\u00e9tro\u00e9clairage pour une utilisation facile dans les environnements sombres.<\/li>\n<li><strong>Haute s\u00e9curit\u00e9<\/strong>: La fonction verrouille le clavier pendant 20 secondes apr\u00e8s trois saisies de code incorrectes, emp\u00eachant ainsi tout acc\u00e8s non autoris\u00e9.<\/li>\n<li><strong>Construction robuste<\/strong>: Bo\u00eetier en polycarbonate qui r\u00e9siste aux environnements difficiles et le rend adapt\u00e9 \u00e0 une utilisation en ext\u00e9rieur.<\/li>\n<li><strong>Sortie relais<\/strong>: Commande avec une sortie relais 5A pour un verrouillage s\u00fbr et efficace.<\/li>\n<li><strong>Programmation simple<\/strong>: Programmation simple et rapide directement via le clavier pour une installation et une maintenance pratiques.<\/li>\n<li><strong>Indice IP67<\/strong>: Prot\u00e9g\u00e9 contre la poussi\u00e8re et l&#039;eau, ce qui le rend id\u00e9al pour les installations ext\u00e9rieures.<\/li>\n<\/ul>\n<h3>Sp\u00e9cification technique<\/h3>\n<ul>\n<li><strong>Tension de fonctionnement<\/strong>: 12 \u2013 24 Volts CA\/CC<\/li>\n<li><strong>Consommation d&#039;\u00e9nergie<\/strong>: 30mA (nominal), 120mA (maximum)<\/li>\n<li><strong>Temp\u00e9rature de travail<\/strong>: -40 \u00e0 +70\u00b0C<\/li>\n<li><strong>Classe de protection<\/strong>:IP67<\/li>\n<li><strong>Dimensions<\/strong>: 94x130x25mm<\/li>\n<li><strong>Poids<\/strong>: 0,225 kg<\/li>\n<li><strong>Nombre de portes<\/strong>: 1<\/li>\n<li><strong>Utilisateur<\/strong>: 10<\/li>\n<\/ul>\n<h3>Installation et utilisation<\/h3>\n<ol>\n<li><strong>Fixation<\/strong>: Peut \u00eatre mont\u00e9 aussi bien en saillie qu&#039;en encastr\u00e9, ce qui donne une flexibilit\u00e9 d&#039;installation.<\/li>\n<li><strong>Programmation<\/strong>: Programmation facile des codes utilisateur et des param\u00e8tres directement via le clavier.<\/li>\n<li><strong>Entretien<\/strong>: Faibles besoins de maintenance avec une longue dur\u00e9e de vie et une fiabilit\u00e9 \u00e9lev\u00e9e.<\/li>\n<\/ol>\n<h3>Domaines d&#039;utilisation<\/h3>\n<p>Le verrou \u00e0 code ACT5 est id\u00e9al pour une utilisation dans les environnements commerciaux et r\u00e9sidentiels, notamment\u00a0:<\/p>\n<ul>\n<li><strong>Bureaux et b\u00e2timents corporatifs<\/strong><\/li>\n<li><strong>Immeuble r\u00e9sidentiel<\/strong><\/li>\n<li><strong>Entrep\u00f4ts et installations industrielles<\/strong><\/li>\n<li><strong>Espaces ext\u00e9rieurs o\u00f9 la robustesse est requise<\/strong><\/li>\n<\/ul>\n<ul class=\"content--list list--unstyled\">\n<li class=\"list--entry\"><a href=\"http:\/\/V54521-C110-A100\">\u00a0Fiche technique \u2013 (su\u00e9dois) \u2013 Fiche technique des familles ACT5, ACT5-EM et ACT10.pdf<\/a><\/li>\n<li class=\"list--entry\"><a class=\"content--link link--download\" title=\" Manuel d&#039;installation - (su\u00e9dois) - InstallGuide\" href=\"https:\/\/ams.acresecurity.com\/assets\/55257\/download\" target=\"_blank\" rel=\"nofollow noopener\">\u00a0Manuel d&#039;installation \u2013 (su\u00e9dois) \u2013 InstallGuide.pdf<\/a><\/li>\n<li class=\"list--entry\"><a class=\"content--link link--download\" title=\" Guide d&#039;assistance produit - (anglais) - Installation du codelock \u2013 Dos \u00e0 dos (un de chaque c\u00f4t\u00e9 de la porte)\" href=\"https:\/\/ams.acresecurity.com\/assets\/62694\/download\" target=\"_blank\" rel=\"nofollow noopener\">Guide d&#039;assistance produit \u2013 (anglais) \u2013 Installation du codelock \u2013 Dos \u00e0 dos (un de chaque c\u00f4t\u00e9 de la porte).pdf<\/a><\/li>\n<li class=\"list--entry\"><a class=\"content--link link--download\" title=\" Guide d&#039;assistance produit - (anglais) - Fonctions utilisateur\/relais suppl\u00e9mentaires des codelocks ACT5\/10\" href=\"https:\/\/ams.acresecurity.com\/assets\/63015\/download\" target=\"_blank\" rel=\"nofollow noopener\">Guide d&#039;assistance produit \u2013 (anglais) \u2013 Fonctions utilisateur\/relais suppl\u00e9mentaires des codelocks ACT5\/10.pdf<br \/>\n<\/a><\/li>\n<\/ul>","protected":false},"excerpt":{"rendered":"<p><strong>Verrouillage \u00e0 code ind\u00e9pendant ACT5 \u2013 10 codes utilisateur, utilisation int\u00e9rieure et ext\u00e9rieure, IP67<\/strong><\/p>\n<p>ACT5 est une serrure \u00e0 code autonome avec 10 codes utilisateur et boutons r\u00e9tro\u00e9clair\u00e9s en acier inoxydable, id\u00e9ale pour une utilisation int\u00e9rieure et ext\u00e9rieure. Programmation simple et haute s\u00e9curit\u00e9 avec fonction de blocage en cas de saisie de code incorrecte.<\/p>","protected":false},"featured_media":140626,"template":"","meta":{"_acf_changed":false},"product_brand":[],"product_cat":[1481,1324],"product_tag":[],"class_list":{"0":"post-82481","1":"product","2":"type-product","3":"status-publish","4":"has-post-thumbnail","6":"product_cat-kodlas-kodlas","7":"product_cat-outlet","8":"product_shipping_class-postnord-varubrev","9":"pa_brands-6vanderbilt","10":"tm-no-options","12":"first","13":"outofstock","14":"sale","15":"featured","16":"taxable","17":"shipping-taxable","18":"purchasable","19":"product-type-simple"},"acf":[],"_links":{"self":[{"href":"https:\/\/secureus.se\/fr\/wp-json\/wp\/v2\/product\/82481","targetHints":{"allow":["GET"]}}],"collection":[{"href":"https:\/\/secureus.se\/fr\/wp-json\/wp\/v2\/product"}],"about":[{"href":"https:\/\/secureus.se\/fr\/wp-json\/wp\/v2\/types\/product"}],"wp:featuredmedia":[{"embeddable":true,"href":"https:\/\/secureus.se\/fr\/wp-json\/wp\/v2\/media\/140626"}],"wp:attachment":[{"href":"https:\/\/secureus.se\/fr\/wp-json\/wp\/v2\/media?parent=82481"}],"wp:term":[{"taxonomy":"product_brand","embeddable":true,"href":"https:\/\/secureus.se\/fr\/wp-json\/wp\/v2\/product_brand?post=82481"},{"taxonomy":"product_cat","embeddable":true,"href":"https:\/\/secureus.se\/fr\/wp-json\/wp\/v2\/product_cat?post=82481"},{"taxonomy":"product_tag","embeddable":true,"href":"https:\/\/secureus.se\/fr\/wp-json\/wp\/v2\/product_tag?post=82481"}],"curies":[{"name":"wp","href":"https:\/\/api.w.org\/{rel}","templated":true}]}}