{"id":82492,"date":"2022-03-10T15:48:00","date_gmt":"2022-03-10T14:48:00","guid":{"rendered":"https:\/\/secureus.se\/produkt\/magnetkontakt-mc240-infalld-6-meter\/"},"modified":"2025-12-31T19:45:02","modified_gmt":"2025-12-31T18:45:02","slug":"magnetkontakt-mc240-infalld-6-meter","status":"publish","type":"product","link":"https:\/\/secureus.se\/fr\/magnetkontakt-mc240-infalld-6-meter\/","title":{"rendered":"Contact magn\u00e9tique MC 240 encastr\u00e9 6 m\u00e8tres"},"content":{"rendered":"<p><span style=\"white-space: pre-line\">MC 240 est un contact magn\u00e9tique universel avec fonction NC avec c\u00e2ble de 6 m\u00e8tres. Peut \u00eatre utilis\u00e9 \u00e0 la fois dans les syst\u00e8mes d&#039;alarme et d&#039;acc\u00e8s pour la surveillance, par ex. portes, portails et fen\u00eatres, contre toute ouverture non autoris\u00e9e. Les parties de contact et l&#039;aimant sont en m\u00e9tal et con\u00e7ues comme une vis avec filetage, ce qui permet un montage facile dans le bois ou le plastique. Gr\u00e2ce \u00e0 notre vaste gamme d&#039;accessoires d&#039;installation, il est facile de monter le connecteur aussi bien en encastr\u00e9 qu&#039;en surface, m\u00eame sur du m\u00e9tal et d&#039;autres mat\u00e9riaux. Avec le bon choix d&#039;accessoires, le connecteur peut \u00e9galement \u00eatre mont\u00e9 sur des portes en acier, des coffres-forts, des portes de garage, etc.<\/span><\/p>\n<p><span style=\"white-space: pre-line\">Type d&#039;aimant : Alnico 5<\/span><\/p>\n<p><span style=\"white-space: pre-line\">Valeur typique pour la fermeture (mat\u00e9riau non magn\u00e9tique) : 27 mm <\/span><\/p>\n<p><span style=\"white-space: pre-line\">Charge maximale : 48 VCC\/500 mA\/10 VA<\/span><\/p>\n<p><span style=\"white-space: pre-line\">Plage de temp\u00e9rature : -40 \u00e0 +70\u00b0C<\/span><\/p>\n<p><span style=\"white-space: pre-line\">Indice IP\u00a0: 67<\/span><\/p>\n<p><span style=\"white-space: pre-line\">Diam\u00e8tre du foret : 9-10 mm<\/span><\/p>\n<p><span style=\"white-space: pre-line\">Dimensions partie contact : (lx\u00d8) 37\u00d711 mm<\/span><\/p>","protected":false},"excerpt":{"rendered":"<p>D\u00e9tecteurs de fum\u00e9e - Alarme CO2 - D\u00e9tecteur de temp\u00e9rature - Vibrations - Brise vitre - Prix toujours bas<\/p>","protected":false},"featured_media":145552,"template":"","meta":{"_acf_changed":false},"product_brand":[],"product_cat":[3086],"product_tag":[],"class_list":{"0":"post-82492","1":"product","2":"type-product","3":"status-publish","4":"has-post-thumbnail","6":"product_cat-magnetkontakter","7":"product_shipping_class-postnord-varubrev","8":"pa_brands-alarmtech","9":"tm-no-options","11":"first","12":"onbackorder","13":"sale","14":"featured","15":"taxable","16":"shipping-taxable","17":"purchasable","18":"product-type-simple"},"acf":[],"_links":{"self":[{"href":"https:\/\/secureus.se\/fr\/wp-json\/wp\/v2\/product\/82492","targetHints":{"allow":["GET"]}}],"collection":[{"href":"https:\/\/secureus.se\/fr\/wp-json\/wp\/v2\/product"}],"about":[{"href":"https:\/\/secureus.se\/fr\/wp-json\/wp\/v2\/types\/product"}],"wp:featuredmedia":[{"embeddable":true,"href":"https:\/\/secureus.se\/fr\/wp-json\/wp\/v2\/media\/145552"}],"wp:attachment":[{"href":"https:\/\/secureus.se\/fr\/wp-json\/wp\/v2\/media?parent=82492"}],"wp:term":[{"taxonomy":"product_brand","embeddable":true,"href":"https:\/\/secureus.se\/fr\/wp-json\/wp\/v2\/product_brand?post=82492"},{"taxonomy":"product_cat","embeddable":true,"href":"https:\/\/secureus.se\/fr\/wp-json\/wp\/v2\/product_cat?post=82492"},{"taxonomy":"product_tag","embeddable":true,"href":"https:\/\/secureus.se\/fr\/wp-json\/wp\/v2\/product_tag?post=82492"}],"curies":[{"name":"wp","href":"https:\/\/api.w.org\/{rel}","templated":true}]}}