{"id":82704,"date":"2023-05-24T14:20:28","date_gmt":"2023-05-24T12:20:28","guid":{"rendered":"https:\/\/secureus.se\/produkt\/vanderbilt-ib981-cotag-factory-encoded-passive-tag-10-pack\/"},"modified":"2026-04-09T11:37:07","modified_gmt":"2026-04-09T09:37:07","slug":"vanderbilt-ib981-cotag-factory-encoded-passive-tag-10-pack","status":"publish","type":"product","link":"https:\/\/secureus.se\/fr\/vanderbilt-ib981-cotag-factory-encoded-passive-tag-10-pack\/","title":{"rendered":"Vanderbilt IB981 COTAG \u00c9tiquette passive cod\u00e9e en usine, paquet de 10"},"content":{"rendered":"","protected":false},"excerpt":{"rendered":"<p>Vanderbilt IB981 COTAG \u00c9tiquette passive cod\u00e9e en usine, paquet de 10<\/p>","protected":false},"featured_media":140060,"template":"","meta":{"_acf_changed":false},"product_brand":[],"product_cat":[4816],"product_tag":[],"class_list":{"0":"post-82704","1":"product","2":"type-product","3":"status-publish","4":"has-post-thumbnail","6":"product_cat-vanderbilt-cotag-taggar","7":"product_shipping_class-postnord-varubrev","8":"pa_brands-cotag","9":"tm-no-options","11":"first","12":"onbackorder","13":"taxable","14":"shipping-taxable","15":"purchasable","16":"product-type-simple"},"acf":[],"_links":{"self":[{"href":"https:\/\/secureus.se\/fr\/wp-json\/wp\/v2\/product\/82704","targetHints":{"allow":["GET"]}}],"collection":[{"href":"https:\/\/secureus.se\/fr\/wp-json\/wp\/v2\/product"}],"about":[{"href":"https:\/\/secureus.se\/fr\/wp-json\/wp\/v2\/types\/product"}],"wp:featuredmedia":[{"embeddable":true,"href":"https:\/\/secureus.se\/fr\/wp-json\/wp\/v2\/media\/140060"}],"wp:attachment":[{"href":"https:\/\/secureus.se\/fr\/wp-json\/wp\/v2\/media?parent=82704"}],"wp:term":[{"taxonomy":"product_brand","embeddable":true,"href":"https:\/\/secureus.se\/fr\/wp-json\/wp\/v2\/product_brand?post=82704"},{"taxonomy":"product_cat","embeddable":true,"href":"https:\/\/secureus.se\/fr\/wp-json\/wp\/v2\/product_cat?post=82704"},{"taxonomy":"product_tag","embeddable":true,"href":"https:\/\/secureus.se\/fr\/wp-json\/wp\/v2\/product_tag?post=82704"}],"curies":[{"name":"wp","href":"https:\/\/api.w.org\/{rel}","templated":true}]}}