{"id":82805,"date":"2023-08-19T17:17:28","date_gmt":"2023-08-19T15:17:28","guid":{"rendered":"https:\/\/secureus.se\/produkt\/arbetsrela-infalld-1vxl-uc-10a\/"},"modified":"2026-03-13T18:57:55","modified_gmt":"2026-03-13T17:57:55","slug":"arbetsrela-infalld-1vxl-uc-10a","status":"publish","type":"product","link":"https:\/\/secureus.se\/fr\/arbetsrela-infalld-1vxl-uc-10a\/","title":{"rendered":"Relais de travail \u2013 Encastr\u00e9 \u2013 1VXL UC 10A"},"content":{"rendered":"<p>1 contact inverseur libre de potentiel 10A\/250V AC.<br \/>\nCharge de l&#039;ampoule jusqu&#039;\u00e0 2000W.<br \/>\nPas de consommation \u00ab veille \u00bb.<br \/>\nUnit\u00e9 \u00e0 installer. Longueur 45 mm, largeur 45 mm, profondeur 18 mm.<br \/>\nTechnologie hybride moderne qui combine les meilleurs avantages d&#039;une commande \u00e9lectronique sans usure et de relais sp\u00e9ciaux hautes performances.<br \/>\nTension de fonctionnement universelle 8 \u00e0 230 V AC\/DC. Faible niveau sonore.<\/p>\n<h2>Caract\u00e9ristiques du produit<\/h2>\n<div class=\"produkt-egenskaper\"><span class=\"produkt-egenskap\"><span class=\"label\">Fonction<\/span><span class=\"value\">Compl\u00e8tement \u00e9lectronique<br \/>\n<\/span><\/span><span class=\"produkt-egenskap\"><span class=\"label\">M\u00e9thode de montage<br \/>\n<\/span><span class=\"value\">Assemblage encastr\u00e9<br \/>\n<\/span><\/span><span class=\"produkt-egenskap\"><span class=\"label\">Profondeur d&#039;installation<\/span><span class=\"value\">18 mm<br \/>\n<\/span><\/span><span class=\"produkt-egenskap\"><span class=\"label\">Nombre de contacts de commutation<\/span><span class=\"value\">1<br \/>\n<\/span><\/span><span class=\"produkt-egenskap\"><span class=\"label\">Tension de commande 1<\/span><span class=\"value\">8...230 V<br \/>\n<\/span><\/span><span class=\"produkt-egenskap\"><span class=\"label\">Type de tension de service 1<\/span><span class=\"value\">CA\/CC<\/span><\/span><span class=\"produkt-egenskap\"><span class=\"label\">Tension de contr\u00f4le de fr\u00e9quence 1<\/span><span class=\"value\">0...60 Hz<br \/>\n<\/span><\/span><span class=\"produkt-egenskap\"><span class=\"label\">Type de tension de service 2<\/span><span class=\"value\">CA\/CC<\/span><\/span><span class=\"produkt-egenskap\"><span class=\"label\">Courant nominal<\/span><span class=\"value\">10\u00a0A<br \/>\n<\/span><\/span><span class=\"produkt-egenskap\"><span class=\"label\">Plage de tension d&#039;alimentation <\/span><span class=\"value\">0...250V<br \/>\n<\/span><\/span><span class=\"produkt-egenskap\"><span class=\"label\">Type de tension d&#039;alimentation <\/span><span class=\"value\">CA\/CC<\/span><\/span><span class=\"produkt-egenskap\"><span class=\"label\">Max.<br \/>\nCharge de l&#039;ampoule<\/span><span class=\"value\">2000W<br \/>\n<\/span><\/span><span class=\"produkt-egenskap\"><span class=\"label\">Charge fluorescente maximale<\/span><span class=\"value\">1000 VA<br \/>\n<\/span><\/span><span class=\"produkt-egenskap\"><span class=\"label\">Charge fluorescente maximale en connexion Duo<\/span><span class=\"value\">1000 VA<br \/>\n<\/span><\/span><span class=\"produkt-egenskap\"><span class=\"label\">Charge fluorescente maximale compens\u00e9e en parall\u00e8le<\/span><span class=\"value\">500 VA<br \/>\n<\/span><\/span><span class=\"produkt-egenskap\"><span class=\"label\">Max. courant de commutation (cos fi = 0,6)<\/span><span class=\"value\">4 Un<\/span><\/span><\/div>","protected":false},"excerpt":{"rendered":"<p>Multi relais 8-230 Volt sur la bobine et 10A 250V sur la bobine. Notez que le relais ne doit pas \u00eatre connect\u00e9 \u00e0 des moteurs d&#039;entra\u00eenement ou \u00e0 des charges inductives telles que des tubes fluorescents, etc.<\/p>","protected":false},"featured_media":140322,"template":"","meta":{"_acf_changed":false},"product_brand":[],"product_cat":[4151,4152,1548],"product_tag":[],"class_list":{"0":"post-82805","1":"product","2":"type-product","3":"status-publish","4":"has-post-thumbnail","6":"product_cat-rela-12-volt","7":"product_cat-rela-24-volt","8":"product_cat-relaer-elektronik","9":"product_shipping_class-postnord-varubrev","10":"tm-no-options","12":"first","13":"instock","14":"sale","15":"featured","16":"taxable","17":"shipping-taxable","18":"purchasable","19":"product-type-simple"},"acf":[],"_links":{"self":[{"href":"https:\/\/secureus.se\/fr\/wp-json\/wp\/v2\/product\/82805","targetHints":{"allow":["GET"]}}],"collection":[{"href":"https:\/\/secureus.se\/fr\/wp-json\/wp\/v2\/product"}],"about":[{"href":"https:\/\/secureus.se\/fr\/wp-json\/wp\/v2\/types\/product"}],"wp:featuredmedia":[{"embeddable":true,"href":"https:\/\/secureus.se\/fr\/wp-json\/wp\/v2\/media\/140322"}],"wp:attachment":[{"href":"https:\/\/secureus.se\/fr\/wp-json\/wp\/v2\/media?parent=82805"}],"wp:term":[{"taxonomy":"product_brand","embeddable":true,"href":"https:\/\/secureus.se\/fr\/wp-json\/wp\/v2\/product_brand?post=82805"},{"taxonomy":"product_cat","embeddable":true,"href":"https:\/\/secureus.se\/fr\/wp-json\/wp\/v2\/product_cat?post=82805"},{"taxonomy":"product_tag","embeddable":true,"href":"https:\/\/secureus.se\/fr\/wp-json\/wp\/v2\/product_tag?post=82805"}],"curies":[{"name":"wp","href":"https:\/\/api.w.org\/{rel}","templated":true}]}}