{"id":82831,"date":"2023-02-20T14:28:55","date_gmt":"2023-02-20T13:28:55","guid":{"rendered":"https:\/\/secureus.se\/produkt\/flx-s-st-flipx-standard-indoor-pir-sensor-with-rotatable-lens\/"},"modified":"2026-04-01T13:11:45","modified_gmt":"2026-04-01T11:11:45","slug":"optex-flx-s-st-flipx-standard-indoor-pir-sensor-with-rotatable-lens","status":"publish","type":"product","link":"https:\/\/secureus.se\/fr\/optex-flx-s-st-flipx-standard-indoor-pir-sensor-with-rotatable-lens\/","title":{"rendered":"Optex FLX-S-ST FlipX Professional PIR detector 15 metres angle ou long beam 24 metres"},"content":{"rendered":"<h1>Le capteur PIR Optex FLX-S-ST FlipX Standard est le dernier produit d&#039;Optex qui offre une technologie avanc\u00e9e pour une utilisation en int\u00e9rieur.<\/h1>\n<p>\u00c9quip\u00e9 d&#039;une lentille rotative, ce capteur PIR offre la possibilit\u00e9 de basculer entre une d\u00e9tection large et \u00e9troite.<\/p>\n<p>Avec une d\u00e9tection large jusqu&#039;\u00e0 12 m\u00e8tres et une d\u00e9tection \u00e9troite jusqu&#039;\u00e0 18 m\u00e8tres, le capteur offre une solution flexible pour diff\u00e9rents besoins de s\u00e9curit\u00e9.<\/p>\n<p>L&#039;une des caract\u00e9ristiques les plus remarquables du FLX-S-ST est l&#039;utilisation d&#039;un nouveau capteur pyro\u00e9lectrique et d&#039;un \u00e9l\u00e9ment de capture humaine.<\/p>\n<p>Cela rend le capteur tr\u00e8s pr\u00e9cis dans la d\u00e9tection des mouvements et il est \u00e9galement \u00e9quip\u00e9 d&#039;une technologie am\u00e9lior\u00e9e de traitement du signal qui r\u00e9duit le risque de fausses alarmes.<\/p>\n<p>Le processeur de signal num\u00e9rique et la lentille sph\u00e9rique optimisent la d\u00e9tection sur toute la zone de surveillance.<\/p>\n<p>Avec une sensibilit\u00e9 r\u00e9glable et la possibilit\u00e9 de placer le capteur entre 2,0 et 3,0 m\u00e8tres de hauteur, le FLX-S-ST est parfait pour les propri\u00e9t\u00e9s r\u00e9sidentielles et commerciales de petite taille.<\/p>\n<p>De plus, il offre une tol\u00e9rance \u00e9lev\u00e9e aux animaux de compagnie, ce qui le rend adapt\u00e9 aux environnements avec des animaux de compagnie.<\/p>\n<p>La conception robuste et les fonctionnalit\u00e9s pratiques du FLX-S-ST en font une solution fiable pour assurer une surveillance s\u00fbre et pratique dans les maisons et les petites entreprises.<\/p>\n<p>En plus de sa fonctionnalit\u00e9 fiable, il est facile \u00e0 installer gr\u00e2ce \u00e0 l&#039;indicateur LED inclus pour un d\u00e9pannage et une installation faciles.<\/p>","protected":false},"excerpt":{"rendered":"<p>L&#039;Optex FLX-S-ST est un capteur PIR int\u00e9rieur haute performance dot\u00e9 d&#039;une lentille rotative.<\/p>\n<p>Il offre une d\u00e9tection large et \u00e9troite, parfaite pour les applications r\u00e9sidentielles et commerciales.<\/p>\n<p>Dot\u00e9 d&#039;un capteur pyro\u00e9lectrique innovant et d&#039;un \u00e9l\u00e9ment de capture humaine, il garantit une d\u00e9tection fiable et pr\u00e9cise.<\/p>","protected":false},"featured_media":140675,"template":"","meta":{"_acf_changed":false},"product_brand":[],"product_cat":[1325],"product_tag":[2989,2145,2465],"class_list":{"0":"post-82831","1":"product","2":"type-product","3":"status-publish","4":"has-post-thumbnail","6":"product_cat-larmgivare-skalskydd","7":"product_tag-egen-logo-ej-taggar-kort","8":"product_tag-rorelsedetektor-ir-detektorer","9":"product_tag-sbsc-larmklass2","10":"product_shipping_class-postnord-varubrev","11":"pa_brands-optex","12":"tm-no-options","14":"first","15":"instock","16":"featured","17":"taxable","18":"shipping-taxable","19":"purchasable","20":"product-type-simple"},"acf":[],"_links":{"self":[{"href":"https:\/\/secureus.se\/fr\/wp-json\/wp\/v2\/product\/82831","targetHints":{"allow":["GET"]}}],"collection":[{"href":"https:\/\/secureus.se\/fr\/wp-json\/wp\/v2\/product"}],"about":[{"href":"https:\/\/secureus.se\/fr\/wp-json\/wp\/v2\/types\/product"}],"wp:featuredmedia":[{"embeddable":true,"href":"https:\/\/secureus.se\/fr\/wp-json\/wp\/v2\/media\/140675"}],"wp:attachment":[{"href":"https:\/\/secureus.se\/fr\/wp-json\/wp\/v2\/media?parent=82831"}],"wp:term":[{"taxonomy":"product_brand","embeddable":true,"href":"https:\/\/secureus.se\/fr\/wp-json\/wp\/v2\/product_brand?post=82831"},{"taxonomy":"product_cat","embeddable":true,"href":"https:\/\/secureus.se\/fr\/wp-json\/wp\/v2\/product_cat?post=82831"},{"taxonomy":"product_tag","embeddable":true,"href":"https:\/\/secureus.se\/fr\/wp-json\/wp\/v2\/product_tag?post=82831"}],"curies":[{"name":"wp","href":"https:\/\/api.w.org\/{rel}","templated":true}]}}