{"id":82918,"date":"2022-10-04T13:09:58","date_gmt":"2022-10-04T11:09:58","guid":{"rendered":"https:\/\/secureus.se\/produkt\/elko-rs-stromstallare-valfri-gravyr-branddorrstangning-valfritt-med-er-logo\/"},"modified":"2025-11-26T15:41:22","modified_gmt":"2025-11-26T14:41:22","slug":"elko-rs-stromstallare-valfri-gravyr-branddorrstangning-valfritt-med-er-logo","status":"publish","type":"product","link":"https:\/\/secureus.se\/fr\/elko-rs-stromstallare-valfri-gravyr-branddorrstangning-valfritt-med-er-logo\/","title":{"rendered":"Interrupteur ELKO (RS) - Gravure optionnelle &quot;Fermeture porte coupe-feu&quot; en option avec votre Logo"},"content":{"rendered":"<p>Bouton d&#039;ouverture\/fermeture et retour \u00e9lastique avec motif au choix \u2013 Une relecture est syst\u00e9matiquement effectu\u00e9e avant tout nouveau produit. Veuillez noter que la gravure est monochrome.<\/p>\n<p>Le d\u00e9lai de livraison est de 2 \u00e0 5 jours et les prix incluent la gravure et le design.<\/p>\n<p>Si vous souhaitez que les boutons ouverts soient affich\u00e9s sur votre couche unique au client, faites-le nous savoir.<\/p>\n<p>ELKO Externe (RS) E: n\u00b0 1841221<\/p>","protected":false},"excerpt":{"rendered":"<p>\u00d6ppnaknapp slutande funktion och \u00e5terfj\u00e4drande med ert val av design &#8211; Korrektur kommer allid p\u00e5 nya produkter. Obsevera att gravyr \u00e4r 1-f\u00e4rgad. Leveranstiden \u00e4r 2-5 dagar och priser inkluderar gravyr<\/p>","protected":false},"featured_media":141718,"template":"","meta":{"_acf_changed":false},"product_brand":[],"product_cat":[4827],"product_tag":[2938,2989,2936,2422],"class_list":{"0":"post-82918","1":"product","2":"type-product","3":"status-publish","4":"has-post-thumbnail","6":"product_cat-elko","7":"product_tag-brandknappar","8":"product_tag-egen-logo-ej-taggar-kort","9":"product_tag-oppna-brand-design-produkt","10":"product_tag-rel-brand","11":"product_shipping_class-postnord-varubrev","12":"pa_brands-stonehouse-security","13":"tm-has-options","15":"first","16":"instock","17":"sale","18":"featured","19":"taxable","20":"shipping-taxable","21":"purchasable","22":"product-type-simple"},"acf":[],"_links":{"self":[{"href":"https:\/\/secureus.se\/fr\/wp-json\/wp\/v2\/product\/82918","targetHints":{"allow":["GET"]}}],"collection":[{"href":"https:\/\/secureus.se\/fr\/wp-json\/wp\/v2\/product"}],"about":[{"href":"https:\/\/secureus.se\/fr\/wp-json\/wp\/v2\/types\/product"}],"wp:featuredmedia":[{"embeddable":true,"href":"https:\/\/secureus.se\/fr\/wp-json\/wp\/v2\/media\/141718"}],"wp:attachment":[{"href":"https:\/\/secureus.se\/fr\/wp-json\/wp\/v2\/media?parent=82918"}],"wp:term":[{"taxonomy":"product_brand","embeddable":true,"href":"https:\/\/secureus.se\/fr\/wp-json\/wp\/v2\/product_brand?post=82918"},{"taxonomy":"product_cat","embeddable":true,"href":"https:\/\/secureus.se\/fr\/wp-json\/wp\/v2\/product_cat?post=82918"},{"taxonomy":"product_tag","embeddable":true,"href":"https:\/\/secureus.se\/fr\/wp-json\/wp\/v2\/product_tag?post=82918"}],"curies":[{"name":"wp","href":"https:\/\/api.w.org\/{rel}","templated":true}]}}