{"id":83004,"date":"2023-09-08T10:34:08","date_gmt":"2023-09-08T08:34:08","guid":{"rendered":"https:\/\/secureus.se\/?post_type=product&#038;p=83004"},"modified":"2026-03-26T10:11:53","modified_gmt":"2026-03-26T09:11:53","slug":"paxton-214-326-desktop-reader-and-keyboard","status":"publish","type":"product","link":"https:\/\/secureus.se\/fr\/paxton-214-326-desktop-reader-and-keyboard\/","title":{"rendered":"Paxton 214-326 Lecteur de bureau et clavier"},"content":{"rendered":"<p>Ce lecteur de bureau Paxton 214-326 est con\u00e7u pour \u00eatre install\u00e9 \u00e0 c\u00f4t\u00e9 d&#039;un ordinateur, il est utilis\u00e9 pour ajouter des porte-cl\u00e9s \u00e0 un syst\u00e8me Net2. Le lecteur et le clavier ajoutent des porte-cl\u00e9s rapidement et avec pr\u00e9cision et peuvent \u00e9galement \u00eatre utilis\u00e9s pour localiser le propri\u00e9taire d&#039;un porte-cl\u00e9s perdu.<\/p>\n<ul>\n<li>Connexion USB<\/li>\n<li>Le lecteur de bureau qui ajoute des porte-cl\u00e9s\/jetons aux syst\u00e8mes<\/li>\n<li>Trouver le propri\u00e9taire des porte-cl\u00e9s\/jetons perdus<\/li>\n<\/ul>\n<p><strong><br \/>\nPoids du produit :<br \/>\n0,30kg<br \/>\n<\/strong><\/p>","protected":false},"excerpt":{"rendered":"<p>Ce lecteur de bureau Paxton 214-326 est con\u00e7u pour \u00eatre install\u00e9 \u00e0 c\u00f4t\u00e9 d&#039;un ordinateur, il est utilis\u00e9 pour ajouter des porte-cl\u00e9s \u00e0 un syst\u00e8me Net2. Le lecteur et le clavier ajoutent des porte-cl\u00e9s rapidement et avec pr\u00e9cision,<\/p>","protected":false},"featured_media":139972,"template":"","meta":{"_acf_changed":false},"product_brand":[],"product_cat":[1743],"product_tag":[2942,3069],"class_list":{"0":"post-83004","1":"product","2":"type-product","3":"status-publish","4":"has-post-thumbnail","6":"product_cat-rfid-lasare","7":"product_tag-paxton-rg15","8":"product_tag-trade-produkt","9":"product_shipping_class-tunga-paket","10":"pa_brands-paxton","11":"tm-no-options","13":"first","14":"instock","15":"sale","16":"taxable","17":"shipping-taxable","18":"purchasable","19":"product-type-simple"},"acf":[],"_links":{"self":[{"href":"https:\/\/secureus.se\/fr\/wp-json\/wp\/v2\/product\/83004","targetHints":{"allow":["GET"]}}],"collection":[{"href":"https:\/\/secureus.se\/fr\/wp-json\/wp\/v2\/product"}],"about":[{"href":"https:\/\/secureus.se\/fr\/wp-json\/wp\/v2\/types\/product"}],"wp:featuredmedia":[{"embeddable":true,"href":"https:\/\/secureus.se\/fr\/wp-json\/wp\/v2\/media\/139972"}],"wp:attachment":[{"href":"https:\/\/secureus.se\/fr\/wp-json\/wp\/v2\/media?parent=83004"}],"wp:term":[{"taxonomy":"product_brand","embeddable":true,"href":"https:\/\/secureus.se\/fr\/wp-json\/wp\/v2\/product_brand?post=83004"},{"taxonomy":"product_cat","embeddable":true,"href":"https:\/\/secureus.se\/fr\/wp-json\/wp\/v2\/product_cat?post=83004"},{"taxonomy":"product_tag","embeddable":true,"href":"https:\/\/secureus.se\/fr\/wp-json\/wp\/v2\/product_tag?post=83004"}],"curies":[{"name":"wp","href":"https:\/\/api.w.org\/{rel}","templated":true}]}}