{"id":83006,"date":"2023-09-08T10:33:54","date_gmt":"2023-09-08T08:33:54","guid":{"rendered":"https:\/\/secureus.se\/?post_type=product&#038;p=83006"},"modified":"2026-04-23T12:38:21","modified_gmt":"2026-04-23T10:38:21","slug":"paxton-514-326-net2-proximity-card-reader","status":"publish","type":"product","link":"https:\/\/secureus.se\/fr\/paxton-514-326-net2-proximity-card-reader\/","title":{"rendered":"Paxton 514-326 Net2 Lecteur de carte de proximit\u00e9"},"content":{"rendered":"<p>Notre lecteur de carte de proximit\u00e9 Paxton 514-326 Net2 est mieux utilis\u00e9 pour ajouter des jetons \u00e0 un syst\u00e8me Net2 rapidement et avec pr\u00e9cision. Il peut \u00e9galement \u00eatre utilis\u00e9 pour identifier les jetons perdus.<\/p>\n<ul>\n<li>Connexion USB simple.<\/li>\n<li>Versions proximit\u00e9 et proximit\u00e9\/piste magn\u00e9tique disponibles.<\/li>\n<li>Lit les jetons Net2 et MIFARE\u00ae.<\/li>\n<\/ul>\n<p><strong>Ces cartes ne font plus r\u00e9f\u00e9rence au num\u00e9ro de carte pr\u00e9sent sur l&#039;emballage ext\u00e9rieur. Si vous ne disposez pas d&#039;une m\u00e9thode \u00e9lectronique pour lire\/afficher le num\u00e9ro de proximit\u00e9, ce produit est requis.<\/strong><\/p>\n<p><strong><br \/>\nPoids du produit :<br \/>\n0,29 kg<br \/>\n<\/strong><\/p>","protected":false},"excerpt":{"rendered":"<p>Notre lecteur de carte de proximit\u00e9 Paxton 514-326 Net2 est mieux utilis\u00e9 pour ajouter des jetons \u00e0 un syst\u00e8me Net2 rapidement et avec pr\u00e9cision. Il peut \u00e9galement \u00eatre utilis\u00e9 pour identifier les jetons perdus. Simple<\/p>","protected":false},"featured_media":140474,"template":"","meta":{"_acf_changed":false},"product_brand":[],"product_cat":[1743],"product_tag":[2942,3069],"class_list":{"0":"post-83006","1":"product","2":"type-product","3":"status-publish","4":"has-post-thumbnail","6":"product_cat-rfid-lasare","7":"product_tag-paxton-rg15","8":"product_tag-trade-produkt","9":"product_shipping_class-tunga-paket","10":"pa_brands-paxton","11":"tm-no-options","13":"first","14":"instock","15":"sale","16":"taxable","17":"shipping-taxable","18":"purchasable","19":"product-type-simple"},"acf":[],"_links":{"self":[{"href":"https:\/\/secureus.se\/fr\/wp-json\/wp\/v2\/product\/83006","targetHints":{"allow":["GET"]}}],"collection":[{"href":"https:\/\/secureus.se\/fr\/wp-json\/wp\/v2\/product"}],"about":[{"href":"https:\/\/secureus.se\/fr\/wp-json\/wp\/v2\/types\/product"}],"wp:featuredmedia":[{"embeddable":true,"href":"https:\/\/secureus.se\/fr\/wp-json\/wp\/v2\/media\/140474"}],"wp:attachment":[{"href":"https:\/\/secureus.se\/fr\/wp-json\/wp\/v2\/media?parent=83006"}],"wp:term":[{"taxonomy":"product_brand","embeddable":true,"href":"https:\/\/secureus.se\/fr\/wp-json\/wp\/v2\/product_brand?post=83006"},{"taxonomy":"product_cat","embeddable":true,"href":"https:\/\/secureus.se\/fr\/wp-json\/wp\/v2\/product_cat?post=83006"},{"taxonomy":"product_tag","embeddable":true,"href":"https:\/\/secureus.se\/fr\/wp-json\/wp\/v2\/product_tag?post=83006"}],"curies":[{"name":"wp","href":"https:\/\/api.w.org\/{rel}","templated":true}]}}