{"id":83008,"date":"2023-09-08T10:35:11","date_gmt":"2023-09-08T08:35:11","guid":{"rendered":"https:\/\/secureus.se\/?post_type=product&#038;p=83008"},"modified":"2026-04-08T16:16:33","modified_gmt":"2026-04-08T14:16:33","slug":"paxton-net2-self-adhesive-proximity-discs-pack-of-10","status":"publish","type":"product","link":"https:\/\/secureus.se\/fr\/paxton-net2-self-adhesive-proximity-discs-pack-of-10\/","title":{"rendered":"Paxton Net2 Disques de proximit\u00e9 autocollants (Pack de 10)"},"content":{"rendered":"<p>Le disque de proximit\u00e9 auto-adh\u00e9sif Paxton Net2 est le moyen le plus rentable de transformer des cartes PVC standard en cartes sans contact avec des capacit\u00e9s de contr\u00f4le d&#039;acc\u00e8s gr\u00e2ce \u00e0 la technologie de proximit\u00e9 Net2.<\/p>\n<ul>\n<li>Vendu en paquet de 10<\/li>\n<li>Dimensions : 25 mm x 25 mm X 2 mm<\/li>\n<li>Proximit\u00e9 125 kHz<\/li>\n<\/ul>\n<p><strong><br \/>\nPoids du produit :<br \/>\n0,10 kg<br \/>\n<\/strong><\/p>","protected":false},"excerpt":{"rendered":"<p>Le disque de proximit\u00e9 auto-adh\u00e9sif Paxton Net2 est le moyen le plus rentable de transformer des cartes PVC standard en cartes sans contact avec des capacit\u00e9s de contr\u00f4le d&#039;acc\u00e8s gr\u00e2ce \u00e0 la technologie de proximit\u00e9 Net2. Vendu en<\/p>","protected":false},"featured_media":141041,"template":"","meta":{"_acf_changed":false},"product_brand":[],"product_cat":[4817],"product_tag":[2942,3069],"class_list":{"0":"post-83008","1":"product","2":"type-product","3":"status-publish","4":"has-post-thumbnail","6":"product_cat-paxton-taggar","7":"product_tag-paxton-rg15","8":"product_tag-trade-produkt","9":"product_shipping_class-postnord-varubrev","10":"pa_brands-paxton","11":"tm-no-options","13":"first","14":"instock","15":"sale","16":"taxable","17":"shipping-taxable","18":"purchasable","19":"product-type-simple"},"acf":[],"_links":{"self":[{"href":"https:\/\/secureus.se\/fr\/wp-json\/wp\/v2\/product\/83008","targetHints":{"allow":["GET"]}}],"collection":[{"href":"https:\/\/secureus.se\/fr\/wp-json\/wp\/v2\/product"}],"about":[{"href":"https:\/\/secureus.se\/fr\/wp-json\/wp\/v2\/types\/product"}],"wp:featuredmedia":[{"embeddable":true,"href":"https:\/\/secureus.se\/fr\/wp-json\/wp\/v2\/media\/141041"}],"wp:attachment":[{"href":"https:\/\/secureus.se\/fr\/wp-json\/wp\/v2\/media?parent=83008"}],"wp:term":[{"taxonomy":"product_brand","embeddable":true,"href":"https:\/\/secureus.se\/fr\/wp-json\/wp\/v2\/product_brand?post=83008"},{"taxonomy":"product_cat","embeddable":true,"href":"https:\/\/secureus.se\/fr\/wp-json\/wp\/v2\/product_cat?post=83008"},{"taxonomy":"product_tag","embeddable":true,"href":"https:\/\/secureus.se\/fr\/wp-json\/wp\/v2\/product_tag?post=83008"}],"curies":[{"name":"wp","href":"https:\/\/api.w.org\/{rel}","templated":true}]}}