{"id":83012,"date":"2023-09-08T10:34:37","date_gmt":"2023-09-08T08:34:37","guid":{"rendered":"https:\/\/secureus.se\/?post_type=product&#038;p=83012"},"modified":"2026-04-08T16:27:31","modified_gmt":"2026-04-08T14:27:31","slug":"paxton-net-2-air-handsfree-keyfobs-690-222-single-units","status":"publish","type":"product","link":"https:\/\/secureus.se\/fr\/paxton-net-2-air-handsfree-keyfobs-690-222-single-units\/","title":{"rendered":"Porte-cl\u00e9s mains libres Paxton Net 2 Air 690-222 (unit\u00e9s simples)"},"content":{"rendered":"<p>Les porte-cl\u00e9s mains libres Paxton 690-222 Net2 sont des jetons sans contact avec une port\u00e9e de lecture de 2 \u00e0 8 pieds. Il est donc id\u00e9al pour la gestion du contr\u00f4le d&#039;acc\u00e8s des personnes \u00e2g\u00e9es et des personnes handicap\u00e9es.<\/p>\n<ul>\n<li>Dimensions : 49 mm x 28 mm<\/li>\n<li>Fonctionne \u00e0 une fr\u00e9quence de 125 kHz<\/li>\n<li>Fonctionne sur batterie<\/li>\n<\/ul>\n<p><strong><br \/>\nPoids du produit :<br \/>\n0,34 kg<br \/>\n<\/strong><\/p>","protected":false},"excerpt":{"rendered":"<p>Les porte-cl\u00e9s mains libres Paxton 690-222 Net2 sont des jetons sans contact avec une port\u00e9e de lecture de 2 \u00e0 8 pieds. Il est donc id\u00e9al pour la gestion du contr\u00f4le d&#039;acc\u00e8s pour les<\/p>","protected":false},"featured_media":140068,"template":"","meta":{"_acf_changed":false},"product_brand":[],"product_cat":[4817],"product_tag":[2942,3069],"class_list":{"0":"post-83012","1":"product","2":"type-product","3":"status-publish","4":"has-post-thumbnail","6":"product_cat-paxton-taggar","7":"product_tag-paxton-rg15","8":"product_tag-trade-produkt","9":"product_shipping_class-postnord-varubrev","10":"pa_brands-paxton","11":"tm-no-options","13":"first","14":"instock","15":"sale","16":"taxable","17":"shipping-taxable","18":"purchasable","19":"product-type-simple"},"acf":[],"_links":{"self":[{"href":"https:\/\/secureus.se\/fr\/wp-json\/wp\/v2\/product\/83012","targetHints":{"allow":["GET"]}}],"collection":[{"href":"https:\/\/secureus.se\/fr\/wp-json\/wp\/v2\/product"}],"about":[{"href":"https:\/\/secureus.se\/fr\/wp-json\/wp\/v2\/types\/product"}],"wp:featuredmedia":[{"embeddable":true,"href":"https:\/\/secureus.se\/fr\/wp-json\/wp\/v2\/media\/140068"}],"wp:attachment":[{"href":"https:\/\/secureus.se\/fr\/wp-json\/wp\/v2\/media?parent=83012"}],"wp:term":[{"taxonomy":"product_brand","embeddable":true,"href":"https:\/\/secureus.se\/fr\/wp-json\/wp\/v2\/product_brand?post=83012"},{"taxonomy":"product_cat","embeddable":true,"href":"https:\/\/secureus.se\/fr\/wp-json\/wp\/v2\/product_cat?post=83012"},{"taxonomy":"product_tag","embeddable":true,"href":"https:\/\/secureus.se\/fr\/wp-json\/wp\/v2\/product_tag?post=83012"}],"curies":[{"name":"wp","href":"https:\/\/api.w.org\/{rel}","templated":true}]}}