{"id":83014,"date":"2023-09-08T10:34:19","date_gmt":"2023-09-08T08:34:19","guid":{"rendered":"https:\/\/secureus.se\/?post_type=product&#038;p=83014"},"modified":"2026-04-23T12:37:48","modified_gmt":"2026-04-23T10:37:48","slug":"paxton-698-574-net-2-watch-prox-black-pack-of-10","status":"publish","type":"product","link":"https:\/\/secureus.se\/fr\/paxton-698-574-net-2-watch-prox-black-pack-of-10\/","title":{"rendered":"Paxton 698-574 Net 2 Watch Prox \u2013 Noir (Lot de 10)"},"content":{"rendered":"<p>La Paxton 698-574 Net2 Watch Prox en noir est id\u00e9ale pour une utilisation en d\u00e9placement et mains libres car elle s&#039;adapte confortablement au poignet de toutes les tailles. Il est \u00e9galement \u00e9tanche et convient donc parfaitement aux environnements sujets \u00e0 l\u2019humidit\u00e9.<\/p>\n<ul>\n<li>\u00a0Vendu en paquet de 10<\/li>\n<li>Couleur: Noir<\/li>\n<li>Enti\u00e8rement \u00e9tanche<\/li>\n<li>Taille unique<\/li>\n<li>Chaque jeton est cod\u00e9 individuellement<\/li>\n<\/ul>\n<p><strong><br \/>\nPoids du produit :<br \/>\n0,20 kg<br \/>\n<\/strong><\/p>","protected":false},"excerpt":{"rendered":"<p>La Paxton 698-574 Net2 Watch Prox en noir est id\u00e9ale pour une utilisation en d\u00e9placement et mains libres car elle s&#039;adapte confortablement au poignet de toutes les tailles. Il est \u00e9galement \u00e9tanche, donc mieux<\/p>","protected":false},"featured_media":140271,"template":"","meta":{"_acf_changed":false},"product_brand":[],"product_cat":[4817],"product_tag":[2942,3069],"class_list":{"0":"post-83014","1":"product","2":"type-product","3":"status-publish","4":"has-post-thumbnail","6":"product_cat-paxton-taggar","7":"product_tag-paxton-rg15","8":"product_tag-trade-produkt","9":"product_shipping_class-tunga-paket","10":"pa_brands-paxton","11":"tm-no-options","13":"first","14":"instock","15":"sale","16":"taxable","17":"shipping-taxable","18":"purchasable","19":"product-type-simple"},"acf":[],"_links":{"self":[{"href":"https:\/\/secureus.se\/fr\/wp-json\/wp\/v2\/product\/83014","targetHints":{"allow":["GET"]}}],"collection":[{"href":"https:\/\/secureus.se\/fr\/wp-json\/wp\/v2\/product"}],"about":[{"href":"https:\/\/secureus.se\/fr\/wp-json\/wp\/v2\/types\/product"}],"wp:featuredmedia":[{"embeddable":true,"href":"https:\/\/secureus.se\/fr\/wp-json\/wp\/v2\/media\/140271"}],"wp:attachment":[{"href":"https:\/\/secureus.se\/fr\/wp-json\/wp\/v2\/media?parent=83014"}],"wp:term":[{"taxonomy":"product_brand","embeddable":true,"href":"https:\/\/secureus.se\/fr\/wp-json\/wp\/v2\/product_brand?post=83014"},{"taxonomy":"product_cat","embeddable":true,"href":"https:\/\/secureus.se\/fr\/wp-json\/wp\/v2\/product_cat?post=83014"},{"taxonomy":"product_tag","embeddable":true,"href":"https:\/\/secureus.se\/fr\/wp-json\/wp\/v2\/product_tag?post=83014"}],"curies":[{"name":"wp","href":"https:\/\/api.w.org\/{rel}","templated":true}]}}