{"id":83016,"date":"2023-09-08T10:33:39","date_gmt":"2023-09-08T08:33:39","guid":{"rendered":"https:\/\/secureus.se\/?post_type=product&#038;p=83016"},"modified":"2026-04-08T16:21:27","modified_gmt":"2026-04-08T14:21:27","slug":"paxton-692-052-net2-proximity-iso-cards-pack-of-500","status":"publish","type":"product","link":"https:\/\/secureus.se\/fr\/paxton-692-052-net2-proximity-iso-cards-pack-of-500\/","title":{"rendered":"Paxton 692-052 Cartes ISO de proximit\u00e9 Net2 (paquet de 500)"},"content":{"rendered":"<p>Ces cartes ISO de proximit\u00e9 Paxton Net2 sont con\u00e7ues pour \u00eatre utilis\u00e9es avec les syst\u00e8mes Paxton Net2. Ces cartes n&#039;ont pas de bande magn\u00e9tique, mais chaque carte est programm\u00e9e avec un num\u00e9ro unique \u00e0 huit chiffres.<\/p>\n<ul>\n<li>Paquet de 500<\/li>\n<li>Fr\u00e9quence 125 kHz<\/li>\n<li>Taille de la carte CR80 (86 mm x 54 mm)<\/li>\n<\/ul>\n<p><strong><br \/>\nPoids du produit :<br \/>\n3,45 kg<br \/>\n<\/strong><\/p>","protected":false},"excerpt":{"rendered":"<p>Ces cartes ISO de proximit\u00e9 Paxton Net2 sont con\u00e7ues pour \u00eatre utilis\u00e9es avec les syst\u00e8mes Paxton Net2. Ces cartes n&#039;ont pas de bande magn\u00e9tique, mais chaque carte est programm\u00e9e avec un num\u00e9ro \u00e0 huit chiffres.<\/p>","protected":false},"featured_media":140491,"template":"","meta":{"_acf_changed":false},"product_brand":[],"product_cat":[4820],"product_tag":[2942,3069],"class_list":{"0":"post-83016","1":"product","2":"type-product","3":"status-publish","4":"has-post-thumbnail","6":"product_cat-paxton-kort","7":"product_tag-paxton-rg15","8":"product_tag-trade-produkt","9":"product_shipping_class-tunga-paket","10":"pa_brands-paxton","11":"tm-no-options","13":"first","14":"instock","15":"sale","16":"taxable","17":"shipping-taxable","18":"purchasable","19":"product-type-simple"},"acf":[],"_links":{"self":[{"href":"https:\/\/secureus.se\/fr\/wp-json\/wp\/v2\/product\/83016","targetHints":{"allow":["GET"]}}],"collection":[{"href":"https:\/\/secureus.se\/fr\/wp-json\/wp\/v2\/product"}],"about":[{"href":"https:\/\/secureus.se\/fr\/wp-json\/wp\/v2\/types\/product"}],"wp:featuredmedia":[{"embeddable":true,"href":"https:\/\/secureus.se\/fr\/wp-json\/wp\/v2\/media\/140491"}],"wp:attachment":[{"href":"https:\/\/secureus.se\/fr\/wp-json\/wp\/v2\/media?parent=83016"}],"wp:term":[{"taxonomy":"product_brand","embeddable":true,"href":"https:\/\/secureus.se\/fr\/wp-json\/wp\/v2\/product_brand?post=83016"},{"taxonomy":"product_cat","embeddable":true,"href":"https:\/\/secureus.se\/fr\/wp-json\/wp\/v2\/product_cat?post=83016"},{"taxonomy":"product_tag","embeddable":true,"href":"https:\/\/secureus.se\/fr\/wp-json\/wp\/v2\/product_tag?post=83016"}],"curies":[{"name":"wp","href":"https:\/\/api.w.org\/{rel}","templated":true}]}}