{"id":83026,"date":"2023-09-08T10:32:32","date_gmt":"2023-09-08T08:32:32","guid":{"rendered":"https:\/\/secureus.se\/?post_type=product&#038;p=83026"},"modified":"2026-04-08T16:20:41","modified_gmt":"2026-04-08T14:20:41","slug":"paxton-695-644-net2-proximity-key-fobs-pack-of-10","status":"publish","type":"product","link":"https:\/\/secureus.se\/fr\/paxton-695-644-net2-proximity-key-fobs-pack-of-10\/","title":{"rendered":"Paxton 695-644 Net2 Porte-cl\u00e9s de proximit\u00e9 (lot de 10)"},"content":{"rendered":"<p>Le porte-cl\u00e9s de proximit\u00e9 Paxton 695-644 Net2 est une alternative contemporaine aux cl\u00e9s m\u00e9caniques. Il est compatible avec les syst\u00e8mes de s\u00e9curit\u00e9 Net2 et fonctionne \u00e0 une fr\u00e9quence porteuse de 125 KHz.<\/p>\n<ul>\n<li>Vendu en paquet de 10<\/li>\n<li>Fonctionne sur une plage de fr\u00e9quence de 125 MHz<\/li>\n<li>Dimensions : 83 x 2 x 0,5 mm<\/li>\n<li>Chaque porte-cl\u00e9s est cod\u00e9 de mani\u00e8re unique avec un num\u00e9ro \u00e0 8 chiffres<\/li>\n<\/ul>\n<p><strong><br \/>\nPoids du produit :<br \/>\n0,06kg<br \/>\n<\/strong><\/p>","protected":false},"excerpt":{"rendered":"<p>Le porte-cl\u00e9s de proximit\u00e9 Paxton 695-644 Net2 est une alternative contemporaine aux cl\u00e9s m\u00e9caniques. Il est compatible avec les syst\u00e8mes de s\u00e9curit\u00e9 Net2 et fonctionne chez un op\u00e9rateur<\/p>","protected":false},"featured_media":141068,"template":"","meta":{"_acf_changed":false},"product_brand":[],"product_cat":[4817],"product_tag":[2942,3069],"class_list":{"0":"post-83026","1":"product","2":"type-product","3":"status-publish","4":"has-post-thumbnail","6":"product_cat-paxton-taggar","7":"product_tag-paxton-rg15","8":"product_tag-trade-produkt","9":"product_shipping_class-postnord-varubrev","10":"pa_brands-paxton","11":"tm-no-options","13":"first","14":"instock","15":"sale","16":"taxable","17":"shipping-taxable","18":"purchasable","19":"product-type-simple"},"acf":[],"_links":{"self":[{"href":"https:\/\/secureus.se\/fr\/wp-json\/wp\/v2\/product\/83026","targetHints":{"allow":["GET"]}}],"collection":[{"href":"https:\/\/secureus.se\/fr\/wp-json\/wp\/v2\/product"}],"about":[{"href":"https:\/\/secureus.se\/fr\/wp-json\/wp\/v2\/types\/product"}],"wp:featuredmedia":[{"embeddable":true,"href":"https:\/\/secureus.se\/fr\/wp-json\/wp\/v2\/media\/141068"}],"wp:attachment":[{"href":"https:\/\/secureus.se\/fr\/wp-json\/wp\/v2\/media?parent=83026"}],"wp:term":[{"taxonomy":"product_brand","embeddable":true,"href":"https:\/\/secureus.se\/fr\/wp-json\/wp\/v2\/product_brand?post=83026"},{"taxonomy":"product_cat","embeddable":true,"href":"https:\/\/secureus.se\/fr\/wp-json\/wp\/v2\/product_cat?post=83026"},{"taxonomy":"product_tag","embeddable":true,"href":"https:\/\/secureus.se\/fr\/wp-json\/wp\/v2\/product_tag?post=83026"}],"curies":[{"name":"wp","href":"https:\/\/api.w.org\/{rel}","templated":true}]}}