{"id":83031,"date":"2023-09-08T14:24:05","date_gmt":"2023-09-08T12:24:05","guid":{"rendered":"https:\/\/secureus.se\/?post_type=product&#038;p=83031"},"modified":"2026-03-26T10:10:45","modified_gmt":"2026-03-26T09:10:45","slug":"vanderbilt-cotag-0958-102-isoprox-cards-gbi51-303-pack-of-10-for-use-with-cotag-systems","status":"publish","type":"product","link":"https:\/\/secureus.se\/fr\/vanderbilt-cotag-0958-102-isoprox-cards-gbi51-303-pack-of-10-for-use-with-cotag-systems\/","title":{"rendered":"Vanderbilt Cotag 0958-102 Cartes IsoProx GBI:51-303 (Pack de 10) (\u00e0 utiliser avec les syst\u00e8mes Cotag)"},"content":{"rendered":"<p>Les cartes IsoProx Siemens Cotag 0958-102 sont des cartes de proximit\u00e9 lamin\u00e9es ISO cod\u00e9es en usine \u00e0 utiliser avec les syst\u00e8mes Cotag. La surface brillante en PVC est id\u00e9ale pour imprimer des graphiques personnalis\u00e9s et des photos d&#039;identit\u00e9.<\/p>\n<ul>\n<li>Vendu en paquet de 10<\/li>\n<li>Taille standard de la carte de cr\u00e9dit CR80 (86 mm x 54 mm)<\/li>\n<li>Port\u00e9e de lecture : environ 33 cm pour les lecteurs mains libres Cotag<\/li>\n<li>Plage de lecture : varie entre 3 et 10 cm pour les lecteurs de proximit\u00e9 Cotag<\/li>\n<li>Code fabricant : 0958-102<\/li>\n<\/ul>\n<p><strong><br \/>\nPoids du produit :<br \/>\n0,06kg<br \/>\n<\/strong><\/p>","protected":false},"excerpt":{"rendered":"<p>Les cartes IsoProx Siemens Cotag 0958-102 sont des cartes de proximit\u00e9 lamin\u00e9es ISO cod\u00e9es en usine \u00e0 utiliser avec les syst\u00e8mes Cotag. La surface brillante en PVC est id\u00e9ale pour imprimer des graphiques personnalis\u00e9s et des photos d&#039;identit\u00e9.<\/p>","protected":false},"featured_media":141024,"template":"","meta":{"_acf_changed":false},"product_brand":[],"product_cat":[4821],"product_tag":[3069],"class_list":{"0":"post-83031","1":"product","2":"type-product","3":"status-publish","4":"has-post-thumbnail","6":"product_cat-vanderbilt-cotag-kort","7":"product_tag-trade-produkt","8":"product_shipping_class-tunga-paket","9":"pa_brands-6vanderbilt","10":"tm-no-options","12":"first","13":"instock","14":"sale","15":"taxable","16":"shipping-taxable","17":"purchasable","18":"product-type-simple"},"acf":[],"_links":{"self":[{"href":"https:\/\/secureus.se\/fr\/wp-json\/wp\/v2\/product\/83031","targetHints":{"allow":["GET"]}}],"collection":[{"href":"https:\/\/secureus.se\/fr\/wp-json\/wp\/v2\/product"}],"about":[{"href":"https:\/\/secureus.se\/fr\/wp-json\/wp\/v2\/types\/product"}],"wp:featuredmedia":[{"embeddable":true,"href":"https:\/\/secureus.se\/fr\/wp-json\/wp\/v2\/media\/141024"}],"wp:attachment":[{"href":"https:\/\/secureus.se\/fr\/wp-json\/wp\/v2\/media?parent=83031"}],"wp:term":[{"taxonomy":"product_brand","embeddable":true,"href":"https:\/\/secureus.se\/fr\/wp-json\/wp\/v2\/product_brand?post=83031"},{"taxonomy":"product_cat","embeddable":true,"href":"https:\/\/secureus.se\/fr\/wp-json\/wp\/v2\/product_cat?post=83031"},{"taxonomy":"product_tag","embeddable":true,"href":"https:\/\/secureus.se\/fr\/wp-json\/wp\/v2\/product_tag?post=83031"}],"curies":[{"name":"wp","href":"https:\/\/api.w.org\/{rel}","templated":true}]}}