{"id":83041,"date":"2023-09-12T10:40:15","date_gmt":"2023-09-12T08:40:15","guid":{"rendered":"https:\/\/secureus.se\/produkt\/detectortesters-soloa10s-hfc-free-non-flammable-smoke-aerosol-for-testing-detectors-250ml-can\/"},"modified":"2026-04-09T11:40:18","modified_gmt":"2026-04-09T09:40:18","slug":"detectortesters-soloa10s-hfc-free-non-flammable-smoke-aerosol-for-testing-detectors-250ml-can","status":"publish","type":"product","link":"https:\/\/secureus.se\/fr\/detectortesters-soloa10s-hfc-free-non-flammable-smoke-aerosol-for-testing-detectors-250ml-can\/","title":{"rendered":"Detectortesters SoloA10S A\u00e9rosol de fum\u00e9e ininflammable sans HFC pour tester les d\u00e9tecteurs, canette de 250 ml"},"content":{"rendered":"<h1>Detectortesters SoloA10S A\u00e9rosol de fum\u00e9e ininflammable sans HFC pour tester les d\u00e9tecteurs, canette de 250 ml<\/h1>\n<h2 data-start=\"373\" data-end=\"425\">Gaz a\u00e9rosol pour des tests fiables des d\u00e9tecteurs de fum\u00e9e<\/h2>\n<p data-start=\"427\" data-end=\"812\">Ce gaz a\u00e9rosol de 250 ml a \u00e9t\u00e9 d\u00e9velopp\u00e9 pour tester les d\u00e9tecteurs de fum\u00e9e de mani\u00e8re s\u00fbre et efficace.<\/p>\n<p data-start=\"427\" data-end=\"812\">Le produit cr\u00e9e une quantit\u00e9 d\u00e9finie de particules de fum\u00e9e qui imitent la vraie fum\u00e9e et garantissent que le capteur du d\u00e9tecteur r\u00e9agit comme pr\u00e9vu.<\/p>\n<p data-start=\"427\" data-end=\"812\">Il s&#039;agit d&#039;un \u00e9l\u00e9ment essentiel des contr\u00f4les fonctionnels des syst\u00e8mes d&#039;alarme incendie, tant dans les environnements r\u00e9sidentiels que commerciaux.<\/p>\n<h2 data-start=\"814\" data-end=\"862\">Sans HFC et ininflammable \u2013 utilisation sans danger<\/h2>\n<p data-start=\"864\" data-end=\"1126\">Le SoloA10S est sans HFC et ininflammable, ce qui minimise les risques pour l&#039;utilisateur et l&#039;environnement.<\/p>\n<p data-start=\"864\" data-end=\"1126\">La formule a\u00e9rosol pure ne laisse aucun r\u00e9sidu nocif sur le d\u00e9tecteur apr\u00e8s le test, prot\u00e9geant ainsi les pi\u00e8ces en plastique et les fonctions du capteur.<\/p>\n<h3 data-start=\"1128\" data-end=\"1154\">Avantages du produit<\/h3>\n<ul data-start=\"1156\" data-end=\"1469\">\n<li data-start=\"1156\" data-end=\"1216\">\n<p data-start=\"1158\" data-end=\"1216\">G\u00e9n\u00e8re des particules de fum\u00e9e r\u00e9alistes pour des tests efficaces<\/p>\n<\/li>\n<li data-start=\"1217\" data-end=\"1274\">\n<p data-start=\"1219\" data-end=\"1274\">A\u00e9rosol sans HFC et ininflammable \u2013 haut niveau de s\u00e9curit\u00e9<\/p>\n<\/li>\n<li data-start=\"1275\" data-end=\"1329\">\n<p data-start=\"1277\" data-end=\"1329\">Ne laisse aucun r\u00e9sidu nocif susceptible d&#039;affecter le d\u00e9tecteur<\/p>\n<\/li>\n<li data-start=\"1330\" data-end=\"1385\">\n<p data-start=\"1332\" data-end=\"1385\">Convient aux outils de test de d\u00e9tecteurs de fum\u00e9e professionnels<\/p>\n<\/li>\n<li data-start=\"1386\" data-end=\"1469\">\n<p data-start=\"1388\" data-end=\"1469\">Facile \u00e0 utiliser lors de tests professionnels<\/p>\n<\/li>\n<\/ul>\n<h2 data-start=\"1471\" data-end=\"1492\">Domaines d&#039;utilisation<\/h2>\n<p data-start=\"1494\" data-end=\"1517\">Le SoloA10S convient pour\u00a0:<\/p>\n<ul data-start=\"1519\" data-end=\"1749\">\n<li data-start=\"1519\" data-end=\"1574\">\n<p data-start=\"1521\" data-end=\"1574\">Tests fonctionnels lors de l&#039;installation de d\u00e9tecteurs de fum\u00e9e<\/p>\n<\/li>\n<li data-start=\"1575\" data-end=\"1622\">\n<p data-start=\"1577\" data-end=\"1622\">Entretien annuel ou p\u00e9riodique<\/p>\n<\/li>\n<li data-start=\"1623\" data-end=\"1688\">\n<p data-start=\"1625\" data-end=\"1688\">Autosurveillance dans les foyers, les bureaux, les entrep\u00f4ts et les environnements publics<\/p>\n<\/li>\n<li data-start=\"1689\" data-end=\"1749\">\n<p data-start=\"1691\" data-end=\"1749\">\u00c0 utiliser en combinaison avec des outils de distribution compatibles<\/p>\n<\/li>\n<\/ul>\n<p data-start=\"1751\" data-end=\"1911\">Cet a\u00e9rosol est un outil essentiel pour les installateurs et techniciens de syst\u00e8mes d&#039;alarme incendie qui doivent effectuer des tests fiables.<\/p>\n<p data-start=\"1913\" data-end=\"1940\">SP\u00c9CIFICATIONS TECHNIQUES :<\/p>\n<ul data-start=\"1942\" data-end=\"2371\">\n<li data-start=\"1942\" data-end=\"1985\">\n<p data-start=\"1944\" data-end=\"1985\">Produit\u00a0: Gaz a\u00e9rosol pour le test des d\u00e9tecteurs de fum\u00e9e<\/p>\n<\/li>\n<li data-start=\"1986\" data-end=\"2010\">\n<p data-start=\"1988\" data-end=\"2010\">Mod\u00e8le : SoloA10S-001<\/p>\n<\/li>\n<li data-start=\"2011\" data-end=\"2028\">\n<p data-start=\"2013\" data-end=\"2028\">Volume : 250 ml<\/p>\n<\/li>\n<li data-start=\"2029\" data-end=\"2081\">\n<p data-start=\"2031\" data-end=\"2081\">Couleur : (a\u00e9rosol standard \u2013 design argent\/blanc)<\/p>\n<\/li>\n<li data-start=\"2082\" data-end=\"2146\">\n<p data-start=\"2084\" data-end=\"2146\">Fonction : G\u00e9n\u00e8re des particules de fum\u00e9e a\u00e9rosolis\u00e9es \u00e0 des fins de test<\/p>\n<\/li>\n<li data-start=\"2147\" data-end=\"2205\">\n<p data-start=\"2149\" data-end=\"2205\">Propri\u00e9t\u00e9s : Sans HFC, ininflammable, ne laisse aucun r\u00e9sidu<\/p>\n<\/li>\n<li data-start=\"2206\" data-end=\"2272\">\n<p data-start=\"2208\" data-end=\"2272\">Compatibilit\u00e9 : \u00c9quipement de test professionnel pour d\u00e9tecteurs de fum\u00e9e<\/p>\n<\/li>\n<li data-start=\"2273\" data-end=\"2371\">\n<p data-start=\"2275\" data-end=\"2371\">Certification : Certifi\u00e9 UL conform\u00e9ment \u00e0 la r\u00e9glementation en vigueur sur les a\u00e9rosols<\/p>\n<\/li>\n<\/ul>","protected":false},"excerpt":{"rendered":"<p><strong data-start=\"21\" data-end=\"62\"><span class=\"entity-underline hover:entity-accent inline cursor-pointer align-baseline\"><span class=\"whitespace-normal\">Solo A10s Gaz<\/span><\/span><\/strong>\u00a0est un a\u00e9rosol gazeux de 250 ml destin\u00e9 aux tests fonctionnels des d\u00e9tecteurs de fum\u00e9e.<\/p>\n<p>Il est sans HFC et ininflammable, ce qui le rend s\u00fbr \u00e0 utiliser dans les \u00e9quipements de test professionnels.<\/p>\n<p>Con\u00e7u pour fournir des particules de fum\u00e9e r\u00e9alistes et v\u00e9rifier que le d\u00e9tecteur r\u00e9agit correctement.<\/p>","protected":false},"featured_media":140032,"template":"","meta":{"_acf_changed":false},"product_brand":[],"product_cat":[1764,2943],"product_tag":[],"class_list":{"0":"post-83041","1":"product","2":"type-product","3":"status-publish","4":"has-post-thumbnail","6":"product_cat-professionella-verktyg-for-prov-och-underhall","7":"product_cat-provgas-testgas-rokdetektorer","8":"product_shipping_class-postnord-varubrev","9":"pa_brands-solo","10":"tm-no-options","12":"first","13":"instock","14":"taxable","15":"shipping-taxable","16":"purchasable","17":"product-type-simple"},"acf":[],"_links":{"self":[{"href":"https:\/\/secureus.se\/fr\/wp-json\/wp\/v2\/product\/83041","targetHints":{"allow":["GET"]}}],"collection":[{"href":"https:\/\/secureus.se\/fr\/wp-json\/wp\/v2\/product"}],"about":[{"href":"https:\/\/secureus.se\/fr\/wp-json\/wp\/v2\/types\/product"}],"wp:featuredmedia":[{"embeddable":true,"href":"https:\/\/secureus.se\/fr\/wp-json\/wp\/v2\/media\/140032"}],"wp:attachment":[{"href":"https:\/\/secureus.se\/fr\/wp-json\/wp\/v2\/media?parent=83041"}],"wp:term":[{"taxonomy":"product_brand","embeddable":true,"href":"https:\/\/secureus.se\/fr\/wp-json\/wp\/v2\/product_brand?post=83041"},{"taxonomy":"product_cat","embeddable":true,"href":"https:\/\/secureus.se\/fr\/wp-json\/wp\/v2\/product_cat?post=83041"},{"taxonomy":"product_tag","embeddable":true,"href":"https:\/\/secureus.se\/fr\/wp-json\/wp\/v2\/product_tag?post=83041"}],"curies":[{"name":"wp","href":"https:\/\/api.w.org\/{rel}","templated":true}]}}