{"id":83043,"date":"2023-09-12T10:40:05","date_gmt":"2023-09-12T08:40:05","guid":{"rendered":"https:\/\/secureus.se\/produkt\/detectortesters-soloa5-smoke-detector-tester-aerosol-flammable-gas-handheld-or-use-with-330-and-332-dispensers\/"},"modified":"2026-04-22T15:32:02","modified_gmt":"2026-04-22T13:32:02","slug":"detectortesters-soloa5-smoke-detector-tester-aerosol-flammable-gas-handheld-or-use-with-330-and-332-dispensers","status":"publish","type":"product","link":"https:\/\/secureus.se\/fr\/detectortesters-soloa5-smoke-detector-tester-aerosol-flammable-gas-handheld-or-use-with-330-and-332-dispensers\/","title":{"rendered":"Testeur de d\u00e9tecteurs Solo A5 \u2013 A\u00e9rosol de fum\u00e9e pour tester les d\u00e9tecteurs de fum\u00e9e"},"content":{"rendered":"<h1 data-start=\"597\" data-end=\"676\">Testeur de d\u00e9tecteurs Solo A5 \u2013 A\u00e9rosol de fum\u00e9e pour tester les d\u00e9tecteurs de fum\u00e9e<\/h1>\n<h2 data-start=\"319\" data-end=\"377\">A\u00e9rosol de fum\u00e9e fiable pour les tests de d\u00e9tecteurs professionnels<\/h2>\n<p data-start=\"379\" data-end=\"683\">Le Solo A5 a \u00e9t\u00e9 con\u00e7u pour tester avec pr\u00e9cision et en toute s\u00e9curit\u00e9 le fonctionnement des d\u00e9tecteurs de fum\u00e9e dans les propri\u00e9t\u00e9s r\u00e9sidentielles et commerciales.<\/p>\n<p data-start=\"379\" data-end=\"683\">Ce produit remplace le pr\u00e9c\u00e9dent Solo A3 et est optimis\u00e9 pour une utilisation avec les distributeurs Solo 330 et Solo 332, assurant un dosage correct et une activation efficace du d\u00e9tecteur.<\/p>\n<p data-start=\"685\" data-end=\"954\">Lors de l&#039;installation et de l&#039;entretien r\u00e9gulier, il est crucial de v\u00e9rifier que le d\u00e9tecteur r\u00e9agit bien \u00e0 la fum\u00e9e r\u00e9elle, et pas seulement via le bouton de test.<\/p>\n<p data-start=\"685\" data-end=\"954\">Le Solo A5 g\u00e9n\u00e8re un a\u00e9rosol de fum\u00e9e contr\u00f4l\u00e9 qui active de mani\u00e8re fiable les d\u00e9tecteurs de fum\u00e9e optiques et ionisants.<\/p>\n<h2 data-start=\"956\" data-end=\"998\">Sans danger pour les utilisateurs et les d\u00e9tecteurs<\/h2>\n<p data-start=\"1000\" data-end=\"1219\">Contrairement aux a\u00e9rosols plus simples, Solo A5 est test\u00e9 et approuv\u00e9 par les principaux fabricants de d\u00e9tecteurs de fum\u00e9e.<\/p>\n<p data-start=\"1000\" data-end=\"1219\">La formule est adapt\u00e9e aux plastiques et mat\u00e9riaux utilis\u00e9s dans les d\u00e9tecteurs modernes, ce qui minimise les risques de\u00a0:<\/p>\n<ul data-start=\"1221\" data-end=\"1331\">\n<li data-start=\"1221\" data-end=\"1255\">\n<p data-start=\"1223\" data-end=\"1255\">Fissures de tension dans les rev\u00eatements en plastique<\/p>\n<\/li>\n<li data-start=\"1256\" data-end=\"1297\">\n<p data-start=\"1258\" data-end=\"1297\">Rev\u00eatements ou r\u00e9sidus sur les capteurs<\/p>\n<\/li>\n<li data-start=\"1298\" data-end=\"1331\">\n<p data-start=\"1300\" data-end=\"1331\">Fonction alt\u00e9r\u00e9e apr\u00e8s le test<\/p>\n<\/li>\n<\/ul>\n<p data-start=\"1333\" data-end=\"1415\">Ce produit est certifi\u00e9 UL et r\u00e9pond aux exigences actuelles de l&#039;industrie en mati\u00e8re de tests de s\u00e9curit\u00e9.<\/p>\n<h2 data-start=\"1417\" data-end=\"1450\">Solution \u00e9conomique et efficace<\/h2>\n<p data-start=\"1452\" data-end=\"1564\">Un flacon de Solo A5 suffit pour plus de 400 tests, ce qui repr\u00e9sente un faible co\u00fbt par test et le rend particuli\u00e8rement adapt\u00e9 pour\u00a0:<\/p>\n<ul data-start=\"1566\" data-end=\"1701\">\n<li data-start=\"1566\" data-end=\"1596\">\n<p data-start=\"1568\" data-end=\"1596\">installateurs de syst\u00e8mes d&#039;alarme incendie<\/p>\n<\/li>\n<li data-start=\"1597\" data-end=\"1631\">\n<p data-start=\"1599\" data-end=\"1631\">entreprise de services de protection contre les incendies<\/p>\n<\/li>\n<li data-start=\"1632\" data-end=\"1656\">\n<p data-start=\"1634\" data-end=\"1656\">Gestionnaire immobilier<\/p>\n<\/li>\n<li data-start=\"1657\" data-end=\"1701\">\n<p data-start=\"1659\" data-end=\"1701\">op\u00e9rations industrielles et publiques<\/p>\n<\/li>\n<\/ul>\n<h2 data-start=\"1703\" data-end=\"1722\">Important \u00e0 savoir<\/h2>\n<ul data-start=\"1724\" data-end=\"1875\">\n<li data-start=\"1724\" data-end=\"1761\">\n<p data-start=\"1726\" data-end=\"1761\">Bien agiter le flacon avant utilisation.<\/p>\n<\/li>\n<li data-start=\"1762\" data-end=\"1828\">\n<p data-start=\"1764\" data-end=\"1828\">\u00c0 utiliser avec le distributeur Solo 330 ou Solo 332<\/p>\n<\/li>\n<li data-start=\"1829\" data-end=\"1875\">\n<p data-start=\"1831\" data-end=\"1875\">Con\u00e7u pour le contr\u00f4le des fonctions professionnelles<\/p>\n<\/li>\n<\/ul>\n<p data-start=\"1877\" data-end=\"1904\">SP\u00c9CIFICATIONS TECHNIQUES :<\/p>\n<ul data-start=\"1906\" data-end=\"2238\">\n<li data-start=\"1906\" data-end=\"1949\">\n<p data-start=\"1908\" data-end=\"1949\">Produit : A\u00e9rosol de fum\u00e9e pour le test des d\u00e9tecteurs de fum\u00e9e<\/p>\n<\/li>\n<li data-start=\"1950\" data-end=\"1969\">\n<p data-start=\"1952\" data-end=\"1969\">Mod\u00e8le : Solo A5<\/p>\n<\/li>\n<li data-start=\"1970\" data-end=\"1998\">\n<p data-start=\"1972\" data-end=\"1998\">Remplace le mod\u00e8le\u00a0: Solo A3<\/p>\n<\/li>\n<li data-start=\"1999\" data-end=\"2036\">\n<p data-start=\"2001\" data-end=\"2036\">Nombre de tests\u00a0: plus de 400 par flacon<\/p>\n<\/li>\n<li data-start=\"2037\" data-end=\"2085\">\n<p data-start=\"2039\" data-end=\"2085\">Distributeurs compatibles : Solo 330, Solo 332<\/p>\n<\/li>\n<li data-start=\"2086\" data-end=\"2154\">\n<p data-start=\"2088\" data-end=\"2154\">Compatibilit\u00e9 des d\u00e9tecteurs\u00a0: d\u00e9tecteurs de fum\u00e9e optiques et ionisants<\/p>\n<\/li>\n<li data-start=\"2155\" data-end=\"2187\">\n<p data-start=\"2157\" data-end=\"2187\">Certification : certifi\u00e9 UL<\/p>\n<\/li>\n<li data-start=\"2188\" data-end=\"2238\">\n<p data-start=\"2190\" data-end=\"2238\">Application : Contr\u00f4le fonctionnel des d\u00e9tecteurs de fum\u00e9e<\/p>\n<\/li>\n<\/ul>","protected":false},"excerpt":{"rendered":"<p>Solo A5 est un a\u00e9rosol fumig\u00e8ne destin\u00e9 \u00e0 tester le fonctionnement des d\u00e9tecteurs de fum\u00e9e de mani\u00e8re s\u00fbre et efficace.<\/p>\n<p>Il est utilis\u00e9 avec le distributeur Solo 330 ou Solo 332 et est approuv\u00e9 par les principaux fabricants de d\u00e9tecteurs.<\/p>\n<p>Un seul flacon suffit pour plus de 400 tests, ce qui le rend adapt\u00e9 \u00e0 un usage professionnel.<\/p>","protected":false},"featured_media":156260,"template":"","meta":{"_acf_changed":false},"product_brand":[],"product_cat":[1764,2943],"product_tag":[],"class_list":{"0":"post-83043","1":"product","2":"type-product","3":"status-publish","4":"has-post-thumbnail","6":"product_cat-professionella-verktyg-for-prov-och-underhall","7":"product_cat-provgas-testgas-rokdetektorer","8":"product_shipping_class-postnord-varubrev","9":"pa_brands-solo","10":"tm-no-options","12":"first","13":"instock","14":"sale","15":"featured","16":"taxable","17":"shipping-taxable","18":"purchasable","19":"product-type-simple"},"acf":[],"_links":{"self":[{"href":"https:\/\/secureus.se\/fr\/wp-json\/wp\/v2\/product\/83043","targetHints":{"allow":["GET"]}}],"collection":[{"href":"https:\/\/secureus.se\/fr\/wp-json\/wp\/v2\/product"}],"about":[{"href":"https:\/\/secureus.se\/fr\/wp-json\/wp\/v2\/types\/product"}],"wp:featuredmedia":[{"embeddable":true,"href":"https:\/\/secureus.se\/fr\/wp-json\/wp\/v2\/media\/156260"}],"wp:attachment":[{"href":"https:\/\/secureus.se\/fr\/wp-json\/wp\/v2\/media?parent=83043"}],"wp:term":[{"taxonomy":"product_brand","embeddable":true,"href":"https:\/\/secureus.se\/fr\/wp-json\/wp\/v2\/product_brand?post=83043"},{"taxonomy":"product_cat","embeddable":true,"href":"https:\/\/secureus.se\/fr\/wp-json\/wp\/v2\/product_cat?post=83043"},{"taxonomy":"product_tag","embeddable":true,"href":"https:\/\/secureus.se\/fr\/wp-json\/wp\/v2\/product_tag?post=83043"}],"curies":[{"name":"wp","href":"https:\/\/api.w.org\/{rel}","templated":true}]}}