{"id":83088,"date":"2023-09-12T10:50:44","date_gmt":"2023-09-12T08:50:44","guid":{"rendered":"https:\/\/secureus.se\/produkt\/detectortesters-ts3-testifire-smoke-capsules-6-pack\/"},"modified":"2026-03-27T10:30:07","modified_gmt":"2026-03-27T09:30:07","slug":"detectortesters-ts3-testifire-smoke-capsules-6-pack","status":"publish","type":"product","link":"https:\/\/secureus.se\/fr\/detectortesters-ts3-testifire-smoke-capsules-6-pack\/","title":{"rendered":"Detectortesters TS3 Testifire Capsule de fum\u00e9e, 1 paquet"},"content":{"rendered":"<h1>Detectortesters TS3 Testifire Capsule de fum\u00e9e, 1 paquet<\/h1>\n<h2 data-start=\"332\" data-end=\"389\">Capsule de fum\u00e9e de rechange pour test professionnel de d\u00e9tecteur de fum\u00e9e<\/h2>\n<p data-start=\"391\" data-end=\"694\">La capsule de fum\u00e9e Detectortesters TS3 Testifire est une cartouche de fum\u00e9e con\u00e7ue pour tester de mani\u00e8re pr\u00e9cise et s\u00fbre le fonctionnement des d\u00e9tecteurs de fum\u00e9e.<\/p>\n<p data-start=\"391\" data-end=\"694\">La cartouche est utilis\u00e9e avec les outils de test Testifire 1001 et Testifire 2001 et g\u00e9n\u00e8re une quantit\u00e9 d\u00e9finie de fum\u00e9e de test qui garantit que le d\u00e9tecteur r\u00e9agit correctement.<\/p>\n<p data-start=\"696\" data-end=\"878\">Lors de l&#039;installation, de l&#039;entretien ou des op\u00e9rations de maintenance r\u00e9currentes, il est crucial de v\u00e9rifier que le d\u00e9tecteur de fum\u00e9e s&#039;active effectivement lorsqu&#039;il est expos\u00e9 \u00e0 la fum\u00e9e \u2013 et pas seulement via un bouton de test ou une simulation.<\/p>\n<h2 data-start=\"880\" data-end=\"919\">Production de fum\u00e9e contr\u00f4l\u00e9e et s\u00fbre<\/h2>\n<p data-start=\"921\" data-end=\"1083\">La cartouche TS3 produit une fum\u00e9e de test r\u00e9aliste qui active efficacement les d\u00e9tecteurs de fum\u00e9e optiques et autres types de d\u00e9tecteurs lorsqu&#039;elle est utilis\u00e9e dans les unit\u00e9s Testifire compatibles.<\/p>\n<p data-start=\"1085\" data-end=\"1094\">Avantages :<\/p>\n<ul data-start=\"1096\" data-end=\"1306\">\n<li data-start=\"1096\" data-end=\"1164\">\n<p data-start=\"1098\" data-end=\"1164\">Fournit une fum\u00e9e contr\u00f4l\u00e9e et reproductible pour des tests fiables<\/p>\n<\/li>\n<li data-start=\"1165\" data-end=\"1209\">\n<p data-start=\"1167\" data-end=\"1209\">Utilisation s\u00fbre sans risque d&#039;incendie r\u00e9el<\/p>\n<\/li>\n<li data-start=\"1210\" data-end=\"1253\">\n<p data-start=\"1212\" data-end=\"1253\">Ne laisse aucun r\u00e9sidu nocif dans le d\u00e9tecteur<\/p>\n<\/li>\n<li data-start=\"1254\" data-end=\"1306\">\n<p data-start=\"1256\" data-end=\"1306\">N&#039;affecte pas le fonctionnement du d\u00e9tecteur apr\u00e8s le test<\/p>\n<\/li>\n<\/ul>\n<p data-start=\"1308\" data-end=\"1400\">Une fois le test termin\u00e9, la fum\u00e9e est \u00e9vacu\u00e9e sans provoquer de d\u00e9p\u00f4ts ni de contamination.<\/p>\n<h2 data-start=\"1402\" data-end=\"1443\">Pour l&#039;installation et la maintenance continue<\/h2>\n<p data-start=\"1445\" data-end=\"1464\">TS3 convient pour :<\/p>\n<ul data-start=\"1466\" data-end=\"1637\">\n<li data-start=\"1466\" data-end=\"1506\">\n<p data-start=\"1468\" data-end=\"1506\">Tests fonctionnels lors de la nouvelle installation<\/p>\n<\/li>\n<li data-start=\"1507\" data-end=\"1540\">\n<p data-start=\"1509\" data-end=\"1540\">Service annuel ou p\u00e9riodique<\/p>\n<\/li>\n<li data-start=\"1541\" data-end=\"1597\">\n<p data-start=\"1543\" data-end=\"1597\">Auto-inspection des propri\u00e9t\u00e9s r\u00e9sidentielles et commerciales<\/p>\n<\/li>\n<li data-start=\"1598\" data-end=\"1637\">\n<p data-start=\"1600\" data-end=\"1637\">environnements industriels et publics<\/p>\n<\/li>\n<\/ul>\n<p data-start=\"1639\" data-end=\"1718\">Le produit est disponible en paquets de 1 et de 3, ce qui offre une flexibilit\u00e9 en fonction des besoins.<\/p>\n<p data-start=\"1720\" data-end=\"1747\">SP\u00c9CIFICATIONS TECHNIQUES :<\/p>\n<ul data-start=\"1749\" data-end=\"2060\">\n<li data-start=\"1749\" data-end=\"1784\">\n<p data-start=\"1751\" data-end=\"1784\">Produit : Cartouche \u00e0 fumer \/ cartouche \u00e0 fumer<\/p>\n<\/li>\n<li data-start=\"1785\" data-end=\"1804\">\n<p data-start=\"1787\" data-end=\"1804\">Mod\u00e8le : TS3-001<\/p>\n<\/li>\n<li data-start=\"1805\" data-end=\"1821\">\n<p data-start=\"1807\" data-end=\"1821\">Couleur: Argent<\/p>\n<\/li>\n<li data-start=\"1822\" data-end=\"1878\">\n<p data-start=\"1824\" data-end=\"1878\">Fonction : G\u00e9n\u00e9ration de fum\u00e9e de test pour les essais de d\u00e9tecteurs de fum\u00e9e<\/p>\n<\/li>\n<li data-start=\"1879\" data-end=\"1929\">\n<p data-start=\"1881\" data-end=\"1929\">Utilis\u00e9 avec : Testifire 1001 et Testifire 2001<\/p>\n<\/li>\n<li data-start=\"1930\" data-end=\"1981\">\n<p data-start=\"1932\" data-end=\"1981\">Compatibilit\u00e9 : D\u00e9tecteurs de fum\u00e9e optiques et autres<\/p>\n<\/li>\n<li data-start=\"1982\" data-end=\"2009\">\n<p data-start=\"1984\" data-end=\"2009\">R\u00e9sidus apr\u00e8s test\u00a0: Aucun<\/p>\n<\/li>\n<li data-start=\"2010\" data-end=\"2060\">\n<p data-start=\"2012\" data-end=\"2060\">S\u00e9curit\u00e9 : Production de fum\u00e9e contr\u00f4l\u00e9e et s\u00fbre<\/p>\n<\/li>\n<\/ul>","protected":false},"excerpt":{"rendered":"<p>La capsule de fum\u00e9e Detectortesters TS3 Testifire est une capsule de fum\u00e9e de remplacement pour les tests fonctionnels des d\u00e9tecteurs de fum\u00e9e.<\/p>\n<p>Il est utilis\u00e9 en conjonction avec les Testifire 1001 et 2001 pour g\u00e9n\u00e9rer une fum\u00e9e de test contr\u00f4l\u00e9e.<\/p>\n<p>Une solution s\u00fbre et fiable pour les installateurs, les techniciens de maintenance et les propri\u00e9taires immobiliers.<\/p>\n<div id=\"gtx-trans\" style=\"position: absolute;left: 313px;top: 38px\">\n<div class=\"gtx-trans-icon\"><\/div>\n<\/div>","protected":false},"featured_media":139856,"template":"","meta":{"_acf_changed":false},"product_brand":[],"product_cat":[2946,3848],"product_tag":[2948],"class_list":{"0":"post-83088","1":"product","2":"type-product","3":"status-publish","4":"has-post-thumbnail","6":"product_cat-testifire","7":"product_cat-testifire-kit","8":"product_tag-rokgastestare-testfire","9":"product_shipping_class-tunga-paket","10":"pa_brands-testifire","11":"tm-no-options","13":"first","14":"instock","15":"sale","16":"taxable","17":"shipping-taxable","18":"purchasable","19":"product-type-simple"},"acf":[],"_links":{"self":[{"href":"https:\/\/secureus.se\/fr\/wp-json\/wp\/v2\/product\/83088","targetHints":{"allow":["GET"]}}],"collection":[{"href":"https:\/\/secureus.se\/fr\/wp-json\/wp\/v2\/product"}],"about":[{"href":"https:\/\/secureus.se\/fr\/wp-json\/wp\/v2\/types\/product"}],"wp:featuredmedia":[{"embeddable":true,"href":"https:\/\/secureus.se\/fr\/wp-json\/wp\/v2\/media\/139856"}],"wp:attachment":[{"href":"https:\/\/secureus.se\/fr\/wp-json\/wp\/v2\/media?parent=83088"}],"wp:term":[{"taxonomy":"product_brand","embeddable":true,"href":"https:\/\/secureus.se\/fr\/wp-json\/wp\/v2\/product_brand?post=83088"},{"taxonomy":"product_cat","embeddable":true,"href":"https:\/\/secureus.se\/fr\/wp-json\/wp\/v2\/product_cat?post=83088"},{"taxonomy":"product_tag","embeddable":true,"href":"https:\/\/secureus.se\/fr\/wp-json\/wp\/v2\/product_tag?post=83088"}],"curies":[{"name":"wp","href":"https:\/\/api.w.org\/{rel}","templated":true}]}}