{"id":83114,"date":"2023-09-13T15:18:29","date_gmt":"2023-09-13T13:18:29","guid":{"rendered":"https:\/\/secureus.se\/?post_type=product&#038;p=83114"},"modified":"2026-03-31T12:06:05","modified_gmt":"2026-03-31T10:06:05","slug":"kontrolljournal-sakerhet","status":"publish","type":"product","link":"https:\/\/secureus.se\/fr\/kontrolljournal-sakerhet\/","title":{"rendered":"LISTE DE CONTR\u00d4LE S\u00c9CURIT\u00c9"},"content":{"rendered":"<p>Des enregistrements de contr\u00f4le sont requis dans la plupart des installations de s\u00e9curit\u00e9. Le journal de contr\u00f4le doit contenir des informations sur les propri\u00e9taires des installations, les gestionnaires des installations, les entreprises de construction, etc. D&#039;autres informations telles que le type d&#039;appareil central, les batteries, les emplacements et l&#039;heure de mise en service, etc. doivent \u00e9galement \u00eatre incluses. Des extraits des r\u00e8gles de l&#039;Association su\u00e9doise de protection contre le vol SSF 130, annexes A et B, ainsi que de la loi sur l&#039;alarme SFS n\u00b0\u00a0: 1983\u00a0:\u00a01097 sont inclus. Les obligations et les droits du propri\u00e9taire de l&#039;installation sont r\u00e9glement\u00e9s ici. Pendant la dur\u00e9e de vie de l&#039;installation, tous les \u00e9v\u00e9nements tels que les tests, les alarmes d\u00e9clench\u00e9es, les d\u00e9connexions, les signaux d&#039;erreur, l&#039;entretien, les inspections, etc. doivent \u00eatre enregistr\u00e9s. Le journal de contr\u00f4le doit \u00eatre conserv\u00e9 dans ou \u00e0 proximit\u00e9 de l&#039;\u00e9quipement central.<\/p>","protected":false},"excerpt":{"rendered":"<p>Kontrolljournal kr\u00e4vs i de flesta s\u00e4kerhetsanl\u00e4ggningar. Kontrolljournalen ska inneh\u00e5lla uppgifter om anl\u00e4ggnings\u00e4gare, anl\u00e4ggningssk\u00f6tare, anl\u00e4ggar-firma mm. Andra uppgifter som typ av centralapparat, batterier, placeringar samt tidpunkt f\u00f6r drifts\u00e4ttning mm ska ocks\u00e5<\/p>","protected":false},"featured_media":139988,"template":"","meta":{"_acf_changed":false},"product_brand":[],"product_cat":[2950],"product_tag":[],"class_list":{"0":"post-83114","1":"product","2":"type-product","3":"status-publish","4":"has-post-thumbnail","6":"product_cat-or-skap-sakerhet","7":"product_shipping_class-postnord-varubrev","8":"tm-no-options","10":"first","11":"instock","12":"sale","13":"taxable","14":"shipping-taxable","15":"purchasable","16":"product-type-simple"},"acf":[],"_links":{"self":[{"href":"https:\/\/secureus.se\/fr\/wp-json\/wp\/v2\/product\/83114","targetHints":{"allow":["GET"]}}],"collection":[{"href":"https:\/\/secureus.se\/fr\/wp-json\/wp\/v2\/product"}],"about":[{"href":"https:\/\/secureus.se\/fr\/wp-json\/wp\/v2\/types\/product"}],"wp:featuredmedia":[{"embeddable":true,"href":"https:\/\/secureus.se\/fr\/wp-json\/wp\/v2\/media\/139988"}],"wp:attachment":[{"href":"https:\/\/secureus.se\/fr\/wp-json\/wp\/v2\/media?parent=83114"}],"wp:term":[{"taxonomy":"product_brand","embeddable":true,"href":"https:\/\/secureus.se\/fr\/wp-json\/wp\/v2\/product_brand?post=83114"},{"taxonomy":"product_cat","embeddable":true,"href":"https:\/\/secureus.se\/fr\/wp-json\/wp\/v2\/product_cat?post=83114"},{"taxonomy":"product_tag","embeddable":true,"href":"https:\/\/secureus.se\/fr\/wp-json\/wp\/v2\/product_tag?post=83114"}],"curies":[{"name":"wp","href":"https:\/\/api.w.org\/{rel}","templated":true}]}}