{"id":83118,"date":"2023-09-13T15:36:52","date_gmt":"2023-09-13T13:36:52","guid":{"rendered":"https:\/\/secureus.se\/?post_type=product&#038;p=83118"},"modified":"2026-03-26T11:37:08","modified_gmt":"2026-03-26T10:37:08","slug":"or-skap-med-plats-for-bft","status":"publish","type":"product","link":"https:\/\/secureus.se\/fr\/or-skap-med-plats-for-bft\/","title":{"rendered":"OU ARMOIRE AVEC PLACE POUR BFT"},"content":{"rendered":"<p>Armoire avec espace pour BFT et dessins d&#039;orientation dans classeur A4. La trappe est \u00e9quip\u00e9e d&#039;une fen\u00eatre en plexiglas et d&#039;une serrure pompier qui peut \u00eatre ouverte avec une cl\u00e9 pompier. Knockouts pour p\u00e9n\u00e9trations ascendantes. Dimensions (HxLxP) : 465x360x115 mm. Poids : 4,2 kg. Couleur : Gris anthracite RAL 7016.<\/p>\n<p>&nbsp;<\/p>","protected":false},"excerpt":{"rendered":"<p><span data-teams=\"true\">Ces armoires sont livr\u00e9es sans cl\u00e9 et si vous en avez besoin, vous devez l&#039;acheter s\u00e9par\u00e9ment.<\/span><\/p>","protected":false},"featured_media":140841,"template":"","meta":{"_acf_changed":false},"product_brand":[],"product_cat":[1837,3977,2950],"product_tag":[],"class_list":{"0":"post-83118","1":"product","2":"type-product","3":"status-publish","4":"has-post-thumbnail","6":"product_cat-dokumentskap","7":"product_cat-or-skap-brand-brandskydd","8":"product_cat-or-skap-sakerhet","9":"product_shipping_class-tunga-paket","10":"pa_brands-swansons","11":"tm-no-options","13":"first","14":"instock","15":"sale","16":"taxable","17":"shipping-taxable","18":"purchasable","19":"product-type-simple"},"acf":[],"_links":{"self":[{"href":"https:\/\/secureus.se\/fr\/wp-json\/wp\/v2\/product\/83118","targetHints":{"allow":["GET"]}}],"collection":[{"href":"https:\/\/secureus.se\/fr\/wp-json\/wp\/v2\/product"}],"about":[{"href":"https:\/\/secureus.se\/fr\/wp-json\/wp\/v2\/types\/product"}],"wp:featuredmedia":[{"embeddable":true,"href":"https:\/\/secureus.se\/fr\/wp-json\/wp\/v2\/media\/140841"}],"wp:attachment":[{"href":"https:\/\/secureus.se\/fr\/wp-json\/wp\/v2\/media?parent=83118"}],"wp:term":[{"taxonomy":"product_brand","embeddable":true,"href":"https:\/\/secureus.se\/fr\/wp-json\/wp\/v2\/product_brand?post=83118"},{"taxonomy":"product_cat","embeddable":true,"href":"https:\/\/secureus.se\/fr\/wp-json\/wp\/v2\/product_cat?post=83118"},{"taxonomy":"product_tag","embeddable":true,"href":"https:\/\/secureus.se\/fr\/wp-json\/wp\/v2\/product_tag?post=83118"}],"curies":[{"name":"wp","href":"https:\/\/api.w.org\/{rel}","templated":true}]}}