{"id":83398,"date":"2023-03-28T14:22:20","date_gmt":"2023-03-28T12:22:20","guid":{"rendered":"https:\/\/secureus.se\/produkt\/s65-12v-relay-base-12v-1a\/"},"modified":"2026-04-09T11:36:26","modified_gmt":"2026-04-09T09:36:26","slug":"relasockel-s65-12v","status":"publish","type":"product","link":"https:\/\/secureus.se\/fr\/relasockel-s65-12v\/","title":{"rendered":"Base de relais Apollo 45681-508APO S65 12V"},"content":{"rendered":"<p><strong>D\u00e9tecteur de fum\u00e9e optique de haute pr\u00e9cision :<\/strong> La prise relais S65 est un excellent choix pour les alarmes antivol et les alarmes incendie.<\/p>\n<p>Il est con\u00e7u pour \u00eatre utilis\u00e9 avec DSC NEO, Power Series, MAXYS et d&#039;autres alarmes antivol filaires conventionnelles.<\/p>\n<p>La chambre de d\u00e9tection optique du S65 utilise des principes de r\u00e9flexion pour d\u00e9tecter les particules de fum\u00e9e, garantissant ainsi une activation rapide et pr\u00e9cise de l&#039;alarme.<\/p>\n<p><strong>Caract\u00e9ristiques et avantages\u00a0:<\/strong><\/p>\n<ul>\n<li><strong>Utilisation flexible :<\/strong> Le cavalier sur le circuit imprim\u00e9 peut \u00eatre mont\u00e9 en position de verrouillage ou de non-verrouillage selon l&#039;application.<\/li>\n<li><strong>Qualit\u00e9:<\/strong> La couleur blanche et la lumi\u00e8re LED int\u00e9gr\u00e9e pour l&#039;indication d&#039;alarme offrent \u00e0 la fois esth\u00e9tique et fonctionnalit\u00e9.<\/li>\n<li><strong>Durabilit\u00e9:<\/strong> Con\u00e7u pour r\u00e9sister aux temp\u00e9ratures \u00e9lev\u00e9es et basses, ce qui le rend adapt\u00e9 \u00e0 divers environnements.<\/li>\n<\/ul>\n<p><strong>Sp\u00e9cification technique\u00a0:<\/strong><\/p>\n<ul>\n<li><strong>tension:<\/strong> 9 \u2013 15 V CC<\/li>\n<li><strong>Consommation d&#039;\u00e9nergie\u00a0:<\/strong> 30-50 \u03bcA \u00e0 24 V CC<\/li>\n<li><strong>Courant d&#039;alarme normal\u00a0:<\/strong>\n<ul>\n<li>10 V = 18 mA<\/li>\n<li>24 V = 52 mA<\/li>\n<\/ul>\n<\/li>\n<li><strong>Plage de temp\u00e9rature\u00a0:<\/strong> -20 \u00b0C \u00e0 +60 \u00b0C<\/li>\n<li><strong>Humidit\u00e9:<\/strong> 0% \u00e0 95%, sans condensation<\/li>\n<li><strong>Mesure:<\/strong> 100 mm de diam\u00e8tre x 25 mm de hauteur<\/li>\n<li><strong>Poids:<\/strong> 100g<\/li>\n<\/ul>\n<p>&nbsp;<\/p>","protected":false},"excerpt":{"rendered":"<p>La base relais S65 est une base relais 12 V utilis\u00e9e pour les alarmes antivol et les alarmes incendie.<\/p>\n<p>Il est compatible avec DSC PowerSeries et d&#039;autres syst\u00e8mes de s\u00e9curit\u00e9.<\/p>\n<p>Dot\u00e9 d&#039;une chambre de d\u00e9tection optique, il d\u00e9tecte efficacement la fum\u00e9e et le feu et peut \u00eatre configur\u00e9 pour des applications avec ou sans verrouillage.<\/p>\n<p>Il a une consommation de courant de 30 \u00e0 50 \u03bcA et fonctionne dans une plage de temp\u00e9rature de -20\u00b0C \u00e0 +60\u00b0C.<\/p>","protected":false},"featured_media":140931,"template":"","meta":{"_acf_changed":false},"product_brand":[],"product_cat":[4747],"product_tag":[2962,3311,3025,2704],"class_list":{"0":"post-83398","1":"product","2":"type-product","3":"status-publish","4":"has-post-thumbnail","6":"product_cat-65-serien","7":"product_tag-apollo-s65-serien","8":"product_tag-dsc-neo-svensk-manual","9":"product_tag-tradbundna-rokdetektorer-for-neo","10":"product_tag-utvalda-produkter-fran-apollo","11":"product_shipping_class-postnord-varubrev","12":"pa_brands-apollo-fire-detectors","13":"tm-has-options","15":"first","16":"instock","17":"featured","18":"taxable","19":"shipping-taxable","20":"purchasable","21":"product-type-simple"},"acf":[],"_links":{"self":[{"href":"https:\/\/secureus.se\/fr\/wp-json\/wp\/v2\/product\/83398","targetHints":{"allow":["GET"]}}],"collection":[{"href":"https:\/\/secureus.se\/fr\/wp-json\/wp\/v2\/product"}],"about":[{"href":"https:\/\/secureus.se\/fr\/wp-json\/wp\/v2\/types\/product"}],"wp:featuredmedia":[{"embeddable":true,"href":"https:\/\/secureus.se\/fr\/wp-json\/wp\/v2\/media\/140931"}],"wp:attachment":[{"href":"https:\/\/secureus.se\/fr\/wp-json\/wp\/v2\/media?parent=83398"}],"wp:term":[{"taxonomy":"product_brand","embeddable":true,"href":"https:\/\/secureus.se\/fr\/wp-json\/wp\/v2\/product_brand?post=83398"},{"taxonomy":"product_cat","embeddable":true,"href":"https:\/\/secureus.se\/fr\/wp-json\/wp\/v2\/product_cat?post=83398"},{"taxonomy":"product_tag","embeddable":true,"href":"https:\/\/secureus.se\/fr\/wp-json\/wp\/v2\/product_tag?post=83398"}],"curies":[{"name":"wp","href":"https:\/\/api.w.org\/{rel}","templated":true}]}}