{"id":83399,"date":"2023-03-23T14:52:50","date_gmt":"2023-03-23T13:52:50","guid":{"rendered":"https:\/\/secureus.se\/produkt\/s65-standard-base\/"},"modified":"2026-04-22T15:07:51","modified_gmt":"2026-04-22T13:07:51","slug":"sockel-s65-standard-bas","status":"publish","type":"product","link":"https:\/\/secureus.se\/fr\/sockel-s65-standard-bas\/","title":{"rendered":"Base standard Apollo 45681-200APO S65 pour d\u00e9tecteur de fum\u00e9e"},"content":{"rendered":"<p><strong>Installation efficace et s\u00e9curitaire de d\u00e9tecteurs de fum\u00e9e :<\/strong> La base standard Socket S65 est compatible avec le DSC NEO et le d\u00e9tecteur de fum\u00e9e 55000-317APO ainsi qu&#039;avec la s\u00e9rie Apollo S65.<\/p>\n<p>Il est con\u00e7u pour simplifier l\u2019installation des d\u00e9tecteurs de fum\u00e9e et peut \u00eatre utilis\u00e9 aussi bien dans les syst\u00e8mes d\u2019alarme que dans les syst\u00e8mes d\u2019alarme incendie.<\/p>\n<p><strong>Caract\u00e9ristiques et avantages\u00a0:<\/strong><\/p>\n<ul>\n<li><strong>Montage sans \u00e9lectricit\u00e9\u00a0:<\/strong> La base permet d&#039;installer des d\u00e9tecteurs sans connexion \u00e9lectrique, ce qui la rend id\u00e9ale pour les plafonds suspendus.<\/li>\n<li><strong>Ajustement facile\u00a0:<\/strong> Toutes les bases de la s\u00e9rie 65 s&#039;adaptent rapidement et facilement aux d\u00e9tecteurs.<\/li>\n<li><strong>M\u00e9canisme de verrouillage :<\/strong> Les d\u00e9tecteurs peuvent \u00eatre verrouill\u00e9s en place avec une vis, garantissant stabilit\u00e9 et s\u00e9curit\u00e9.<\/li>\n<li><strong>Borne pour indicateur d\u00e9port\u00e9\u00a0:<\/strong> Comprend un contact de terre et une borne pour indicateur \u00e0 distance, offrant des fonctionnalit\u00e9s suppl\u00e9mentaires.<\/li>\n<\/ul>\n<p><strong>Sp\u00e9cification technique\u00a0:<\/strong><\/p>\n<ul>\n<li><strong>tension:<\/strong> 9 \u2013 15 V CC<\/li>\n<li><strong>Temp\u00e9rature de fonctionnement :<\/strong> -20\u00b0C \u00e0 +70\u00b0C (sans condensation)<\/li>\n<li><strong>Construction:<\/strong> La base est en polycarbonate auto-extinguible et poss\u00e8de des bornes en acier galvanis\u00e9 au nickel.<\/li>\n<li><strong>Mesure:<\/strong> 100 mm de diam\u00e8tre x 25 mm de hauteur<\/li>\n<li><strong>Poids:<\/strong> 100g<\/li>\n<\/ul>","protected":false},"excerpt":{"rendered":"<p>La base standard Socket S65 est con\u00e7ue pour \u00eatre utilis\u00e9e avec le d\u00e9tecteur de fum\u00e9e DSC NEO 55000-317APO et la s\u00e9rie Apollo S65.<\/p>\n<p>Il permet d&#039;installer des d\u00e9tecteurs sans avoir besoin d&#039;alimentation, ce qui est particuli\u00e8rement utile dans les plafonds suspendus.<\/p>\n<p>La base s&#039;installe facilement et peut verrouiller le d\u00e9tecteur en place pour plus de s\u00e9curit\u00e9.<\/p>","protected":false},"featured_media":140687,"template":"","meta":{"_acf_changed":false},"product_brand":[],"product_cat":[4747],"product_tag":[2962,3311,3025,2704],"class_list":{"0":"post-83399","1":"product","2":"type-product","3":"status-publish","4":"has-post-thumbnail","6":"product_cat-65-serien","7":"product_tag-apollo-s65-serien","8":"product_tag-dsc-neo-svensk-manual","9":"product_tag-tradbundna-rokdetektorer-for-neo","10":"product_tag-utvalda-produkter-fran-apollo","11":"product_shipping_class-postnord-varubrev","12":"pa_brands-apollo-fire-detectors","13":"tm-has-options","15":"first","16":"instock","17":"sale","18":"featured","19":"taxable","20":"shipping-taxable","21":"purchasable","22":"product-type-simple"},"acf":[],"_links":{"self":[{"href":"https:\/\/secureus.se\/fr\/wp-json\/wp\/v2\/product\/83399","targetHints":{"allow":["GET"]}}],"collection":[{"href":"https:\/\/secureus.se\/fr\/wp-json\/wp\/v2\/product"}],"about":[{"href":"https:\/\/secureus.se\/fr\/wp-json\/wp\/v2\/types\/product"}],"wp:featuredmedia":[{"embeddable":true,"href":"https:\/\/secureus.se\/fr\/wp-json\/wp\/v2\/media\/140687"}],"wp:attachment":[{"href":"https:\/\/secureus.se\/fr\/wp-json\/wp\/v2\/media?parent=83399"}],"wp:term":[{"taxonomy":"product_brand","embeddable":true,"href":"https:\/\/secureus.se\/fr\/wp-json\/wp\/v2\/product_brand?post=83399"},{"taxonomy":"product_cat","embeddable":true,"href":"https:\/\/secureus.se\/fr\/wp-json\/wp\/v2\/product_cat?post=83399"},{"taxonomy":"product_tag","embeddable":true,"href":"https:\/\/secureus.se\/fr\/wp-json\/wp\/v2\/product_tag?post=83399"}],"curies":[{"name":"wp","href":"https:\/\/api.w.org\/{rel}","templated":true}]}}