{"id":83921,"date":"2023-09-27T17:59:57","date_gmt":"2023-09-27T15:59:57","guid":{"rendered":"https:\/\/secureus.se\/produkt\/eltryckeslas-820c-50-hi-o-sats\/"},"modified":"2026-04-08T15:57:52","modified_gmt":"2026-04-08T13:57:52","slug":"eltryckeslas-820c-50-hi-o-sats","status":"publish","type":"product","link":"https:\/\/secureus.se\/fr\/eltryckeslas-820c-50-hi-o-sats\/","title":{"rendered":"Serrure \u00e0 pression \u00e9lectrique 820C-50 Hi-O Set"},"content":{"rendered":"<p>ASSA ABLOY 820C-50 Hi-O est une serrure \u00e0 pression \u00e9lectrique de la s\u00e9rie Velox, adapt\u00e9e aux portes \u00e0 haute fr\u00e9quence avec ASSA modulaire ou Connecturtag. Convient comme fermeture de jour et fermeture int\u00e9rieure dans le commerce, les bureaux et l&#039;industrie ou dans les entr\u00e9es et les espaces publics des immeubles collectifs. 820C-50 est une serrure num\u00e9rique bas\u00e9e sur la technologie de bus CAN Hi-O. Hi-O signifie que les appareils disposent d&#039;un micro-ordinateur int\u00e9gr\u00e9 et communiquent entre eux pour une installation plug-and-play, la synchronisation du fonctionnement des portes, la surveillance des comportements et l&#039;envoi d&#039;informations de diagnostic. Un appareil Hi-O doit \u00eatre connect\u00e9 \u00e0 un bus Hi-O via le DAC 530\/564, alternativement \u00e0 un syst\u00e8me analogique via l&#039;I\/O BOX 350. L&#039;I\/O BOX 350 permet l&#039;installation d&#039;un verrou Hi-O num\u00e9rique. \u00e0 une installation contr\u00f4l\u00e9e par relais analogique.<\/p>\n<p><b>Le forfait comprend\u00a0:<\/b><\/p>\n<p>Bo\u00eetier de verrouillage \u00e9lectrique \u00e0 pression 820C-50, I\/O-Box350, c\u00e2ble de connexion EA226 (10 m), plaque d&#039;extr\u00e9mit\u00e9 1487-2 avec aimant, transmission par cadre EA281 et 2 pcs. broches de pression 520H 43 mm.<\/p>\n<div><b>Propri\u00e9t\u00e9s:<\/b><\/div>\n<div>\n<ul>\n<li>Fonction simple ou divis\u00e9e commutable en chute de pression.<\/li>\n<li>R\u00e8gle de menton manuelle<\/li>\n<li>Chute de pression verrouill\u00e9e<\/li>\n<li>La serrure peut toujours \u00eatre actionn\u00e9e avec une cl\u00e9\/un bouton<\/li>\n<li>Homologu\u00e9 pour montage en cellule coupe-feu limite E\/EI 120<\/li>\n<li>Certifi\u00e9 selon SSF 3522-1093, classe 2.<\/li>\n<li>Multifonctionnel<\/li>\n<li>Fonction avant\/arri\u00e8re facilement r\u00e9glable<\/li>\n<li>Piston de descente r\u00e9versible pour portes battantes \u00e0 droite ou \u00e0 gauche<\/li>\n<li>Multitension 12-24V<\/li>\n<li>Indication d&#039;\u00e9tat disponible sur le bus Hi-O et par relais sur l&#039;I\/O BOX 350 (voir fiche produit)<\/li>\n<\/ul>\n<\/div>\n<div><\/div>\n<div>\n<p><b>Fonction:<\/b><\/p>\n<ul>\n<li>La pression est activ\u00e9e \u00e9lectriquement \u00e0 l&#039;int\u00e9rieur\/\u00e0 l&#039;ext\u00e9rieur, alternativement contr\u00f4l\u00e9e \u00e9lectriquement \u00e0 l&#039;ext\u00e9rieur et connect\u00e9e m\u00e9caniquement \u00e0 l&#039;int\u00e9rieur, r\u00e9glable.<\/li>\n<li>Commande \u00e9lectrique \u00e0 l&#039;ext\u00e9rieur, connexion m\u00e9canique \u00e0 l&#039;int\u00e9rieur (broche divis\u00e9e)<\/li>\n<li>Commande \u00e9lectrique \u00e0 l&#039;ext\u00e9rieur et \u00e0 l&#039;int\u00e9rieur (broche fixe)<\/li>\n<li>Le rail \u00e0 crochets est verrouill\u00e9 et verrouill\u00e9 manuellement via un cylindre ou un bouton (fonction Privacy).<\/li>\n<\/ul>\n<\/div>","protected":false},"excerpt":{"rendered":"<h5><a href=\"https:\/\/elslutblecksguiden.se\/\" target=\"_blank\" rel=\"noopener\">Guide pour les serrures \u00e9lectriques ASSA, les serrures motoris\u00e9es, les g\u00e2ches \u00e9lectriques et le guide de remplacement<\/a><\/h5>","protected":false},"featured_media":139396,"template":"","meta":{"_acf_changed":false},"product_brand":[],"product_cat":[2429],"product_tag":[2967],"class_list":{"0":"post-83921","1":"product","2":"type-product","3":"status-publish","4":"has-post-thumbnail","6":"product_cat-ellas","7":"product_tag-rg-assa-abloy","8":"product_shipping_class-tunga-paket","9":"pa_brands-abloy","10":"tm-no-options","12":"first","13":"onbackorder","14":"sale","15":"taxable","16":"shipping-taxable","17":"purchasable","18":"product-type-simple"},"acf":[],"_links":{"self":[{"href":"https:\/\/secureus.se\/fr\/wp-json\/wp\/v2\/product\/83921","targetHints":{"allow":["GET"]}}],"collection":[{"href":"https:\/\/secureus.se\/fr\/wp-json\/wp\/v2\/product"}],"about":[{"href":"https:\/\/secureus.se\/fr\/wp-json\/wp\/v2\/types\/product"}],"wp:featuredmedia":[{"embeddable":true,"href":"https:\/\/secureus.se\/fr\/wp-json\/wp\/v2\/media\/139396"}],"wp:attachment":[{"href":"https:\/\/secureus.se\/fr\/wp-json\/wp\/v2\/media?parent=83921"}],"wp:term":[{"taxonomy":"product_brand","embeddable":true,"href":"https:\/\/secureus.se\/fr\/wp-json\/wp\/v2\/product_brand?post=83921"},{"taxonomy":"product_cat","embeddable":true,"href":"https:\/\/secureus.se\/fr\/wp-json\/wp\/v2\/product_cat?post=83921"},{"taxonomy":"product_tag","embeddable":true,"href":"https:\/\/secureus.se\/fr\/wp-json\/wp\/v2\/product_tag?post=83921"}],"curies":[{"name":"wp","href":"https:\/\/api.w.org\/{rel}","templated":true}]}}