{"id":83923,"date":"2023-09-27T17:59:55","date_gmt":"2023-09-27T15:59:55","guid":{"rendered":"https:\/\/secureus.se\/produkt\/eltryckeslas-pe580-med-kabel-ea220\/"},"modified":"2026-04-08T15:58:39","modified_gmt":"2026-04-08T13:58:39","slug":"eltryckeslas-pe580-med-kabel-ea220","status":"publish","type":"product","link":"https:\/\/secureus.se\/fr\/eltryckeslas-pe580-med-kabel-ea220\/","title":{"rendered":"Serrure \u00e0 pression \u00e9lectrique PE580 avec c\u00e2ble EA220"},"content":{"rendered":"<p><\/p>\n<div>PE 580 appartient \u00e0 une famille de serrures \u00e9lectriques \u00e0 pouss\u00e9e avec fonction de broche divis\u00e9e, adapt\u00e9es pour \u00eatre utilis\u00e9es avec la r\u00e8gle anti-panique 1141. Elle r\u00e9pond aux exigences de la norme SS-EN1125. Le PE580 est un verrou \u00e0 fonction de pression \u00e0 commande \u00e9lectrom\u00e9canique de type multifonction. De type serrure de jour et s&#039;adapte bien aux b\u00e2timents commerciaux, aux verrouillages internes et aux portes ext\u00e9rieures des immeubles d&#039;habitation. Les serrures \u00e0 fonctions divis\u00e9es combinent des fonctions m\u00e9caniques et \u00e9lectriques, ce qui permet une \u00e9vacuation anti-panique sans commande \u00e9lectrique. Le PE580 dispose de deux micro-interrupteurs int\u00e9gr\u00e9s qui indiquent la position du piston ainsi que l&#039;ouverture avec contr\u00f4le anti-panique. La serrure peut toujours \u00eatre actionn\u00e9e m\u00e9caniquement avec un cylindre ou un bouton. La serrure est automatiquement verrouill\u00e9e lorsque la porte est ferm\u00e9e.\u00a0<\/div>\n<div><b>Caract\u00e9ristiques\u00a0<\/b><\/div>\n<div>\n<ul>\n<li>Fonction de partage<\/li>\n<li>La poign\u00e9e ext\u00e9rieure est \u00e0 commande \u00e9lectrique<\/li>\n<li>Peut toujours \u00eatre ouvert de l&#039;int\u00e9rieur avec la serrure anti-panique ASSA ABLOY 1141<\/li>\n<li>La serrure peut \u00eatre command\u00e9e \u00e9lectriquement, par ex. d&#039;un syst\u00e8me d&#039;acc\u00e8s, ou d&#039;un bouton d&#039;ouverture ou d&#039;une minuterie<\/li>\n<li>Facilement r\u00e9versible droite\/gauche\u00a0<\/li>\n<li>Fonction avant\/arri\u00e8re commutable (verrouill\u00e9e ou d\u00e9verrouill\u00e9e en mode hors tension)<\/li>\n<li>La r\u00e8gle ne se d\u00e9voile que lorsque la porte est ferm\u00e9e<\/li>\n<li>Tous les c\u00e2bles sont \u00e9quip\u00e9s de connecteurs pour une installation facile avec le c\u00e2ble de connexion EA220<\/li>\n<li>Profondeur de mandrin de 50 mm\n<\/li>\n<\/ul>\n<\/div>\n<div><b>Donn\u00e9es techniques<\/b><\/div>\n<div>\n<ul>\n<li>Tension 12 \u2013 24 V DC (-10%\/+15%, personnel)<\/li>\n<li>Consommation de courant : Max : 550 mA (12 V DC), Reste : 240 mA (12 V DC)\u00a0<\/li>\n<li>Plage de temp\u00e9rature : -20 \u2013 +60\u00b0C<\/li>\n<\/ul>\n<\/div>","protected":false},"excerpt":{"rendered":"<h5><a href=\"https:\/\/elslutblecksguiden.se\/\" target=\"_blank\" rel=\"noopener\">Guide pour les serrures \u00e9lectriques ASSA, les serrures motoris\u00e9es, les g\u00e2ches \u00e9lectriques et le guide de remplacement<\/a><\/h5>","protected":false},"featured_media":139943,"template":"","meta":{"_acf_changed":false},"product_brand":[],"product_cat":[2429],"product_tag":[2967],"class_list":{"0":"post-83923","1":"product","2":"type-product","3":"status-publish","4":"has-post-thumbnail","6":"product_cat-ellas","7":"product_tag-rg-assa-abloy","8":"product_shipping_class-tunga-paket","9":"pa_brands-abloy","10":"tm-no-options","12":"first","13":"onbackorder","14":"sale","15":"taxable","16":"shipping-taxable","17":"purchasable","18":"product-type-simple"},"acf":[],"_links":{"self":[{"href":"https:\/\/secureus.se\/fr\/wp-json\/wp\/v2\/product\/83923","targetHints":{"allow":["GET"]}}],"collection":[{"href":"https:\/\/secureus.se\/fr\/wp-json\/wp\/v2\/product"}],"about":[{"href":"https:\/\/secureus.se\/fr\/wp-json\/wp\/v2\/types\/product"}],"wp:featuredmedia":[{"embeddable":true,"href":"https:\/\/secureus.se\/fr\/wp-json\/wp\/v2\/media\/139943"}],"wp:attachment":[{"href":"https:\/\/secureus.se\/fr\/wp-json\/wp\/v2\/media?parent=83923"}],"wp:term":[{"taxonomy":"product_brand","embeddable":true,"href":"https:\/\/secureus.se\/fr\/wp-json\/wp\/v2\/product_brand?post=83923"},{"taxonomy":"product_cat","embeddable":true,"href":"https:\/\/secureus.se\/fr\/wp-json\/wp\/v2\/product_cat?post=83923"},{"taxonomy":"product_tag","embeddable":true,"href":"https:\/\/secureus.se\/fr\/wp-json\/wp\/v2\/product_tag?post=83923"}],"curies":[{"name":"wp","href":"https:\/\/api.w.org\/{rel}","templated":true}]}}