{"id":83925,"date":"2023-09-27T17:59:53","date_gmt":"2023-09-27T15:59:53","guid":{"rendered":"https:\/\/secureus.se\/produkt\/eltryckeslas-815c-50-hi-o-sats\/"},"modified":"2026-04-08T15:58:44","modified_gmt":"2026-04-08T13:58:44","slug":"eltryckeslas-815c-50-hi-o-sats","status":"publish","type":"product","link":"https:\/\/secureus.se\/fr\/eltryckeslas-815c-50-hi-o-sats\/","title":{"rendered":"Serrure \u00e0 pression \u00e9lectrique 815C-50 Hi-O Kit"},"content":{"rendered":"<p>ASSA ABLOY 815C-50 Hi-O est une serrure \u00e0 pression \u00e9lectrique de la s\u00e9rie Velox, adapt\u00e9e aux portes \u00e0 haute fr\u00e9quence avec ASSA modulaire ou Connecturtag. S&#039;adapte bien comme serrure de jour<\/p>\n<div>et le verrouillage interne dans le commerce, les bureaux et l&#039;industrie ou dans les entr\u00e9es et les espaces publics des immeubles multifamiliaux. Certifi\u00e9 selon SS-EN 179, qui permet une installation dans une voie d&#039;\u00e9vacuation. 815C-50 est une serrure num\u00e9rique bas\u00e9e sur la technologie de bus CAN Hi-O. Hi-O signifie que les appareils disposent d&#039;un micro-ordinateur int\u00e9gr\u00e9 et communiquent entre eux pour une installation plug-and-play, la synchronisation du fonctionnement des portes, la surveillance des comportements et l&#039;envoi d&#039;informations de diagnostic. Un appareil Hi-O doit \u00eatre connect\u00e9 \u00e0 un bus Hi-O via le DAC 530\/564, alternativement \u00e0 un syst\u00e8me analogique via l&#039;I\/O BOX 350. L&#039;I\/O BOX 350 permet l&#039;installation d&#039;un verrou Hi-O num\u00e9rique. \u00e0 une installation contr\u00f4l\u00e9e par relais analogique.<\/div>\n<div>\n<p><b>Le forfait comprend\u00a0:<\/b><br \/>\nBo\u00eetier de verrouillage \u00e9lectrique \u00e0 pression 815C-50, I\/O-Box350, c\u00e2ble de connexion EA226 (10 m), plaque d&#039;extr\u00e9mit\u00e9 1487-2 avec aimant, transmission par cadre EA281 et 2 pcs. broches de pression 520H 43 mm.<\/p>\n<div><b>Propri\u00e9t\u00e9s:<\/b><\/div>\n<div>\n<ul>\n<li>Fonction Split, commande \u00e9lectrique \u00e0 l&#039;ext\u00e9rieur, connexion m\u00e9canique \u00e0 l&#039;int\u00e9rieur (broche divis\u00e9e)<\/li>\n<li>C\u00f4t\u00e9 \u00e0 commande \u00e9lectrique\/m\u00e9canique facilement commutable<\/li>\n<li>Fonction avant\/arri\u00e8re facilement r\u00e9glable<\/li>\n<li>Piston de descente r\u00e9versible pour portes battantes \u00e0 droite ou \u00e0 gauche<\/li>\n<li>Chute de pression verrouill\u00e9e<\/li>\n<li>La serrure peut toujours \u00eatre actionn\u00e9e avec une cl\u00e9\/un bouton<\/li>\n<li>Homologu\u00e9 pour montage en cellule coupe-feu limite E\/EI 120<\/li>\n<li>Certifi\u00e9 selon SSF 3522-1093, classe 1 et SS-EN 179<\/li>\n<li>Approuv\u00e9 pour \u00eatre combin\u00e9 avec le raccord d&#039;\u00e9vacuation d&#039;urgence 179J<\/li>\n<li>La fonction de r\u00e9occupation peut \u00eatre activ\u00e9e via I\/O BOX 350 avec signal d&#039;\u00e9vacuation\/alarme incendie<\/li>\n<li>Multifonctionnel<\/li>\n<li>Multitension 12-24V<\/li>\n<li>Indication d&#039;\u00e9tat disponible sur le bus Hi-O et par relais sur l&#039;I\/O BOX 350 (voir fiche produit)<\/li>\n<\/ul>\n<\/div>\n<div><\/div>\n<div>\n<p><b>Fonction:<\/b><\/p>\n<ul>\n<li>La pression est activ\u00e9e par commande \u00e9lectrique de l&#039;ext\u00e9rieur et est contr\u00f4l\u00e9e m\u00e9caniquement de l&#039;int\u00e9rieur, celle-ci est ensuite utilis\u00e9e pour ouvrir la porte.<\/li>\n<li>La pression \u00e0 l&#039;ext\u00e9rieur est activ\u00e9e \u00e9lectriquement via un signal provenant d&#039;un syst\u00e8me d&#039;acc\u00e8s, d&#039;une serrure \u00e0 code ou similaire.<\/li>\n<li>La pression \u00e0 l\u2019int\u00e9rieur est connect\u00e9e m\u00e9caniquement, il n\u2019est donc pas n\u00e9cessaire de connecter un bouton-poussoir.<\/li>\n<li>La fonction de commande \u00e9lectrique peut \u00eatre r\u00e9gl\u00e9e de droite\/gauche, entr\u00e9e\/sortie.<\/li>\n<\/ul>\n<\/div>\n<\/div>","protected":false},"excerpt":{"rendered":"<h5><a href=\"https:\/\/elslutblecksguiden.se\/\" target=\"_blank\" rel=\"noopener\">Guide pour les serrures \u00e9lectriques ASSA, les serrures motoris\u00e9es, les g\u00e2ches \u00e9lectriques et le guide de remplacement<\/a><\/h5>","protected":false},"featured_media":139535,"template":"","meta":{"_acf_changed":false},"product_brand":[],"product_cat":[2429],"product_tag":[4424,2967],"class_list":{"0":"post-83925","1":"product","2":"type-product","3":"status-publish","4":"has-post-thumbnail","6":"product_cat-ellas","7":"product_tag-eltryckeslas-815","8":"product_tag-rg-assa-abloy","9":"product_shipping_class-tunga-paket","10":"pa_brands-abloy","11":"tm-no-options","13":"first","14":"instock","15":"sale","16":"taxable","17":"shipping-taxable","18":"purchasable","19":"product-type-simple"},"acf":[],"_links":{"self":[{"href":"https:\/\/secureus.se\/fr\/wp-json\/wp\/v2\/product\/83925","targetHints":{"allow":["GET"]}}],"collection":[{"href":"https:\/\/secureus.se\/fr\/wp-json\/wp\/v2\/product"}],"about":[{"href":"https:\/\/secureus.se\/fr\/wp-json\/wp\/v2\/types\/product"}],"wp:featuredmedia":[{"embeddable":true,"href":"https:\/\/secureus.se\/fr\/wp-json\/wp\/v2\/media\/139535"}],"wp:attachment":[{"href":"https:\/\/secureus.se\/fr\/wp-json\/wp\/v2\/media?parent=83925"}],"wp:term":[{"taxonomy":"product_brand","embeddable":true,"href":"https:\/\/secureus.se\/fr\/wp-json\/wp\/v2\/product_brand?post=83925"},{"taxonomy":"product_cat","embeddable":true,"href":"https:\/\/secureus.se\/fr\/wp-json\/wp\/v2\/product_cat?post=83925"},{"taxonomy":"product_tag","embeddable":true,"href":"https:\/\/secureus.se\/fr\/wp-json\/wp\/v2\/product_tag?post=83925"}],"curies":[{"name":"wp","href":"https:\/\/api.w.org\/{rel}","templated":true}]}}